{"id":3362,"date":"2022-11-02T21:14:35","date_gmt":"2022-11-03T03:14:35","guid":{"rendered":"https:\/\/vitaminaselsalvador.net\/?post_type=product&#038;p=3362"},"modified":"2025-11-15T10:06:23","modified_gmt":"2025-11-15T16:06:23","slug":"calciokem-d-2-pack-mejora-tu-bienestar-oseo-en-vitaglobe-tu-salud-sin-fronteras","status":"publish","type":"product","link":"https:\/\/vitaminaselsalvador.net\/index.php\/product\/calciokem-d-2-pack-mejora-tu-bienestar-oseo-en-vitaglobe-tu-salud-sin-fronteras\/","title":{"rendered":"CALCIOKEM D 2 Pack mejora tu bienestar \u00f3seo en VitaGlobe Tu salud sin fronteras"},"content":{"rendered":"<div style=\"color:black;font-family: Arial, sans-serif\">\n\u00a1Bienvenido a <strong>VitaGlobe &#8211; Tu salud, sin fronteras<\/strong>! \ud83c\udf0e\ud83d\udc99<\/p>\n<p>Descubre el <strong>CALCIOKEM D 2 Pack<\/strong>, la mejor opci\u00f3n para quienes buscan fortalecer su salud diariamente. Este suplemento contiene <strong>calcio<\/strong> y <strong>vitamina D<\/strong>, ayudando a mantener tus niveles adecuados de estos nutrientes esenciales.<\/p>\n<p>Cada empaque incluye <strong>2 frascos<\/strong>, brind\u00e1ndote mayor comodidad y duraci\u00f3n para tu rutina de bienestar. <strong>CALCIOKEM D<\/strong> es ideal si buscas complementar tu alimentaci\u00f3n con una fuente confiable de calcio y vitamina D en un solo producto.<\/p>\n<p>Conf\u00eda en VitaGlobe, donde \u201c<strong>Conectando salud con el mundo<\/strong>\u201d es m\u00e1s que un lema, es nuestro compromiso de acercarte productos de calidad para tu d\u00eda a d\u00eda. Haz tu pedido hoy y sigue cuidando de ti y los tuyos.\u2728<\/p>\n<p><strong>\u00a1Tu salud, sin fronteras comienza aqu\u00ed!<\/strong>\n<\/div>\n","protected":false},"excerpt":{"rendered":"<div style=\"color:black;font-family: Arial, sans-serif\">\nDisfruta del <strong>CALCIOKEM D 2 Pack<\/strong> \ud83e\uddb4, una soluci\u00f3n ideal para quienes buscan cuidar sus necesidades diarias. <strong>VitaGlobe<\/strong> te acerca este producto pr\u00e1ctico para sumar bienestar a tu rutina. Perfecto para mantener un estilo de vida saludable en cualquier momento y lugar \ud83c\udf0e.<\/p>\n<p style=\"color:red;font-weight:bold;font-style:italic;font-size:1.1em\">\u00a1Haz tu pedido ahora y lleva salud donde vayas!<\/p>\n<\/div>\n","protected":false},"featured_media":3408,"comment_status":"closed","ping_status":"closed","template":"","meta":{"_kad_post_transparent":"","_kad_post_title":"","_kad_post_layout":"","_kad_post_sidebar_id":"","_kad_post_content_style":"","_kad_post_vertical_padding":"","_kad_post_feature":"","_kad_post_feature_position":"","_kad_post_header":false,"_kad_post_footer":false},"product_brand":[],"product_cat":[250,443,379,98],"product_tag":[780,781,782,783,784,785,786,787],"class_list":{"0":"post-3362","1":"product","2":"type-product","3":"status-publish","4":"has-post-thumbnail","6":"product_cat-capsulas","7":"product_cat-laboratorios-medikem","8":"product_cat-vitaminas","9":"product_cat-vitaminas-y-suplementos","10":"product_tag-calciokem-d","11":"product_tag-crecimiento","12":"product_tag-fijacion-del-calcio","13":"product_tag-gestacion","14":"product_tag-lactancia","15":"product_tag-osteoporosis","16":"product_tag-raquitismo","17":"product_tag-vitamina-d3","19":"first","20":"instock","21":"shipping-taxable","22":"purchasable","23":"product-type-simple","24":"entry","25":"content-bg","26":"loop-entry"},"_links":{"self":[{"href":"https:\/\/vitaminaselsalvador.net\/index.php\/wp-json\/wp\/v2\/product\/3362","targetHints":{"allow":["GET"]}}],"collection":[{"href":"https:\/\/vitaminaselsalvador.net\/index.php\/wp-json\/wp\/v2\/product"}],"about":[{"href":"https:\/\/vitaminaselsalvador.net\/index.php\/wp-json\/wp\/v2\/types\/product"}],"replies":[{"embeddable":true,"href":"https:\/\/vitaminaselsalvador.net\/index.php\/wp-json\/wp\/v2\/comments?post=3362"}],"wp:featuredmedia":[{"embeddable":true,"href":"https:\/\/vitaminaselsalvador.net\/index.php\/wp-json\/wp\/v2\/media\/3408"}],"wp:attachment":[{"href":"https:\/\/vitaminaselsalvador.net\/index.php\/wp-json\/wp\/v2\/media?parent=3362"}],"wp:term":[{"taxonomy":"product_brand","embeddable":true,"href":"https:\/\/vitaminaselsalvador.net\/index.php\/wp-json\/wp\/v2\/product_brand?post=3362"},{"taxonomy":"product_cat","embeddable":true,"href":"https:\/\/vitaminaselsalvador.net\/index.php\/wp-json\/wp\/v2\/product_cat?post=3362"},{"taxonomy":"product_tag","embeddable":true,"href":"https:\/\/vitaminaselsalvador.net\/index.php\/wp-json\/wp\/v2\/product_tag?post=3362"}],"curies":[{"name":"wp","href":"https:\/\/api.w.org\/{rel}","templated":true}]}}