{"id":3360,"date":"2022-11-02T21:14:35","date_gmt":"2022-11-03T03:14:35","guid":{"rendered":"https:\/\/vitaminaselsalvador.net\/?post_type=product&#038;p=3360"},"modified":"2025-11-12T10:06:23","modified_gmt":"2025-11-12T16:06:23","slug":"loratadina-de-saimed-100-tabletas-alivia-alergias-rapido-y-eficazmente-respira-tranquilo-siempre","status":"publish","type":"product","link":"https:\/\/vitaminaselsalvador.net\/index.php\/product\/loratadina-de-saimed-100-tabletas-alivia-alergias-rapido-y-eficazmente-respira-tranquilo-siempre\/","title":{"rendered":"Loratadina de Saimed 100 tabletas alivia alergias r\u00e1pido y eficazmente, respira tranquilo siempre"},"content":{"rendered":"<div style=\"color:black;font-family: Arial, sans-serif\">\n<strong>Loratadina de Saimed 100 tabletas<\/strong> es la opci\u00f3n ideal para quienes buscan alivio confiable contra las alergias. Su f\u00f3rmula est\u00e1 dise\u00f1ada para actuar de forma r\u00e1pida y eficaz, ayud\u00e1ndote a <strong>disfrutar tu bienestar sin interrupciones<\/strong> provocadas por molestias al\u00e9rgicas.<\/p>\n<p>En <strong>VitaGlobe &#8211; Tu salud, sin fronteras<\/strong>, sabemos lo importante que es sentirte bien todos los d\u00edas. Por eso, te acercamos <strong>Loratadina Saimed<\/strong>, para que <strong>recuperes tu calidad de vida<\/strong> y mantengas tus actividades cotidianas sin preocupaciones. \ud83c\udf0d\ud83d\udc8a<\/p>\n<p><strong>Caracter\u00edsticas:<\/strong><\/p>\n<ul>\n<li>Alivio r\u00e1pido y eficaz de los s\u00edntomas de alergias.<\/li>\n<li>Presentaci\u00f3n con 100 tabletas, ideal para uso prolongado.<\/li>\n<\/ul>\n<p>Conecta tu salud con el mundo y conf\u00eda en nosotros para cuidarte. \ud83d\udc69\u200d\u2695\ufe0f\ud83e\udd1d<\/p>\n<p><strong>VitaGlobe<\/strong>, \u201cConectando salud con el mundo.\u201d\n<\/div>\n","protected":false},"excerpt":{"rendered":"<div style=\"color:black;font-family: Arial, sans-serif\">\n<strong>Loratadina de Saimed 100 tabletas<\/strong> te ayuda a <strong>aliviar alergias de forma r\u00e1pida y eficaz<\/strong>. Disfruta de <strong>bienestar sin interrupciones<\/strong> y olv\u00eddate de las molestias diarias. Ideal para quienes buscan una soluci\u00f3n confiable y efectiva.<br \/>\n\u00a1Recupera tu comodidad y sigue adelante! \ud83c\udf3f\ud83d\ude0c  <\/p>\n<p style=\"color:red;font-weight:bold;font-style:italic;font-size:1.1em\">\u00a1Dile adi\u00f3s a las alergias y vive mejor con VitaGlobe!<\/p>\n<\/div>\n","protected":false},"featured_media":3406,"comment_status":"closed","ping_status":"closed","template":"","meta":{"_kad_post_transparent":"","_kad_post_title":"","_kad_post_layout":"","_kad_post_sidebar_id":"","_kad_post_content_style":"","_kad_post_vertical_padding":"","_kad_post_feature":"","_kad_post_feature_position":"","_kad_post_header":false,"_kad_post_footer":false},"product_brand":[],"product_cat":[371,295,215],"product_tag":[762,763,764,615,765,634,635,636,637,766],"class_list":{"0":"post-3360","1":"product","2":"type-product","3":"status-publish","4":"has-post-thumbnail","6":"product_cat-alergias","7":"product_cat-laboratorios-saimed","8":"product_cat-tabletas","9":"product_tag-alergia-al-polen","10":"product_tag-alergia-al-polvo","11":"product_tag-alergias","12":"product_tag-estornudos","13":"product_tag-loratadina-10mg","14":"product_tag-picazon-en-la-garganta","15":"product_tag-picazon-en-la-nariz","16":"product_tag-picazon-en-los-ojos","17":"product_tag-secrecion-nasal","18":"product_tag-sintomas-de-la-fiebre-del-heno","20":"first","21":"instock","22":"shipping-taxable","23":"purchasable","24":"product-type-simple","25":"entry","26":"content-bg","27":"loop-entry"},"_links":{"self":[{"href":"https:\/\/vitaminaselsalvador.net\/index.php\/wp-json\/wp\/v2\/product\/3360","targetHints":{"allow":["GET"]}}],"collection":[{"href":"https:\/\/vitaminaselsalvador.net\/index.php\/wp-json\/wp\/v2\/product"}],"about":[{"href":"https:\/\/vitaminaselsalvador.net\/index.php\/wp-json\/wp\/v2\/types\/product"}],"replies":[{"embeddable":true,"href":"https:\/\/vitaminaselsalvador.net\/index.php\/wp-json\/wp\/v2\/comments?post=3360"}],"wp:featuredmedia":[{"embeddable":true,"href":"https:\/\/vitaminaselsalvador.net\/index.php\/wp-json\/wp\/v2\/media\/3406"}],"wp:attachment":[{"href":"https:\/\/vitaminaselsalvador.net\/index.php\/wp-json\/wp\/v2\/media?parent=3360"}],"wp:term":[{"taxonomy":"product_brand","embeddable":true,"href":"https:\/\/vitaminaselsalvador.net\/index.php\/wp-json\/wp\/v2\/product_brand?post=3360"},{"taxonomy":"product_cat","embeddable":true,"href":"https:\/\/vitaminaselsalvador.net\/index.php\/wp-json\/wp\/v2\/product_cat?post=3360"},{"taxonomy":"product_tag","embeddable":true,"href":"https:\/\/vitaminaselsalvador.net\/index.php\/wp-json\/wp\/v2\/product_tag?post=3360"}],"curies":[{"name":"wp","href":"https:\/\/api.w.org\/{rel}","templated":true}]}}