{"id":3359,"date":"2022-11-02T21:14:35","date_gmt":"2022-11-03T03:14:35","guid":{"rendered":"https:\/\/vitaminaselsalvador.net\/?post_type=product&#038;p=3359"},"modified":"2025-11-09T10:06:22","modified_gmt":"2025-11-09T16:06:22","slug":"fin-al-dolor-con-artrifin-vitaminado-120-tabletas-alivia-tus-molestias-y-mejora-tu-bienestar","status":"publish","type":"product","link":"https:\/\/vitaminaselsalvador.net\/index.php\/product\/fin-al-dolor-con-artrifin-vitaminado-120-tabletas-alivia-tus-molestias-y-mejora-tu-bienestar\/","title":{"rendered":"Fin al dolor con ARTRIFIN VITAMINADO 120 Tabletas alivia tus molestias y mejora tu bienestar"},"content":{"rendered":"<div style=\"color:black;font-family: Arial, sans-serif\">\n<p>\u00a1Bienvenido a <strong>VitaGlobe &#8211; Tu salud, sin fronteras<\/strong>! \ud83c\udf0e Nos enorgullece presentarte <strong>ARTRIFIN VITAMINADO 120 Tabletas<\/strong>, una opci\u00f3n confiable para quienes buscan bienestar en su d\u00eda a d\u00eda.<\/p>\n<p><strong>ARTRIFIN VITAMINADO<\/strong> te ayuda a <strong>aliviar el dolor<\/strong> y mejorar tu movilidad gracias a su f\u00f3rmula especializada. Este producto cuenta con <strong>120 tabletas<\/strong>, perfecto para quienes necesitan un suministro duradero que se adapte a sus necesidades.<\/p>\n<p>Ideal para quienes buscan una opci\u00f3n pr\u00e1ctica y efectiva en el apoyo a su salud. Su presentaci\u00f3n en tabletas facilita el consumo en casa o fuera de ella.<\/p>\n<p>Conf\u00eda en nuestra tienda para recibir productos aut\u00e9nticos y respaldados por est\u00e1ndares de calidad, porque en <strong>VitaGlobe<\/strong> estamos comprometidos a <strong>\u201cConectar salud con el mundo\u201d<\/strong> \ud83d\ude80.<\/p>\n<p><strong>\u00a1Recupera tu bienestar y vive plenamente con ARTRIFIN VITAMINADO 120 Tabletas!<\/strong><\/p>\n<\/div>\n","protected":false},"excerpt":{"rendered":"<div style=\"color:black;font-family: Arial, sans-serif\">\nDescubre el <strong>fin al dolor<\/strong> con <strong>ARTRIFIN VITAMINADO 120 Tabletas<\/strong> \ud83e\uddb4\u2728. Disfruta la vida sin molestias y siente la diferencia en tu bienestar. Vive mejor con VitaGlobe, donde <strong>tu salud no tiene fronteras<\/strong>.<\/p>\n<p style=\"color:red;font-weight:bold;font-style:italic;font-size:1.1em\">\u00a1Recupera tu comodidad hoy mismo y da el primer paso hacia una vida sin dolor!<\/p>\n<\/div>\n","protected":false},"featured_media":3405,"comment_status":"closed","ping_status":"closed","template":"","meta":{"_kad_post_transparent":"","_kad_post_title":"","_kad_post_layout":"","_kad_post_sidebar_id":"","_kad_post_content_style":"","_kad_post_vertical_padding":"","_kad_post_feature":"","_kad_post_feature_position":"","_kad_post_header":false,"_kad_post_footer":false},"product_brand":[],"product_cat":[104,180,107,108,215],"product_tag":[182,183,184,185,186,187,188,474,540,300,301],"class_list":{"0":"post-3359","1":"product","2":"type-product","3":"status-publish","4":"has-post-thumbnail","6":"product_cat-artritis","7":"product_cat-laboratorios-lopez","8":"product_cat-medicamento-para-el-dolor","9":"product_cat-salud-y-belleza","10":"product_cat-tabletas","11":"product_tag-artrifin","12":"product_tag-artrifin-amazon","13":"product_tag-artrifin-ebay","14":"product_tag-artrifin-vitaminado","15":"product_tag-artrifin-vitaminado-amazon","16":"product_tag-artrifin-vitaminado-ebay","17":"product_tag-artrifin-vitaminado-original-de-el-salvador","18":"product_tag-dolor-por-reuma","19":"product_tag-para-el-reumatismo","20":"product_tag-reuma","21":"product_tag-reumatismo","23":"first","24":"instock","25":"shipping-taxable","26":"purchasable","27":"product-type-simple","28":"entry","29":"content-bg","30":"loop-entry"},"_links":{"self":[{"href":"https:\/\/vitaminaselsalvador.net\/index.php\/wp-json\/wp\/v2\/product\/3359","targetHints":{"allow":["GET"]}}],"collection":[{"href":"https:\/\/vitaminaselsalvador.net\/index.php\/wp-json\/wp\/v2\/product"}],"about":[{"href":"https:\/\/vitaminaselsalvador.net\/index.php\/wp-json\/wp\/v2\/types\/product"}],"replies":[{"embeddable":true,"href":"https:\/\/vitaminaselsalvador.net\/index.php\/wp-json\/wp\/v2\/comments?post=3359"}],"wp:featuredmedia":[{"embeddable":true,"href":"https:\/\/vitaminaselsalvador.net\/index.php\/wp-json\/wp\/v2\/media\/3405"}],"wp:attachment":[{"href":"https:\/\/vitaminaselsalvador.net\/index.php\/wp-json\/wp\/v2\/media?parent=3359"}],"wp:term":[{"taxonomy":"product_brand","embeddable":true,"href":"https:\/\/vitaminaselsalvador.net\/index.php\/wp-json\/wp\/v2\/product_brand?post=3359"},{"taxonomy":"product_cat","embeddable":true,"href":"https:\/\/vitaminaselsalvador.net\/index.php\/wp-json\/wp\/v2\/product_cat?post=3359"},{"taxonomy":"product_tag","embeddable":true,"href":"https:\/\/vitaminaselsalvador.net\/index.php\/wp-json\/wp\/v2\/product_tag?post=3359"}],"curies":[{"name":"wp","href":"https:\/\/api.w.org\/{rel}","templated":true}]}}