{"id":3356,"date":"2022-11-02T21:14:35","date_gmt":"2022-11-03T03:14:35","guid":{"rendered":"https:\/\/vitaminaselsalvador.net\/?post_type=product&#038;p=3356"},"modified":"2025-11-07T10:06:22","modified_gmt":"2025-11-07T16:06:22","slug":"artrifin-vitaminado-al-dolor-le-pone-fin-con-120-tabletas-potencia-tu-bienestar-diario","status":"publish","type":"product","link":"https:\/\/vitaminaselsalvador.net\/index.php\/product\/artrifin-vitaminado-al-dolor-le-pone-fin-con-120-tabletas-potencia-tu-bienestar-diario\/","title":{"rendered":"ARTRIFIN VITAMINADO al dolor le pone fin con 120 Tabletas potencia tu bienestar diario"},"content":{"rendered":"<div style=\"color:black;font-family: Arial, sans-serif\">\n\u00bfBuscas una soluci\u00f3n eficaz para esos molestos dolores articulares? En <strong>VitaGlobe &#8211; Tu salud, sin fronteras<\/strong>, traemos para ti <strong>ARTRIFIN VITAMINADO<\/strong>, el aliado perfecto que \u201cal dolor le pone fin\u201d. \ud83d\udcaa<\/p>\n<p><strong>Presentaci\u00f3n:<\/strong> Frasco con <strong>120 tabletas<\/strong>.<\/p>\n<p>ARTRIFIN VITAMINADO es reconocido por su combinaci\u00f3n \u00fanica de ingredientes, ofreciendo una opci\u00f3n confiable para quienes buscan bienestar y alivio. Su f\u00f3rmula est\u00e1 especialmente dise\u00f1ada para apoyar el cuidado articular y muscular, ideal para quienes desean mejorar su calidad de vida de forma pr\u00e1ctica y segura.<\/p>\n<p><strong>Beneficios destacados:<\/strong><\/p>\n<ul>\n<li>Pr\u00e1ctico y f\u00e1cil de llevar por su presentaci\u00f3n de 120 tabletas.<\/li>\n<li>Producto ampliamente conocido y recomendado para el cuidado diario.<\/li>\n<li>Perfecto para quienes buscan una soluci\u00f3n respaldada y confiable.<\/li>\n<\/ul>\n<p>En <strong>VitaGlobe<\/strong> te conectamos con los mejores productos para tu salud \ud83c\udf0d. Dale a tus d\u00edas el bienestar y tranquilidad que mereces con ARTRIFIN VITAMINADO. \u00a1Haz tu pedido hoy y siente la diferencia!<\/p>\n<p><strong>VitaGlobe<\/strong> \u2013 \u201c<strong>Conectando salud con el mundo<\/strong>\u201d.\n<\/div>\n","protected":false},"excerpt":{"rendered":"<div style=\"color:black;font-family: Arial, sans-serif\">\n<strong>ARTRIFIN VITAMINADO<\/strong> es tu aliado: <strong>al dolor le pone fin<\/strong> y viene en una pr\u00e1ctica presentaci\u00f3n de <strong>120 tabletas<\/strong>. Siente la diferencia y cuida de ti con facilidad y confianza. Disfruta el respaldo de VitaGlobe, conectando salud con el mundo. \u00a1Haz del bienestar tu prioridad! \ud83c\udf0e\ud83d\udc8a<\/p>\n<p style=\"color:red;font-weight:bold;font-style:italic;font-size:1.1em\">\u00a1No dejes pasar la oportunidad y ord\u00e9nalo hoy mismo!<\/p>\n<\/div>\n","protected":false},"featured_media":3402,"comment_status":"closed","ping_status":"closed","template":"","meta":{"_kad_post_transparent":"","_kad_post_title":"","_kad_post_layout":"","_kad_post_sidebar_id":"","_kad_post_content_style":"","_kad_post_vertical_padding":"","_kad_post_feature":"","_kad_post_feature_position":"","_kad_post_header":false,"_kad_post_footer":false},"product_brand":[],"product_cat":[104,180,108,215],"product_tag":[182,183,184,185,186,187,188,189],"class_list":{"0":"post-3356","1":"product","2":"type-product","3":"status-publish","4":"has-post-thumbnail","6":"product_cat-artritis","7":"product_cat-laboratorios-lopez","8":"product_cat-salud-y-belleza","9":"product_cat-tabletas","10":"product_tag-artrifin","11":"product_tag-artrifin-amazon","12":"product_tag-artrifin-ebay","13":"product_tag-artrifin-vitaminado","14":"product_tag-artrifin-vitaminado-amazon","15":"product_tag-artrifin-vitaminado-ebay","16":"product_tag-artrifin-vitaminado-original-de-el-salvador","17":"product_tag-lab-lopez","19":"first","20":"instock","21":"shipping-taxable","22":"purchasable","23":"product-type-simple","24":"entry","25":"content-bg","26":"loop-entry"},"_links":{"self":[{"href":"https:\/\/vitaminaselsalvador.net\/index.php\/wp-json\/wp\/v2\/product\/3356","targetHints":{"allow":["GET"]}}],"collection":[{"href":"https:\/\/vitaminaselsalvador.net\/index.php\/wp-json\/wp\/v2\/product"}],"about":[{"href":"https:\/\/vitaminaselsalvador.net\/index.php\/wp-json\/wp\/v2\/types\/product"}],"replies":[{"embeddable":true,"href":"https:\/\/vitaminaselsalvador.net\/index.php\/wp-json\/wp\/v2\/comments?post=3356"}],"wp:featuredmedia":[{"embeddable":true,"href":"https:\/\/vitaminaselsalvador.net\/index.php\/wp-json\/wp\/v2\/media\/3402"}],"wp:attachment":[{"href":"https:\/\/vitaminaselsalvador.net\/index.php\/wp-json\/wp\/v2\/media?parent=3356"}],"wp:term":[{"taxonomy":"product_brand","embeddable":true,"href":"https:\/\/vitaminaselsalvador.net\/index.php\/wp-json\/wp\/v2\/product_brand?post=3356"},{"taxonomy":"product_cat","embeddable":true,"href":"https:\/\/vitaminaselsalvador.net\/index.php\/wp-json\/wp\/v2\/product_cat?post=3356"},{"taxonomy":"product_tag","embeddable":true,"href":"https:\/\/vitaminaselsalvador.net\/index.php\/wp-json\/wp\/v2\/product_tag?post=3356"}],"curies":[{"name":"wp","href":"https:\/\/api.w.org\/{rel}","templated":true}]}}