{"id":3353,"date":"2022-11-02T21:14:34","date_gmt":"2022-11-03T03:14:34","guid":{"rendered":"https:\/\/vitaminaselsalvador.net\/?post_type=product&#038;p=3353"},"modified":"2025-11-05T10:06:22","modified_gmt":"2025-11-05T16:06:22","slug":"fluconazol-capsulas-200mg-3pack-solucion-eficaz-para-tu-bienestar-elimina-infecciones-y-protege-tu-salud","status":"publish","type":"product","link":"https:\/\/vitaminaselsalvador.net\/index.php\/product\/fluconazol-capsulas-200mg-3pack-solucion-eficaz-para-tu-bienestar-elimina-infecciones-y-protege-tu-salud\/","title":{"rendered":"Fluconazol C\u00e1psulas 200mg 3Pack Soluci\u00f3n eficaz para tu bienestar elimina infecciones y protege tu salud"},"content":{"rendered":"<div style=\"color:black;font-family: Arial, sans-serif\">\n<strong>Fluconazol C\u00e1psulas 200mg 3Pack<\/strong><\/p>\n<p>Descubre la soluci\u00f3n eficaz para tu bienestar con el <strong>Fluconazol C\u00e1psulas 200mg 3Pack<\/strong>. Este tratamiento confiable est\u00e1 formulado para <strong>combatir las infecciones de manera r\u00e1pida y segura<\/strong>, ofreci\u00e9ndote la tranquilidad que necesitas en tu d\u00eda a d\u00eda.<\/p>\n<p>En <strong>VitaGlobe &#8211; Tu salud, sin fronteras<\/strong> \ud83c\udf0e nos dedicamos a llevarte productos de alta calidad que respaldan tu salud. Este producto es ideal si buscas una opci\u00f3n <strong>confiable<\/strong> para el cuidado frente a infecciones.<\/p>\n<p><strong>Incluye:<\/strong><\/p>\n<ul>\n<li>Blister con c\u00e1psulas de Fluconazol de 200mg<\/li>\n<li>Pr\u00e1ctico paquete de 3 unidades<\/li>\n<\/ul>\n<p>D\u00e9jate acompa\u00f1ar por VitaGlobe y lleva contigo el respaldo de una tienda que realmente conecta salud con el mundo. \u00a1Compra hoy y siente la diferencia! \ud83d\udc99\n<\/p><\/div>\n","protected":false},"excerpt":{"rendered":"<div style=\"color:black;font-family: Arial, sans-serif\">\n<strong>Fluconazol C\u00e1psulas 200mg 3Pack<\/strong>: soluci\u00f3n eficaz para tu bienestar. Combate las <strong>infecciones<\/strong> de manera <strong>r\u00e1pida<\/strong> y confiable \ud83d\udee1\ufe0f. Cuida tu salud con la garant\u00eda de un <strong>tratamiento seguro<\/strong> y efectivo. \u00a1Recupera tu bienestar con confianza y tranquilidad! \ud83c\udf0e<\/p>\n<p style=\"color:red;font-weight:bold;font-style:italic;font-size:1.1em\">Adquiere ahora tu Fluconazol y apuesta por una salud sin fronteras.<\/p>\n<\/div>\n","protected":false},"featured_media":3399,"comment_status":"closed","ping_status":"closed","template":"","meta":{"_kad_post_transparent":"","_kad_post_title":"","_kad_post_layout":"","_kad_post_sidebar_id":"","_kad_post_content_style":"","_kad_post_vertical_padding":"","_kad_post_feature":"","_kad_post_feature_position":"","_kad_post_header":false,"_kad_post_footer":false},"product_brand":[],"product_cat":[612,295,212,108],"product_tag":[718,719,720,721,722,723,724,725,726,727,728,729],"class_list":{"0":"post-3353","1":"product","2":"type-product","3":"status-publish","4":"has-post-thumbnail","6":"product_cat-cuidado-de-la-piel-y-unas","7":"product_cat-laboratorios-saimed","8":"product_cat-medicina","9":"product_cat-salud-y-belleza","10":"product_tag-0nicomicosis","11":"product_tag-aguda-o-recurrente","12":"product_tag-candidiasis-vaginal","13":"product_tag-dermatomicosis","14":"product_tag-fluconazol","15":"product_tag-hongos-en-la-piel","16":"product_tag-hongos-en-las-unas","17":"product_tag-hongos-vaginales","18":"product_tag-pitiriasis","19":"product_tag-tinea-corporis","20":"product_tag-tinea-cruris","21":"product_tag-tinea-pedis","23":"first","24":"instock","25":"shipping-taxable","26":"purchasable","27":"product-type-simple","28":"entry","29":"content-bg","30":"loop-entry"},"_links":{"self":[{"href":"https:\/\/vitaminaselsalvador.net\/index.php\/wp-json\/wp\/v2\/product\/3353","targetHints":{"allow":["GET"]}}],"collection":[{"href":"https:\/\/vitaminaselsalvador.net\/index.php\/wp-json\/wp\/v2\/product"}],"about":[{"href":"https:\/\/vitaminaselsalvador.net\/index.php\/wp-json\/wp\/v2\/types\/product"}],"replies":[{"embeddable":true,"href":"https:\/\/vitaminaselsalvador.net\/index.php\/wp-json\/wp\/v2\/comments?post=3353"}],"wp:featuredmedia":[{"embeddable":true,"href":"https:\/\/vitaminaselsalvador.net\/index.php\/wp-json\/wp\/v2\/media\/3399"}],"wp:attachment":[{"href":"https:\/\/vitaminaselsalvador.net\/index.php\/wp-json\/wp\/v2\/media?parent=3353"}],"wp:term":[{"taxonomy":"product_brand","embeddable":true,"href":"https:\/\/vitaminaselsalvador.net\/index.php\/wp-json\/wp\/v2\/product_brand?post=3353"},{"taxonomy":"product_cat","embeddable":true,"href":"https:\/\/vitaminaselsalvador.net\/index.php\/wp-json\/wp\/v2\/product_cat?post=3353"},{"taxonomy":"product_tag","embeddable":true,"href":"https:\/\/vitaminaselsalvador.net\/index.php\/wp-json\/wp\/v2\/product_tag?post=3353"}],"curies":[{"name":"wp","href":"https:\/\/api.w.org\/{rel}","templated":true}]}}