{"id":3348,"date":"2022-11-02T21:14:34","date_gmt":"2022-11-03T03:14:34","guid":{"rendered":"https:\/\/vitaminaselsalvador.net\/?post_type=product&#038;p=3348"},"modified":"2025-10-31T10:06:17","modified_gmt":"2025-10-31T16:06:17","slug":"omeprazol-20mg-saimed-alivio-rapido-y-eficaz-para-el-cuidado-digestivo-controla-la-acidez-y-protege-tu-bienestar-mejora-tu-confort-digestivo-cada-dia","status":"publish","type":"product","link":"https:\/\/vitaminaselsalvador.net\/index.php\/product\/omeprazol-20mg-saimed-alivio-rapido-y-eficaz-para-el-cuidado-digestivo-controla-la-acidez-y-protege-tu-bienestar-mejora-tu-confort-digestivo-cada-dia\/","title":{"rendered":"Omeprazol 20mg Saimed Alivio r\u00e1pido y eficaz para el cuidado digestivo controla la acidez y protege tu bienestar mejora tu confort digestivo cada d\u00eda"},"content":{"rendered":"<div style=\"color:black;font-family: Arial, sans-serif\">\n<strong>Omeprazol 20mg Saimed<\/strong> es tu aliado confiable para el alivio r\u00e1pido y eficaz del malestar digestivo. Este producto est\u00e1 formulado espec\u00edficamente para <strong>controlar la acidez<\/strong> y ayudar a <strong>proteger tu bienestar<\/strong>, permiti\u00e9ndote disfrutar de tu d\u00eda a d\u00eda sin preocupaciones. <\/p>\n<p>En <strong>VitaGlobe &#8211; Tu salud, sin fronteras<\/strong>, nos importa que te sientas bien en cualquier momento y lugar. Por eso te ofrecemos productos aut\u00e9nticos que cuidan de ti y de quienes m\u00e1s quieres. <\/p>\n<p>Elige <strong>Omeprazol 20mg Saimed<\/strong> y disfruta de una <strong>soluci\u00f3n confiable para tu cuidado digestivo<\/strong> \ud83c\udf0d\u2728<\/p>\n<p><strong>VitaGlobe<\/strong>: \u201cConectando salud con el mundo.\u201d\n<\/div>\n","protected":false},"excerpt":{"rendered":"<div style=\"color:black;font-family: Arial, sans-serif\">\n<strong>Omeprazol 20mg Saimed<\/strong> te brinda <strong>alivio r\u00e1pido y eficaz<\/strong> para el cuidado digestivo. Controla la acidez y <strong>protege tu bienestar<\/strong> en cada toma. Cuida tu sistema digestivo y si\u00e9ntete mejor cada d\u00eda. Ideal para quienes buscan soluciones confiables para su salud.  <span role=\"img\" aria-label=\"barriga feliz\">\ud83d\ude0a<\/span> <span role=\"img\" aria-label=\"escudo\">\ud83d\udee1\ufe0f<\/span>\n<\/div>\n<p style=\"color:red;font-weight:bold;font-style:italic;font-size:1.1em\">\u00a1Elige tu bienestar hoy con Omeprazol 20mg Saimed!<\/p>\n","protected":false},"featured_media":3377,"comment_status":"closed","ping_status":"closed","template":"","meta":{"_kad_post_transparent":"","_kad_post_title":"","_kad_post_layout":"","_kad_post_sidebar_id":"","_kad_post_content_style":"","_kad_post_vertical_padding":"","_kad_post_feature":"","_kad_post_feature_position":"","_kad_post_header":false,"_kad_post_footer":false},"product_brand":[],"product_cat":[250,295,212,228],"product_tag":[684,685,686,687],"class_list":{"0":"post-3348","1":"product","2":"type-product","3":"status-publish","4":"has-post-thumbnail","6":"product_cat-capsulas","7":"product_cat-laboratorios-saimed","8":"product_cat-medicina","9":"product_cat-para-el-estomago","10":"product_tag-acidez-estomacal","11":"product_tag-disminuye-la-cantidad-de-acido","12":"product_tag-inhibidor-de-la-bomba-de-protones","13":"product_tag-omeprazol-20mg","15":"first","16":"instock","17":"shipping-taxable","18":"purchasable","19":"product-type-simple","20":"entry","21":"content-bg","22":"loop-entry"},"_links":{"self":[{"href":"https:\/\/vitaminaselsalvador.net\/index.php\/wp-json\/wp\/v2\/product\/3348","targetHints":{"allow":["GET"]}}],"collection":[{"href":"https:\/\/vitaminaselsalvador.net\/index.php\/wp-json\/wp\/v2\/product"}],"about":[{"href":"https:\/\/vitaminaselsalvador.net\/index.php\/wp-json\/wp\/v2\/types\/product"}],"replies":[{"embeddable":true,"href":"https:\/\/vitaminaselsalvador.net\/index.php\/wp-json\/wp\/v2\/comments?post=3348"}],"wp:featuredmedia":[{"embeddable":true,"href":"https:\/\/vitaminaselsalvador.net\/index.php\/wp-json\/wp\/v2\/media\/3377"}],"wp:attachment":[{"href":"https:\/\/vitaminaselsalvador.net\/index.php\/wp-json\/wp\/v2\/media?parent=3348"}],"wp:term":[{"taxonomy":"product_brand","embeddable":true,"href":"https:\/\/vitaminaselsalvador.net\/index.php\/wp-json\/wp\/v2\/product_brand?post=3348"},{"taxonomy":"product_cat","embeddable":true,"href":"https:\/\/vitaminaselsalvador.net\/index.php\/wp-json\/wp\/v2\/product_cat?post=3348"},{"taxonomy":"product_tag","embeddable":true,"href":"https:\/\/vitaminaselsalvador.net\/index.php\/wp-json\/wp\/v2\/product_tag?post=3348"}],"curies":[{"name":"wp","href":"https:\/\/api.w.org\/{rel}","templated":true}]}}