{"id":3347,"date":"2022-11-02T21:14:33","date_gmt":"2022-11-03T03:14:33","guid":{"rendered":"https:\/\/vitaminaselsalvador.net\/?post_type=product&#038;p=3347"},"modified":"2025-10-28T10:06:26","modified_gmt":"2025-10-28T16:06:26","slug":"dolo-neurobion-tabletas-recubiertas-alivio-eficaz-para-tu-bienestar-diario","status":"publish","type":"product","link":"https:\/\/vitaminaselsalvador.net\/index.php\/product\/dolo-neurobion-tabletas-recubiertas-alivio-eficaz-para-tu-bienestar-diario\/","title":{"rendered":"Dolo NEUROBION TABLETAS RECUBIERTAS Alivio eficaz para tu bienestar diario"},"content":{"rendered":"<div style=\"color:black;font-family: Arial, sans-serif\">\nDescubre <strong>Dolo NEUROBION Tabletas Recubiertas<\/strong> en VitaGlobe \u2013 Tu salud, sin fronteras. <span style=\"font-size:1.2em\">\ud83c\udf0e<\/span><\/p>\n<p>Este producto es una combinaci\u00f3n de <strong>vitaminas del complejo B (B1, B6 y B12)<\/strong> y diclofenaco s\u00f3dico. <strong>Cada tableta recubierta contiene:<\/strong> <\/p>\n<ul>\n<li><strong>Diclofenaco s\u00f3dico 50 mg<\/strong><\/li>\n<li><strong>Vitamina B1 (clorhidrato de tiamina) 50 mg<\/strong><\/li>\n<li><strong>Vitamina B6 (clorhidrato de piridoxina) 50 mg<\/strong><\/li>\n<li><strong>Vitamina B12 (cianocobalamina) 1 mg<\/strong><\/li>\n<\/ul>\n<p><strong>Dolo NEUROBION<\/strong> est\u00e1 formulado exclusivamente para usarse como lo indique tu profesional de la salud.<\/p>\n<p>En <strong>VitaGlobe<\/strong> trabajamos bajo nuestro lema: <em>\u201cConectando salud con el mundo.\u201d<\/em> Por eso te ofrecemos productos aut\u00e9nticos, siempre fiables y de la mejor calidad.<\/p>\n<p><strong>Presentaci\u00f3n:<\/strong> Caja con 30 tabletas recubiertas.<\/p>\n<p>Conf\u00eda tu bienestar a la experiencia de VitaGlobe <span style=\"font-size:1.2em\">\ud83d\udc9a<\/span>\n<\/div>\n","protected":false},"excerpt":{"rendered":"<div style=\"color:black;font-family: Arial, sans-serif\">\n<strong>Dolo NEUROBION TABLETAS RECUBIERTAS<\/strong> es una opci\u00f3n confiable para quienes buscan cuidado y bienestar en su d\u00eda a d\u00eda. Su formato en <strong>tabletas recubiertas<\/strong> brinda practicidad y comodidad. Encuentra calidad y respaldo en VitaGlobe, donde tu salud no tiene fronteras. \ud83c\udf0e\ud83d\udc8a<\/p>\n<p style=\"color:red;font-weight:bold;font-style:italic;font-size:1.1em\">\u00a1Descubre el bienestar global con Dolo NEUROBION en VitaGlobe!<\/p>\n<\/div>\n","protected":false},"featured_media":3376,"comment_status":"closed","ping_status":"closed","template":"","meta":{"_kad_post_transparent":"","_kad_post_title":"","_kad_post_layout":"","_kad_post_sidebar_id":"","_kad_post_content_style":"","_kad_post_vertical_padding":"","_kad_post_feature":"","_kad_post_feature_position":"","_kad_post_header":false,"_kad_post_footer":false},"product_brand":[],"product_cat":[104,305,181],"product_tag":[355,563,564,565,566,567,474,540,300,301],"class_list":{"0":"post-3347","1":"product","2":"type-product","3":"status-publish","4":"has-post-thumbnail","6":"product_cat-artritis","7":"product_cat-merck","8":"product_cat-tabletas-recubiertas","9":"product_tag-artritis","10":"product_tag-dolo-neurobion","11":"product_tag-dolo-neurobion-original-amazon","12":"product_tag-dolo-neurobion-original-ebay","13":"product_tag-dolo-neurobion-original-el-salvador","14":"product_tag-dolo-neurobion-para-que-sirve","15":"product_tag-dolor-por-reuma","16":"product_tag-para-el-reumatismo","17":"product_tag-reuma","18":"product_tag-reumatismo","20":"first","21":"instock","22":"purchasable","23":"product-type-simple","24":"entry","25":"content-bg","26":"loop-entry"},"_links":{"self":[{"href":"https:\/\/vitaminaselsalvador.net\/index.php\/wp-json\/wp\/v2\/product\/3347","targetHints":{"allow":["GET"]}}],"collection":[{"href":"https:\/\/vitaminaselsalvador.net\/index.php\/wp-json\/wp\/v2\/product"}],"about":[{"href":"https:\/\/vitaminaselsalvador.net\/index.php\/wp-json\/wp\/v2\/types\/product"}],"replies":[{"embeddable":true,"href":"https:\/\/vitaminaselsalvador.net\/index.php\/wp-json\/wp\/v2\/comments?post=3347"}],"wp:featuredmedia":[{"embeddable":true,"href":"https:\/\/vitaminaselsalvador.net\/index.php\/wp-json\/wp\/v2\/media\/3376"}],"wp:attachment":[{"href":"https:\/\/vitaminaselsalvador.net\/index.php\/wp-json\/wp\/v2\/media?parent=3347"}],"wp:term":[{"taxonomy":"product_brand","embeddable":true,"href":"https:\/\/vitaminaselsalvador.net\/index.php\/wp-json\/wp\/v2\/product_brand?post=3347"},{"taxonomy":"product_cat","embeddable":true,"href":"https:\/\/vitaminaselsalvador.net\/index.php\/wp-json\/wp\/v2\/product_cat?post=3347"},{"taxonomy":"product_tag","embeddable":true,"href":"https:\/\/vitaminaselsalvador.net\/index.php\/wp-json\/wp\/v2\/product_tag?post=3347"}],"curies":[{"name":"wp","href":"https:\/\/api.w.org\/{rel}","templated":true}]}}