{"id":3345,"date":"2022-11-02T21:14:33","date_gmt":"2022-11-03T03:14:33","guid":{"rendered":"https:\/\/vitaminaselsalvador.net\/?post_type=product&#038;p=3345"},"modified":"2025-10-27T10:06:23","modified_gmt":"2025-10-27T16:06:23","slug":"sin-infecciones-con-ampicilina-500mg-saimed-elimina-bacterias-rapido-y-recupera-tu-bienestar","status":"publish","type":"product","link":"https:\/\/vitaminaselsalvador.net\/index.php\/product\/sin-infecciones-con-ampicilina-500mg-saimed-elimina-bacterias-rapido-y-recupera-tu-bienestar\/","title":{"rendered":"Sin infecciones con Ampicilina 500mg Saimed elimina bacterias r\u00e1pido y recupera tu bienestar"},"content":{"rendered":"<div style=\"color:black;font-family: Arial, sans-serif\">\n<strong>\u00a1Recupera tu bienestar r\u00e1pidamente!<\/strong> Con <strong>Ampicilina 500mg Saimed<\/strong>, elimina bacterias de forma efectiva y ayuda a tu cuerpo a volver a sentirse bien en menos tiempo. Ideal si buscas una soluci\u00f3n confiable para <strong>evitar infecciones<\/strong> y cuidar tu salud.<\/p>\n<p>En <strong>VitaGlobe &#8211; Tu salud, sin fronteras<\/strong>, te ofrecemos este medicamento esencial con respaldo profesional. Nuestro lema, <i>\u201cConectando salud con el mundo.\u201d<\/i>, habla de nuestro compromiso de acercarte productos que verdaderamente marcan la diferencia.<\/p>\n<p><strong>Beneficios principales:<\/strong> <br \/>\n\u2714\ufe0f Acci\u00f3n eficaz para eliminar bacterias<br \/>\n\u2714\ufe0f Recuperaci\u00f3n r\u00e1pida y segura<br \/>\n\u2714\ufe0f Apoyo para mantener tu bienestar<\/p>\n<p>No dejes que las infecciones afecten tu calidad de vida. Conf\u00eda en VitaGlobe y en <strong>Ampicilina 500mg Saimed<\/strong> para proteger tu salud. \ud83c\udf0e\ud83d\udc8a\n<\/div>\n","protected":false},"excerpt":{"rendered":"<div style=\"color:black;font-family: Arial, sans-serif\">\nDesp\u00eddete de las molestias con <strong>Ampicilina 500mg Saimed<\/strong> \ud83d\udeab\ud83e\udda0. Este antibi\u00f3tico elimina bacterias de forma efectiva, permiti\u00e9ndote <strong>recuperar tu bienestar r\u00e1pidamente<\/strong>. Siente la tranquilidad de proteger tu salud d\u00eda a d\u00eda. Conf\u00eda en VitaGlobe: <em>tu salud, sin fronteras<\/em>.<\/p>\n<p style=\"color:red;font-weight:bold;font-style:italic;font-size:1.1em\">\u00a1Recupera tu bienestar y ordena hoy mismo!<\/p>\n<\/div>\n","protected":false},"featured_media":3374,"comment_status":"closed","ping_status":"closed","template":"","meta":{"_kad_post_transparent":"","_kad_post_title":"","_kad_post_layout":"","_kad_post_sidebar_id":"","_kad_post_content_style":"","_kad_post_vertical_padding":"","_kad_post_feature":"","_kad_post_feature_position":"","_kad_post_header":false,"_kad_post_footer":false},"product_brand":[],"product_cat":[655,250,295],"product_tag":[671,672,673,674,675],"class_list":{"0":"post-3345","1":"product","2":"type-product","3":"status-publish","4":"has-post-thumbnail","6":"product_cat-antibioticos","7":"product_cat-capsulas","8":"product_cat-laboratorios-saimed","9":"product_tag-ampicilina-capsulas-500mg","10":"product_tag-ampicilina-capsulas-500mg-amazon","11":"product_tag-ampicilina-capsulas-500mg-ebay","12":"product_tag-ampicilina-capsulas-500mg-original-el-salvador","13":"product_tag-tratamiento-de-infecciones","15":"first","16":"instock","17":"shipping-taxable","18":"purchasable","19":"product-type-simple","20":"entry","21":"content-bg","22":"loop-entry"},"_links":{"self":[{"href":"https:\/\/vitaminaselsalvador.net\/index.php\/wp-json\/wp\/v2\/product\/3345","targetHints":{"allow":["GET"]}}],"collection":[{"href":"https:\/\/vitaminaselsalvador.net\/index.php\/wp-json\/wp\/v2\/product"}],"about":[{"href":"https:\/\/vitaminaselsalvador.net\/index.php\/wp-json\/wp\/v2\/types\/product"}],"replies":[{"embeddable":true,"href":"https:\/\/vitaminaselsalvador.net\/index.php\/wp-json\/wp\/v2\/comments?post=3345"}],"wp:featuredmedia":[{"embeddable":true,"href":"https:\/\/vitaminaselsalvador.net\/index.php\/wp-json\/wp\/v2\/media\/3374"}],"wp:attachment":[{"href":"https:\/\/vitaminaselsalvador.net\/index.php\/wp-json\/wp\/v2\/media?parent=3345"}],"wp:term":[{"taxonomy":"product_brand","embeddable":true,"href":"https:\/\/vitaminaselsalvador.net\/index.php\/wp-json\/wp\/v2\/product_brand?post=3345"},{"taxonomy":"product_cat","embeddable":true,"href":"https:\/\/vitaminaselsalvador.net\/index.php\/wp-json\/wp\/v2\/product_cat?post=3345"},{"taxonomy":"product_tag","embeddable":true,"href":"https:\/\/vitaminaselsalvador.net\/index.php\/wp-json\/wp\/v2\/product_tag?post=3345"}],"curies":[{"name":"wp","href":"https:\/\/api.w.org\/{rel}","templated":true}]}}