{"id":3343,"date":"2022-11-02T21:14:33","date_gmt":"2022-11-03T03:14:33","guid":{"rendered":"https:\/\/vitaminaselsalvador.net\/?post_type=product&#038;p=3343"},"modified":"2025-10-22T10:06:21","modified_gmt":"2025-10-22T16:06:21","slug":"tetraciclina-500mg-saimed-combate-infecciones-eficazmente-control-optimo-para-tu-bienestar","status":"publish","type":"product","link":"https:\/\/vitaminaselsalvador.net\/index.php\/product\/tetraciclina-500mg-saimed-combate-infecciones-eficazmente-control-optimo-para-tu-bienestar\/","title":{"rendered":"Tetraciclina 500mg Saimed combate infecciones eficazmente control \u00f3ptimo para tu bienestar"},"content":{"rendered":"<div style=\"color:black;font-family: Arial, sans-serif\">\n\u00a1Bienvenido a <strong>VitaGlobe &#8211; Tu salud, sin fronteras<\/strong>! \ud83c\udf0d En nuestra misi\u00f3n de <strong>conectar la salud con el mundo<\/strong>, te presentamos <strong>Tetraciclina 500mg Saimed<\/strong>, tu aliado eficaz para combatir infecciones bacterianas.<\/p>\n<p><strong>Tetraciclina 500mg Saimed<\/strong> es un antibi\u00f3tico indicado para el tratamiento de infecciones causadas por bacterias sensibles. Gracias a su f\u00f3rmula confiable y su presentaci\u00f3n de 500mg, apoya el control de diversas afecciones bacterianas, brind\u00e1ndote la protecci\u00f3n necesaria para tu salud.<\/p>\n<p>Conf\u00eda en <strong>VitaGlobe<\/strong> para acceder a productos farmac\u00e9uticos de calidad. Nuestra tienda te ayuda a cuidar tu bienestar donde quiera que est\u00e9s, porque en VitaGlobe, la salud no tiene fronteras. \ud83e\ude7a<\/p>\n<p><strong>\u00a1Elige confianza, elige VitaGlobe!<\/strong>\n<\/div>\n","protected":false},"excerpt":{"rendered":"<div style=\"color:black;font-family: Arial, sans-serif\">\nDescubre la <strong>eficacia<\/strong> de Tetraciclina 500mg Saimed para combatir infecciones. \ud83d\udee1\ufe0f <strong>Confianza<\/strong> y bienestar en cada c\u00e1psula, pensada para tu salud. Elige lo mejor en medicamentos con VitaGlobe, tu aliado internacional. \ud83c\udf0e Vive protegido y seguro, est\u00e9s donde est\u00e9s. <\/p>\n<p style=\"color:red;font-weight:bold;font-style:italic;font-size:1.1em\">\u00a1Adquiere Tetraciclina Saimed y cuida tu salud hoy mismo!<\/p>\n<\/div>\n","protected":false},"featured_media":3372,"comment_status":"closed","ping_status":"closed","template":"","meta":{"_kad_post_transparent":"","_kad_post_title":"","_kad_post_layout":"","_kad_post_sidebar_id":"","_kad_post_content_style":"","_kad_post_vertical_padding":"","_kad_post_feature":"","_kad_post_feature_position":"","_kad_post_header":false,"_kad_post_footer":false},"product_brand":[],"product_cat":[655,295,212],"product_tag":[319,656,657,658,659,660,661,662,663],"class_list":{"0":"post-3343","1":"product","2":"type-product","3":"status-publish","4":"has-post-thumbnail","6":"product_cat-antibioticos","7":"product_cat-laboratorios-saimed","8":"product_cat-medicina","9":"product_tag-acne","10":"product_tag-infeccion-en-el-sistema-urinario","11":"product_tag-infeccion-en-los-genitales","12":"product_tag-infeccion-que-causa-ulceras-estomacales","13":"product_tag-infecciones-en-la-piel","14":"product_tag-infecciones-en-las-vias-respiratorias","15":"product_tag-infecciones-provocadas-por-bacterias","16":"product_tag-neumonia","17":"product_tag-tetraciclina-500mg","19":"first","20":"instock","21":"shipping-taxable","22":"purchasable","23":"product-type-simple","24":"entry","25":"content-bg","26":"loop-entry"},"_links":{"self":[{"href":"https:\/\/vitaminaselsalvador.net\/index.php\/wp-json\/wp\/v2\/product\/3343","targetHints":{"allow":["GET"]}}],"collection":[{"href":"https:\/\/vitaminaselsalvador.net\/index.php\/wp-json\/wp\/v2\/product"}],"about":[{"href":"https:\/\/vitaminaselsalvador.net\/index.php\/wp-json\/wp\/v2\/types\/product"}],"replies":[{"embeddable":true,"href":"https:\/\/vitaminaselsalvador.net\/index.php\/wp-json\/wp\/v2\/comments?post=3343"}],"wp:featuredmedia":[{"embeddable":true,"href":"https:\/\/vitaminaselsalvador.net\/index.php\/wp-json\/wp\/v2\/media\/3372"}],"wp:attachment":[{"href":"https:\/\/vitaminaselsalvador.net\/index.php\/wp-json\/wp\/v2\/media?parent=3343"}],"wp:term":[{"taxonomy":"product_brand","embeddable":true,"href":"https:\/\/vitaminaselsalvador.net\/index.php\/wp-json\/wp\/v2\/product_brand?post=3343"},{"taxonomy":"product_cat","embeddable":true,"href":"https:\/\/vitaminaselsalvador.net\/index.php\/wp-json\/wp\/v2\/product_cat?post=3343"},{"taxonomy":"product_tag","embeddable":true,"href":"https:\/\/vitaminaselsalvador.net\/index.php\/wp-json\/wp\/v2\/product_tag?post=3343"}],"curies":[{"name":"wp","href":"https:\/\/api.w.org\/{rel}","templated":true}]}}