{"id":3342,"date":"2022-11-02T21:14:33","date_gmt":"2022-11-03T03:14:33","guid":{"rendered":"https:\/\/vitaminaselsalvador.net\/?post_type=product&#038;p=3342"},"modified":"2025-10-20T10:06:23","modified_gmt":"2025-10-20T16:06:23","slug":"viro-grip-limon-am-polvo-alivia-tus-mananas-y-te-ayuda-a-sentirte-mejor-cada-dia","status":"publish","type":"product","link":"https:\/\/vitaminaselsalvador.net\/index.php\/product\/viro-grip-limon-am-polvo-alivia-tus-mananas-y-te-ayuda-a-sentirte-mejor-cada-dia\/","title":{"rendered":"Viro-Grip Lim\u00f3n AM Polvo alivia tus ma\u00f1anas y te ayuda a sentirte mejor cada d\u00eda"},"content":{"rendered":"<div style=\"color:black;font-family: Arial, sans-serif\">\n\u00a1Bienvenido a <strong>VitaGlobe &#8211; Tu salud, sin fronteras<\/strong>! \ud83c\udf0d En nuestra tienda, donde \u201c<strong>Conectamos salud con el mundo<\/strong>\u201d, nos preocupamos por tu bienestar en cada detalle.<\/p>\n<p><strong>Viro-Grip Lim\u00f3n AM Polvo<\/strong> es una opci\u00f3n pr\u00e1ctica para el alivio temporal de los s\u00edntomas asociados al resfriado com\u00fan y la gripe como fiebre, dolor de cabeza, congesti\u00f3n nasal y estornudos. Su <strong>sabor lim\u00f3n<\/strong> lo hace f\u00e1cil y agradable de consumir durante tus ma\u00f1anas, adapt\u00e1ndose a tu rutina diaria.<\/p>\n<p>Presentado en polvo, solo tienes que disolverlo en agua para obtener un <strong>r\u00e1pido efecto<\/strong>. Conf\u00eda en la soluci\u00f3n que ayuda a sobrellevar esos d\u00edas inc\u00f3modos, manteni\u00e9ndote activo, informado y listo para seguir <strong>conectando con el mundo<\/strong>. <\/p>\n<p>En <strong>VitaGlobe<\/strong> trabajamos por una salud global, llevando productos confiables directamente a ti. \ud83d\udc9b\n<\/div>\n","protected":false},"excerpt":{"rendered":"<div style=\"color:black;font-family: Arial, sans-serif\">\nDisfruta el sabor <strong>a lim\u00f3n<\/strong> de <strong>Viro-Grip Lim\u00f3n AM Polvo<\/strong> y prep\u00e1ralo f\u00e1cilmente en casa para esos d\u00edas que lo necesitas. Perfecto para quienes buscan practicidad y gusto en cada sorbo. <strong>\u00a1Una opci\u00f3n deliciosa y sencilla!<\/strong> \ud83c\udf4b\ud83d\udd52<\/p>\n<p style=\"color:red;font-weight:bold;font-style:italic;font-size:1.1em\">\u00a1Haz tu pedido hoy y ll\u00e9valo a donde quieras con VitaGlobe!<\/p>\n<\/div>\n","protected":false},"featured_media":3371,"comment_status":"closed","ping_status":"closed","template":"","meta":{"_kad_post_transparent":"","_kad_post_title":"","_kad_post_layout":"","_kad_post_sidebar_id":"","_kad_post_content_style":"","_kad_post_vertical_padding":"","_kad_post_feature":"","_kad_post_feature_position":"","_kad_post_header":false,"_kad_post_footer":false},"product_brand":[],"product_cat":[382,94,214],"product_tag":[146,654,431,432,433,434,435,436,201],"class_list":{"0":"post-3342","1":"product","2":"type-product","3":"status-publish","4":"has-post-thumbnail","6":"product_cat-gripe","7":"product_cat-laboratorios-vijosa","8":"product_cat-para-el-dolor-y-fiebre","9":"product_tag-el-salvador","10":"product_tag-viro-grip-dia","11":"product_tag-viro-grip-te","12":"product_tag-virogrip-am","13":"product_tag-virogrip-dia","14":"product_tag-virogrip-limon","15":"product_tag-virogrip-para-la-gripa","16":"product_tag-virogrip-polvo-para-la-gripe","17":"product_tag-vitaminas-en-el-salvador","19":"first","20":"instock","21":"shipping-taxable","22":"purchasable","23":"product-type-simple","24":"entry","25":"content-bg","26":"loop-entry"},"_links":{"self":[{"href":"https:\/\/vitaminaselsalvador.net\/index.php\/wp-json\/wp\/v2\/product\/3342","targetHints":{"allow":["GET"]}}],"collection":[{"href":"https:\/\/vitaminaselsalvador.net\/index.php\/wp-json\/wp\/v2\/product"}],"about":[{"href":"https:\/\/vitaminaselsalvador.net\/index.php\/wp-json\/wp\/v2\/types\/product"}],"replies":[{"embeddable":true,"href":"https:\/\/vitaminaselsalvador.net\/index.php\/wp-json\/wp\/v2\/comments?post=3342"}],"wp:featuredmedia":[{"embeddable":true,"href":"https:\/\/vitaminaselsalvador.net\/index.php\/wp-json\/wp\/v2\/media\/3371"}],"wp:attachment":[{"href":"https:\/\/vitaminaselsalvador.net\/index.php\/wp-json\/wp\/v2\/media?parent=3342"}],"wp:term":[{"taxonomy":"product_brand","embeddable":true,"href":"https:\/\/vitaminaselsalvador.net\/index.php\/wp-json\/wp\/v2\/product_brand?post=3342"},{"taxonomy":"product_cat","embeddable":true,"href":"https:\/\/vitaminaselsalvador.net\/index.php\/wp-json\/wp\/v2\/product_cat?post=3342"},{"taxonomy":"product_tag","embeddable":true,"href":"https:\/\/vitaminaselsalvador.net\/index.php\/wp-json\/wp\/v2\/product_tag?post=3342"}],"curies":[{"name":"wp","href":"https:\/\/api.w.org\/{rel}","templated":true}]}}