{"id":3338,"date":"2022-11-02T21:14:32","date_gmt":"2022-11-03T03:14:32","guid":{"rendered":"https:\/\/vitaminaselsalvador.net\/?post_type=product&#038;p=3338"},"modified":"2025-10-19T10:06:23","modified_gmt":"2025-10-19T16:06:23","slug":"diclofenaco-gel-antiinflamatorio-duopack-alivio-rapido-y-eficaz-para-el-dolor","status":"publish","type":"product","link":"https:\/\/vitaminaselsalvador.net\/index.php\/product\/diclofenaco-gel-antiinflamatorio-duopack-alivio-rapido-y-eficaz-para-el-dolor\/","title":{"rendered":"DICLOFENACO GEL ANTIINFLAMATORIO DUOPACK Alivio r\u00e1pido y eficaz para el dolor"},"content":{"rendered":"<div style=\"color:black;font-family: Arial, sans-serif\">\n<strong>DICLOFENACO GEL ANTIINFLAMATORIO DUOPACK<\/strong><\/p>\n<p>\u00a1Alivia tu bienestar con <strong>Diclofenaco Gel Antiinflamatorio Duopack<\/strong>! Descubre la opci\u00f3n ideal para quienes buscan confort y cuidado en casa. En <strong>VitaGlobe &#8211; Tu salud, sin fronteras<\/strong> \ud83c\udf0d nos comprometemos a ofrecerte productos confiables que conectan la salud con el mundo.<\/p>\n<p><strong>Caracter\u00edsticas principales:<\/strong><\/p>\n<ul>\n<li> Duopack pr\u00e1ctico que facilita su uso y almacenamiento. <\/li>\n<li> Contiene <strong>diclofenaco<\/strong> en gel, reconocido por su acci\u00f3n antiinflamatoria t\u00f3pica. <\/li>\n<li> Presentaci\u00f3n f\u00e1cil de aplicar y de r\u00e1pida absorci\u00f3n. <\/li>\n<li> Ideal para el alivio localizado de molestias musculares y articulares. <\/li>\n<\/ul>\n<p><strong>Conf\u00eda en un aliado respaldado por la calidad, dise\u00f1ado para aportar comodidad a tu d\u00eda a d\u00eda. Vive la experiencia de comprar seguro con VitaGlobe y siente la tranquilidad de cuidar tu salud est\u00e9s donde est\u00e9s.<\/strong> \ud83e\udd1d<\/p>\n<p><strong>\u00a1Con\u00e9ctate al bienestar con VitaGlobe!<\/strong>\n<\/div>\n","protected":false},"excerpt":{"rendered":"<div style=\"color:black;font-family: Arial, sans-serif\">\n<strong>DICLOFENACO GEL ANTIINFLAMATORIO DUOPACK<\/strong> \ud83e\uddf4\ud83d\udcaa<br \/>\nConsigue el alivio que buscas con este <strong>duopack<\/strong> especial de gel antiinflamatorio. Ideal para tener siempre a la mano y cuidar de ti y tu familia.<br \/>\nEn VitaGlobe, <strong>tu salud, sin fronteras<\/strong>, conectamos soluciones esenciales para tu bienestar.<\/p>\n<p style=\"color:red;font-weight:bold;font-style:italic;font-size:1.1em\">\u00a1Haz tu pedido ahora y cuida lo que m\u00e1s importa!<\/p>\n<\/div>\n","protected":false},"featured_media":3368,"comment_status":"closed","ping_status":"closed","template":"","meta":{"_kad_post_transparent":"","_kad_post_title":"","_kad_post_layout":"","_kad_post_sidebar_id":"","_kad_post_content_style":"","_kad_post_vertical_padding":"","_kad_post_feature":"","_kad_post_feature_position":"","_kad_post_header":false,"_kad_post_footer":false},"product_brand":[],"product_cat":[104,235,318,645],"product_tag":[646,647,648],"class_list":{"0":"post-3338","1":"product","2":"type-product","3":"status-publish","4":"has-post-thumbnail","6":"product_cat-artritis","7":"product_cat-artritis-artrosis-reuma","8":"product_cat-cremas","9":"product_cat-laboratorios-genfar","10":"product_tag-diclofenaco-gel","11":"product_tag-secundario-a-traumatismos-leves-y-moderados","12":"product_tag-tratamiento-sintomatico-del-dolor","14":"first","15":"instock","16":"shipping-taxable","17":"purchasable","18":"product-type-simple","19":"entry","20":"content-bg","21":"loop-entry"},"_links":{"self":[{"href":"https:\/\/vitaminaselsalvador.net\/index.php\/wp-json\/wp\/v2\/product\/3338","targetHints":{"allow":["GET"]}}],"collection":[{"href":"https:\/\/vitaminaselsalvador.net\/index.php\/wp-json\/wp\/v2\/product"}],"about":[{"href":"https:\/\/vitaminaselsalvador.net\/index.php\/wp-json\/wp\/v2\/types\/product"}],"replies":[{"embeddable":true,"href":"https:\/\/vitaminaselsalvador.net\/index.php\/wp-json\/wp\/v2\/comments?post=3338"}],"wp:featuredmedia":[{"embeddable":true,"href":"https:\/\/vitaminaselsalvador.net\/index.php\/wp-json\/wp\/v2\/media\/3368"}],"wp:attachment":[{"href":"https:\/\/vitaminaselsalvador.net\/index.php\/wp-json\/wp\/v2\/media?parent=3338"}],"wp:term":[{"taxonomy":"product_brand","embeddable":true,"href":"https:\/\/vitaminaselsalvador.net\/index.php\/wp-json\/wp\/v2\/product_brand?post=3338"},{"taxonomy":"product_cat","embeddable":true,"href":"https:\/\/vitaminaselsalvador.net\/index.php\/wp-json\/wp\/v2\/product_cat?post=3338"},{"taxonomy":"product_tag","embeddable":true,"href":"https:\/\/vitaminaselsalvador.net\/index.php\/wp-json\/wp\/v2\/product_tag?post=3338"}],"curies":[{"name":"wp","href":"https:\/\/api.w.org\/{rel}","templated":true}]}}