{"id":3299,"date":"2022-11-02T21:14:07","date_gmt":"2022-11-03T03:14:07","guid":{"rendered":"https:\/\/vitaminaselsalvador.net\/?post_type=product&#038;p=3299"},"modified":"2025-10-09T10:06:25","modified_gmt":"2025-10-09T16:06:25","slug":"viva-sin-hongos-con-cloten-una-elimina-eficazmente-los-hongos-y-cuida-tus-unas","status":"publish","type":"product","link":"https:\/\/vitaminaselsalvador.net\/index.php\/product\/viva-sin-hongos-con-cloten-una-elimina-eficazmente-los-hongos-y-cuida-tus-unas\/","title":{"rendered":"Viva sin hongos con Clot\u00e9n u\u00f1a elimina eficazmente los hongos y cuida tus u\u00f1as"},"content":{"rendered":"<div style=\"color:black;font-family: Arial, sans-serif\">\nDescubre <strong>Viva sin hongos con Clot\u00e9n u\u00f1a<\/strong>, el aliado que te ayuda a cuidar la salud de tus u\u00f1as. En <strong>VitaGlobe &#8211; Tu salud, sin fronteras<\/strong> \ud83c\udf0d, te ofrecemos productos cuidadosamente seleccionados porque creemos que una buena salud empieza en los peque\u00f1os detalles.<\/p>\n<p><strong>Caracter\u00edsticas principales:<\/strong><\/p>\n<ul>\n<li>F\u00f3rmula especializada con Clot\u00e9n u\u00f1a<\/li>\n<li>Presentaci\u00f3n pr\u00e1ctica y f\u00e1cil de aplicar<\/li>\n<li>Ideal para el cuidado diario de las u\u00f1as<\/li>\n<\/ul>\n<p>Dale a tus u\u00f1as el trato que merecen con <strong>Viva sin hongos con Clot\u00e9n u\u00f1a<\/strong>. Conf\u00eda en <strong>VitaGlobe<\/strong>, tu tienda online donde <strong>\u201cConectamos salud con el mundo\u201d<\/strong> \ud83c\udf31. \u00a1Haz tu pedido y siente la diferencia en tu rutina de cuidado personal!\n<\/div>\n","protected":false},"excerpt":{"rendered":"<div style=\"color:black;font-family: Arial, sans-serif\">\n<strong>Viva sin hongos<\/strong> con Clot\u00e9n u\u00f1a \ud83e\uddb6\u2728. Disfruta de unas u\u00f1as saludables y libres de molestias. Cuida de tu bienestar con <strong>Clot\u00e9n u\u00f1a<\/strong>, la opci\u00f3n confiable para tu d\u00eda a d\u00eda. Recupera la confianza en cada paso.<\/p>\n<p style=\"color:red;font-weight:bold;font-style:italic;font-size:1.1em\">\u00a1Haz tu pedido en VitaGlobe y comienza a vivir sin hongos hoy!<\/p>\n<\/div>\n","protected":false},"featured_media":3326,"comment_status":"closed","ping_status":"closed","template":"","meta":{"_kad_post_transparent":"","_kad_post_title":"","_kad_post_layout":"","_kad_post_sidebar_id":"","_kad_post_content_style":"","_kad_post_vertical_padding":"","_kad_post_feature":"","_kad_post_feature_position":"","_kad_post_header":false,"_kad_post_footer":false},"product_brand":[],"product_cat":[250,612,180,108],"product_tag":[390,391,392,393,394,395,396],"class_list":{"0":"post-3299","1":"product","2":"type-product","3":"status-publish","4":"has-post-thumbnail","6":"product_cat-capsulas","7":"product_cat-cuidado-de-la-piel-y-unas","8":"product_cat-laboratorios-lopez","9":"product_cat-salud-y-belleza","10":"product_tag-cloten-una","11":"product_tag-cloten-una-amazon","12":"product_tag-cloten-una-dosis","13":"product_tag-cloten-una-ebay","14":"product_tag-cloten-una-precios","15":"product_tag-hongo-de-una-del-pie","16":"product_tag-hongo-de-unas","18":"first","19":"instock","20":"shipping-taxable","21":"purchasable","22":"product-type-simple","23":"entry","24":"content-bg","25":"loop-entry"},"_links":{"self":[{"href":"https:\/\/vitaminaselsalvador.net\/index.php\/wp-json\/wp\/v2\/product\/3299","targetHints":{"allow":["GET"]}}],"collection":[{"href":"https:\/\/vitaminaselsalvador.net\/index.php\/wp-json\/wp\/v2\/product"}],"about":[{"href":"https:\/\/vitaminaselsalvador.net\/index.php\/wp-json\/wp\/v2\/types\/product"}],"replies":[{"embeddable":true,"href":"https:\/\/vitaminaselsalvador.net\/index.php\/wp-json\/wp\/v2\/comments?post=3299"}],"wp:featuredmedia":[{"embeddable":true,"href":"https:\/\/vitaminaselsalvador.net\/index.php\/wp-json\/wp\/v2\/media\/3326"}],"wp:attachment":[{"href":"https:\/\/vitaminaselsalvador.net\/index.php\/wp-json\/wp\/v2\/media?parent=3299"}],"wp:term":[{"taxonomy":"product_brand","embeddable":true,"href":"https:\/\/vitaminaselsalvador.net\/index.php\/wp-json\/wp\/v2\/product_brand?post=3299"},{"taxonomy":"product_cat","embeddable":true,"href":"https:\/\/vitaminaselsalvador.net\/index.php\/wp-json\/wp\/v2\/product_cat?post=3299"},{"taxonomy":"product_tag","embeddable":true,"href":"https:\/\/vitaminaselsalvador.net\/index.php\/wp-json\/wp\/v2\/product_tag?post=3299"}],"curies":[{"name":"wp","href":"https:\/\/api.w.org\/{rel}","templated":true}]}}