{"id":3298,"date":"2022-11-02T21:14:07","date_gmt":"2022-11-03T03:14:07","guid":{"rendered":"https:\/\/vitaminaselsalvador.net\/?post_type=product&#038;p=3298"},"modified":"2025-10-08T10:19:42","modified_gmt":"2025-10-08T16:19:42","slug":"sudagrip-polvo-granulado-alivia-rapido-tus-sintomas-gripales-recupera-energia-y-bienestar-en-minutos","status":"publish","type":"product","link":"https:\/\/vitaminaselsalvador.net\/index.php\/product\/sudagrip-polvo-granulado-alivia-rapido-tus-sintomas-gripales-recupera-energia-y-bienestar-en-minutos\/","title":{"rendered":"SUDAGRIP Polvo Granulado alivia r\u00e1pido tus s\u00edntomas gripales recupera energ\u00eda y bienestar en minutos"},"content":{"rendered":"<div style=\"color:black;font-family: Arial, sans-serif\">\n\u00bfSientes molestias por la gripe? <strong>SUDAGRIP Polvo Granulado<\/strong> est\u00e1 dise\u00f1ado para <strong>aliviar r\u00e1pidamente tus s\u00edntomas gripales<\/strong> y ayudarte a <strong>recuperar tu bienestar en minutos<\/strong>. En <strong>VitaGlobe &#8211; Tu salud, sin fronteras<\/strong>, sabemos lo importante que es sentirte bien para continuar con tu rutina diaria. \ud83c\udf0d\ud83d\udc9a<\/p>\n<p>Descubre la tranquilidad de volver a ti mismo gracias a la eficacia comprobada de <strong>SUDAGRIP Polvo Granulado<\/strong>. Es la opci\u00f3n confiable para quienes buscan aliviar de manera pr\u00e1ctica y efectiva los s\u00edntomas molestos de la gripe. <\/p>\n<p>Conf\u00eda en VitaGlobe, donde <em>\u201cConectando salud con el mundo.\u201d<\/em> no es solo nuestro lema, \u00a1es nuestro compromiso! \ud83d\ude0a\ud83c\udf10<\/p>\n<p><strong>Recobra tu energ\u00eda y bienestar con SUDAGRIP Granulado y sigue adelante con lo que m\u00e1s te importa.<\/strong>\n<\/div>\n","protected":false},"excerpt":{"rendered":"<div style=\"color:black;font-family: Arial, sans-serif\">\nRecupera tu bienestar en minutos con <strong>SUDAGRIP Polvo Granulado<\/strong> \ud83d\udcaa. Alivia r\u00e1pido tus s\u00edntomas gripales \ud83e\udd27 y vuelve a sentirte bien. Conf\u00eda en VitaGlobe: <strong>tu salud, sin fronteras<\/strong>. <\/p>\n<p style=\"color:red;font-weight:bold;font-style:italic;font-size:1.1em\">\u00a1No dejes que la gripe te detenga, alivia tus s\u00edntomas hoy!<\/p>\n<\/div>\n","protected":false},"featured_media":3325,"comment_status":"closed","ping_status":"closed","template":"","meta":{"_kad_post_transparent":"","_kad_post_title":"","_kad_post_layout":"","_kad_post_sidebar_id":"","_kad_post_content_style":"","_kad_post_vertical_padding":"","_kad_post_feature":"","_kad_post_feature_position":"","_kad_post_header":false,"_kad_post_footer":false},"product_brand":[],"product_cat":[382,383,212,214],"product_tag":[146,384,385,386,387,388,389,201],"class_list":{"0":"post-3298","1":"product","2":"type-product","3":"status-publish","4":"has-post-thumbnail","6":"product_cat-gripe","7":"product_cat-laboratorios-paill","8":"product_cat-medicina","9":"product_cat-para-el-dolor-y-fiebre","10":"product_tag-el-salvador","11":"product_tag-sudagrip-capsulas","12":"product_tag-sudagrip-capsulas-para-la-gripe","13":"product_tag-sudagrip-el-salvador","14":"product_tag-sudagrip-para-la-gripe","15":"product_tag-sudagrip-polvo-granulado","16":"product_tag-sudagrip-te","17":"product_tag-vitaminas-en-el-salvador","19":"first","20":"instock","21":"shipping-taxable","22":"purchasable","23":"product-type-simple","24":"entry","25":"content-bg","26":"loop-entry"},"_links":{"self":[{"href":"https:\/\/vitaminaselsalvador.net\/index.php\/wp-json\/wp\/v2\/product\/3298","targetHints":{"allow":["GET"]}}],"collection":[{"href":"https:\/\/vitaminaselsalvador.net\/index.php\/wp-json\/wp\/v2\/product"}],"about":[{"href":"https:\/\/vitaminaselsalvador.net\/index.php\/wp-json\/wp\/v2\/types\/product"}],"replies":[{"embeddable":true,"href":"https:\/\/vitaminaselsalvador.net\/index.php\/wp-json\/wp\/v2\/comments?post=3298"}],"wp:featuredmedia":[{"embeddable":true,"href":"https:\/\/vitaminaselsalvador.net\/index.php\/wp-json\/wp\/v2\/media\/3325"}],"wp:attachment":[{"href":"https:\/\/vitaminaselsalvador.net\/index.php\/wp-json\/wp\/v2\/media?parent=3298"}],"wp:term":[{"taxonomy":"product_brand","embeddable":true,"href":"https:\/\/vitaminaselsalvador.net\/index.php\/wp-json\/wp\/v2\/product_brand?post=3298"},{"taxonomy":"product_cat","embeddable":true,"href":"https:\/\/vitaminaselsalvador.net\/index.php\/wp-json\/wp\/v2\/product_cat?post=3298"},{"taxonomy":"product_tag","embeddable":true,"href":"https:\/\/vitaminaselsalvador.net\/index.php\/wp-json\/wp\/v2\/product_tag?post=3298"}],"curies":[{"name":"wp","href":"https:\/\/api.w.org\/{rel}","templated":true}]}}