{"id":3288,"date":"2022-11-02T21:14:06","date_gmt":"2022-11-03T03:14:06","guid":{"rendered":"https:\/\/vitaminaselsalvador.net\/?post_type=product&#038;p=3288"},"modified":"2025-09-26T10:06:24","modified_gmt":"2025-09-26T16:06:24","slug":"tadalafil-de-calox-potencia-tu-bienestar-en-cada-dia","status":"publish","type":"product","link":"https:\/\/vitaminaselsalvador.net\/index.php\/product\/tadalafil-de-calox-potencia-tu-bienestar-en-cada-dia\/","title":{"rendered":"Tadalafil de CALOX potencia tu bienestar en cada d\u00eda"},"content":{"rendered":"<div style=\"color:black;font-family: Arial, sans-serif\">\n<strong>Tadalafil CALOX<\/strong> es un medicamento en tabletas recubiertas que contiene <strong>Tadalafil<\/strong> como principio activo. Est\u00e1 indicado para el manejo de la <strong>dysfunci\u00f3n er\u00e9ctil<\/strong> en hombres adultos, ofreciendo una opci\u00f3n confiable bajo prescripci\u00f3n m\u00e9dica.<\/p>\n<p>En <strong>VitaGlobe<\/strong>, tu farmacia de confianza, queremos brindarte productos de calidad para cuidar tu salud, sin fronteras. Nuestro lema \u00ab<strong>Conectando salud con el mundo<\/strong>\u00bb respalda nuestro compromiso contigo. <\/p>\n<p><strong>Presentaci\u00f3n:<\/strong> Tadalafil CALOX 20 mg, caja con tabletas recubiertas.<\/p>\n<p><strong>Modo de uso:<\/strong> Administraci\u00f3n oral seg\u00fan las indicaciones de tu m\u00e9dico especialista.<\/p>\n<p>Recuerda: este producto requiere receta m\u00e9dica para su venta. Consulta siempre con un profesional antes de iniciar cualquier tratamiento.<\/p>\n<p>En <strong>VitaGlobe<\/strong> estamos para acompa\u00f1arte en cada paso hacia tu bienestar \ud83c\udf0e\u2764\ufe0f. Si tienes dudas, nuestro equipo est\u00e1 listo para apoyarte.\n<\/div>\n","protected":false},"excerpt":{"rendered":"<div style=\"color:black;font-family: Arial, sans-serif\">\n<strong>Tadalafil de CALOX<\/strong> es una opci\u00f3n confiable que apoya tu bienestar masculino. \ud83d\udc8a Disfruta de la confianza que necesitas con la calidad de <strong>CALOX<\/strong>. Disponible en VitaGlobe, tu tienda de confianza, donde la salud se conecta con el mundo. \ud83c\udf0d<\/p>\n<p style=\"color:red;font-weight:bold;font-style:italic;font-size:1.1em\">\u00a1Adquiere Tadalafil de CALOX y prioriza tu salud hoy!<\/p>\n<\/div>\n","protected":false},"featured_media":3318,"comment_status":"closed","ping_status":"closed","template":"","meta":{"_kad_post_transparent":"","_kad_post_title":"","_kad_post_layout":"","_kad_post_sidebar_id":"","_kad_post_content_style":"","_kad_post_vertical_padding":"","_kad_post_feature":"","_kad_post_feature_position":"","_kad_post_header":false,"_kad_post_footer":false},"product_brand":[],"product_cat":[582,504,215],"product_tag":[583,584,509,585,586,587,588,589,590],"class_list":{"0":"post-3288","1":"product","2":"type-product","3":"status-publish","4":"has-post-thumbnail","6":"product_cat-calox","7":"product_cat-potenciador-sexual","8":"product_cat-tabletas","9":"product_tag-actividad-sexual","10":"product_tag-calox","11":"product_tag-disfuncion-erectil","12":"product_tag-disfunciones-erectiles","13":"product_tag-ereccion","14":"product_tag-incrementa-la-circulacion-de-sangre-en-el-pene","15":"product_tag-relaja-los-musculos-del-pene","16":"product_tag-relaja-los-vasos-sanguineos","17":"product_tag-tadalafil","19":"first","20":"instock","21":"purchasable","22":"product-type-simple","23":"entry","24":"content-bg","25":"loop-entry"},"_links":{"self":[{"href":"https:\/\/vitaminaselsalvador.net\/index.php\/wp-json\/wp\/v2\/product\/3288","targetHints":{"allow":["GET"]}}],"collection":[{"href":"https:\/\/vitaminaselsalvador.net\/index.php\/wp-json\/wp\/v2\/product"}],"about":[{"href":"https:\/\/vitaminaselsalvador.net\/index.php\/wp-json\/wp\/v2\/types\/product"}],"replies":[{"embeddable":true,"href":"https:\/\/vitaminaselsalvador.net\/index.php\/wp-json\/wp\/v2\/comments?post=3288"}],"wp:featuredmedia":[{"embeddable":true,"href":"https:\/\/vitaminaselsalvador.net\/index.php\/wp-json\/wp\/v2\/media\/3318"}],"wp:attachment":[{"href":"https:\/\/vitaminaselsalvador.net\/index.php\/wp-json\/wp\/v2\/media?parent=3288"}],"wp:term":[{"taxonomy":"product_brand","embeddable":true,"href":"https:\/\/vitaminaselsalvador.net\/index.php\/wp-json\/wp\/v2\/product_brand?post=3288"},{"taxonomy":"product_cat","embeddable":true,"href":"https:\/\/vitaminaselsalvador.net\/index.php\/wp-json\/wp\/v2\/product_cat?post=3288"},{"taxonomy":"product_tag","embeddable":true,"href":"https:\/\/vitaminaselsalvador.net\/index.php\/wp-json\/wp\/v2\/product_tag?post=3288"}],"curies":[{"name":"wp","href":"https:\/\/api.w.org\/{rel}","templated":true}]}}