{"id":3287,"date":"2022-11-02T21:14:06","date_gmt":"2022-11-03T03:14:06","guid":{"rendered":"https:\/\/vitaminaselsalvador.net\/?post_type=product&#038;p=3287"},"modified":"2025-09-25T10:06:31","modified_gmt":"2025-09-25T16:06:31","slug":"calma-los-nervios-con-dolo-nervi-doce-inyeccion-tripack-alivia-molestias-y-mejora-tu-bienestar","status":"publish","type":"product","link":"https:\/\/vitaminaselsalvador.net\/index.php\/product\/calma-los-nervios-con-dolo-nervi-doce-inyeccion-tripack-alivia-molestias-y-mejora-tu-bienestar\/","title":{"rendered":"Calma los nervios con DOLO NERVI DOCE INYECCION TRIPACK alivia molestias y mejora tu bienestar"},"content":{"rendered":"<div style=\"color:black;font-family: Arial, sans-serif\">\n<strong>Calma los nervios con DOLO NERVI DOCE INYECCI\u00d3N TRIPACK<\/strong><\/p>\n<p>Descubre el <strong>alivio que necesitas<\/strong> con el <strong>DOLO NERVI DOCE INYECCI\u00d3N TRIPACK<\/strong>, presentado por VitaGlobe &#8211; Tu salud, sin fronteras. Este producto est\u00e1 dise\u00f1ado especialmente para quienes buscan <strong>apoyo en el bienestar de los nervios<\/strong> y requieren una opci\u00f3n confiable. Cada tripack te ofrece la conveniencia de tener <strong>tres dosis individuales<\/strong>, pr\u00e1cticas y listas para usar cuando lo necesites.<\/p>\n<p>Con VitaGlobe, \u201c<strong>Conectando salud con el mundo<\/strong>\u201d, tu bienestar est\u00e1 en el centro de nuestra misi\u00f3n. Conf\u00eda en la calidad y respaldo de un producto original, ampliamente reconocido en su categor\u00eda.<\/p>\n<p><strong>Ventajas del DOLO NERVI DOCE INYECCI\u00d3N TRIPACK:<\/strong><\/p>\n<ul>\n<li>Presentaci\u00f3n de <strong>tres inyecciones<\/strong> listas para aplicar<\/li>\n<li><strong>F\u00e1cil de transportar<\/strong> y almacenar<\/li>\n<li>Ideal para quienes buscan <strong>calmar los nervios<\/strong> de forma pr\u00e1ctica<\/li>\n<\/ul>\n<p>\u00a1Prioriza tu salud y tu tranquilidad con el respaldo de VitaGlobe! \ud83d\ude0a\n<\/p><\/div>\n","protected":false},"excerpt":{"rendered":"<div style=\"color:black;font-family: Arial, sans-serif\">\n<strong>Calma los nervios<\/strong> con el pr\u00e1ctico <strong>DOLO NERVI DOCE INYECCION TRIPACK<\/strong>. Ideal para quienes buscan tranquilidad y comodidad en cada aplicaci\u00f3n. Disfruta de una opci\u00f3n r\u00e1pida y sencilla que te ayuda a mantener tu bienestar. \ud83d\ude0a\u2728 Elige VitaGlobe, donde <strong>tu salud<\/strong> es prioridad.<\/p>\n<p style=\"color:red;font-weight:bold;font-style:italic;font-size:1.1em\">\u00a1Ord\u00e9nalo hoy y disfruta de calma en cada d\u00eda!<\/p>\n<\/div>\n","protected":false},"featured_media":3317,"comment_status":"closed","ping_status":"closed","template":"","meta":{"_kad_post_transparent":"","_kad_post_title":"","_kad_post_layout":"","_kad_post_sidebar_id":"","_kad_post_content_style":"","_kad_post_vertical_padding":"","_kad_post_feature":"","_kad_post_feature_position":"","_kad_post_header":false,"_kad_post_footer":false},"product_brand":[],"product_cat":[104,93,516,94,95,108,97],"product_tag":[575,576,577,578,579,580,581],"class_list":{"0":"post-3287","1":"product","2":"type-product","3":"status-publish","4":"has-post-thumbnail","6":"product_cat-artritis","7":"product_cat-control-de-estres","8":"product_cat-inyectables","9":"product_cat-laboratorios-vijosa","10":"product_cat-multivitaminas","11":"product_cat-salud-y-belleza","12":"product_cat-vitaminas-neurotropas","13":"product_tag-dolo-nervi-doce","14":"product_tag-dolo-nervi-doce-amazon","15":"product_tag-dolo-nervi-doce-contra-el-herpes-zoster","16":"product_tag-dolo-nervi-doce-ebay","17":"product_tag-dolo-nervi-doce-para-el-lumbago","18":"product_tag-dolo-nervi-doce-paralisis-facial","19":"product_tag-para-que-sirve-dolo-nervi-doce","21":"first","22":"instock","23":"purchasable","24":"product-type-simple","25":"entry","26":"content-bg","27":"loop-entry"},"_links":{"self":[{"href":"https:\/\/vitaminaselsalvador.net\/index.php\/wp-json\/wp\/v2\/product\/3287","targetHints":{"allow":["GET"]}}],"collection":[{"href":"https:\/\/vitaminaselsalvador.net\/index.php\/wp-json\/wp\/v2\/product"}],"about":[{"href":"https:\/\/vitaminaselsalvador.net\/index.php\/wp-json\/wp\/v2\/types\/product"}],"replies":[{"embeddable":true,"href":"https:\/\/vitaminaselsalvador.net\/index.php\/wp-json\/wp\/v2\/comments?post=3287"}],"wp:featuredmedia":[{"embeddable":true,"href":"https:\/\/vitaminaselsalvador.net\/index.php\/wp-json\/wp\/v2\/media\/3317"}],"wp:attachment":[{"href":"https:\/\/vitaminaselsalvador.net\/index.php\/wp-json\/wp\/v2\/media?parent=3287"}],"wp:term":[{"taxonomy":"product_brand","embeddable":true,"href":"https:\/\/vitaminaselsalvador.net\/index.php\/wp-json\/wp\/v2\/product_brand?post=3287"},{"taxonomy":"product_cat","embeddable":true,"href":"https:\/\/vitaminaselsalvador.net\/index.php\/wp-json\/wp\/v2\/product_cat?post=3287"},{"taxonomy":"product_tag","embeddable":true,"href":"https:\/\/vitaminaselsalvador.net\/index.php\/wp-json\/wp\/v2\/product_tag?post=3287"}],"curies":[{"name":"wp","href":"https:\/\/api.w.org\/{rel}","templated":true}]}}