{"id":3286,"date":"2022-11-02T21:14:06","date_gmt":"2022-11-03T03:14:06","guid":{"rendered":"https:\/\/vitaminaselsalvador.net\/?post_type=product&#038;p=3286"},"modified":"2025-09-24T10:06:27","modified_gmt":"2025-09-24T16:06:27","slug":"alivie-la-gripe-con-sudagrip-inyectable-3pack-control-rapido-de-sintomas-en-vitaglobe-tu-salud-sin-fronteras","status":"publish","type":"product","link":"https:\/\/vitaminaselsalvador.net\/index.php\/product\/alivie-la-gripe-con-sudagrip-inyectable-3pack-control-rapido-de-sintomas-en-vitaglobe-tu-salud-sin-fronteras\/","title":{"rendered":"Alivie la gripe con SUDAGRIP INYECTABLE 3PACK control r\u00e1pido de s\u00edntomas en VitaGlobe Tu salud sin fronteras"},"content":{"rendered":"<div style=\"color:black;font-family: Arial, sans-serif\">\nEn <strong>VitaGlobe &#8211; Tu salud, sin fronteras<\/strong> \ud83c\udf0e, nos preocupamos por tu bienestar en todo momento. Por eso, ponemos a tu alcance el <strong>SUDAGRIP INYECTABLE 3PACK<\/strong>, una opci\u00f3n confiable para quienes buscan <strong>aliviar los s\u00edntomas de la gripe<\/strong> de manera pr\u00e1ctica y efectiva.<\/p>\n<p>Este paquete contiene <strong>3 inyecciones<\/strong> de Sudagrip, dise\u00f1adas para apoyarte en esos d\u00edas complicados, ayudando a <strong>reducir el malestar gripal<\/strong> cuando lo necesites. Su formato inyectable facilita la administraci\u00f3n y dosificaci\u00f3n adecuada, siempre bajo la supervisi\u00f3n de tu profesional de salud.<\/p>\n<p>Conf\u00eda en la calidad y respaldo de un producto ampliamente utilizado. Con <strong>VitaGlobe<\/strong>, tienes la tranquilidad de recibir lo que tu salud necesita, est\u00e9s donde est\u00e9s. Porque <strong>conectamos salud con el mundo<\/strong> para cuidar de ti y los tuyos. \ud83e\udd1d<\/p>\n<p><strong>Nota:<\/strong> La compra y uso de este producto debe ser bajo indicaci\u00f3n y vigilancia m\u00e9dica.\n<\/div>\n","protected":false},"excerpt":{"rendered":"<div style=\"color:black;font-family: Arial, sans-serif\">\n<strong>Alivie la gripe<\/strong> con <strong>SUDAGRIP INYECTABLE 3PACK<\/strong> \ud83e\udd27\ud83d\udc89. Recupere su bienestar y sienta el respaldo de <strong>VitaGlobe<\/strong>, donde su salud no tiene fronteras. \u00a1Conf\u00ede en la soluci\u00f3n que conecta salud con el mundo!<\/p>\n<p style=\"color:red;font-weight:bold;font-style:italic;font-size:1.1em\">\u00a1Lleve su SUDAGRIP INYECTABLE 3PACK hoy y diga adi\u00f3s a la gripe!<\/p>\n<\/div>\n","protected":false},"featured_media":3316,"comment_status":"closed","ping_status":"closed","template":"","meta":{"_kad_post_transparent":"","_kad_post_title":"","_kad_post_layout":"","_kad_post_sidebar_id":"","_kad_post_content_style":"","_kad_post_vertical_padding":"","_kad_post_feature":"","_kad_post_feature_position":"","_kad_post_header":false,"_kad_post_footer":false},"product_brand":[],"product_cat":[549,516,383,214],"product_tag":[146,384,385,386,573,574,387,388,389,201],"class_list":{"0":"post-3286","1":"product","2":"type-product","3":"status-publish","4":"has-post-thumbnail","6":"product_cat-ampolla-intramuscular","7":"product_cat-inyectables","8":"product_cat-laboratorios-paill","9":"product_cat-para-el-dolor-y-fiebre","10":"product_tag-el-salvador","11":"product_tag-sudagrip-capsulas","12":"product_tag-sudagrip-capsulas-para-la-gripe","13":"product_tag-sudagrip-el-salvador","14":"product_tag-sudagrip-inyeccion","15":"product_tag-sudagrip-inyectable","16":"product_tag-sudagrip-para-la-gripe","17":"product_tag-sudagrip-polvo-granulado","18":"product_tag-sudagrip-te","19":"product_tag-vitaminas-en-el-salvador","21":"first","22":"instock","23":"purchasable","24":"product-type-simple","25":"entry","26":"content-bg","27":"loop-entry"},"_links":{"self":[{"href":"https:\/\/vitaminaselsalvador.net\/index.php\/wp-json\/wp\/v2\/product\/3286","targetHints":{"allow":["GET"]}}],"collection":[{"href":"https:\/\/vitaminaselsalvador.net\/index.php\/wp-json\/wp\/v2\/product"}],"about":[{"href":"https:\/\/vitaminaselsalvador.net\/index.php\/wp-json\/wp\/v2\/types\/product"}],"replies":[{"embeddable":true,"href":"https:\/\/vitaminaselsalvador.net\/index.php\/wp-json\/wp\/v2\/comments?post=3286"}],"wp:featuredmedia":[{"embeddable":true,"href":"https:\/\/vitaminaselsalvador.net\/index.php\/wp-json\/wp\/v2\/media\/3316"}],"wp:attachment":[{"href":"https:\/\/vitaminaselsalvador.net\/index.php\/wp-json\/wp\/v2\/media?parent=3286"}],"wp:term":[{"taxonomy":"product_brand","embeddable":true,"href":"https:\/\/vitaminaselsalvador.net\/index.php\/wp-json\/wp\/v2\/product_brand?post=3286"},{"taxonomy":"product_cat","embeddable":true,"href":"https:\/\/vitaminaselsalvador.net\/index.php\/wp-json\/wp\/v2\/product_cat?post=3286"},{"taxonomy":"product_tag","embeddable":true,"href":"https:\/\/vitaminaselsalvador.net\/index.php\/wp-json\/wp\/v2\/product_tag?post=3286"}],"curies":[{"name":"wp","href":"https:\/\/api.w.org\/{rel}","templated":true}]}}