{"id":3261,"date":"2022-11-02T21:13:43","date_gmt":"2022-11-03T03:13:43","guid":{"rendered":"https:\/\/vitaminaselsalvador.net\/?post_type=product&#038;p=3261"},"modified":"2025-07-08T11:06:25","modified_gmt":"2025-07-08T17:06:25","slug":"adios-dolor-con-kortribion-con-vitaminas-80-grageas","status":"publish","type":"product","link":"https:\/\/vitaminaselsalvador.net\/index.php\/product\/adios-dolor-con-kortribion-con-vitaminas-80-grageas\/","title":{"rendered":"Adios dolor con KORTRIBION con Vitaminas 80 Grageas"},"content":{"rendered":"<p style=\"text-align: center;\"><strong>Dosis:<\/strong><\/p>\n<p style=\"text-align: center;\"><strong><span style=\"color: #000000;\">Adultos y ni\u00f1os mayores de 12 a\u00f1os: 1 Gragea de 2 a 3 veces al d\u00eda.<\/span><\/strong><\/p>\n<p style=\"text-align: center;\"><strong>Via de Administraci\u00f3n: ORAL<\/strong><\/p>\n<p style=\"text-align: center;\"><strong><span style=\"color: #0000ff;\">20 Sobres de 4 Grageas<\/span><\/strong><\/p>\n<p>&nbsp;<\/p>\n","protected":false},"excerpt":{"rendered":"<p style=\"text-align: center;\"><span style=\"color: #ff0000;\"><strong>Analg\u00e9sico,\u00a0<\/strong><\/span><span style=\"color: #ff0000;\"><strong>Anti-inflamatorio,\u00a0<\/strong><\/span><span style=\"color: #ff0000;\"><strong>Antineur\u00edtico<\/strong><\/span><\/p>\n<p style=\"text-align: center;\"><strong><span style=\"color: #000000;\">-Articulaciones<\/span><\/strong><br \/>\n<strong><span style=\"color: #000000;\">-Dolor de Cabeza<\/span><\/strong><br \/>\n<strong><span style=\"color: #000000;\">-Fracturas<\/span><\/strong><br \/>\n<strong><span style=\"color: #000000;\">-Dolor de espalda<\/span><\/strong><br \/>\n<strong><span style=\"color: #000000;\">-Inflamaci\u00f3n<\/span><\/strong><br \/>\n<strong><span style=\"color: #000000;\">-Artritis<\/span><\/strong><\/p>\n<p style=\"text-align: center;\"><span style=\"color: #ff0000;\"><strong>Propiedades terap\u00e9uticas:<\/strong><\/span><br \/>\n<span style=\"color: #0000ff;\"><strong>Analg\u00e9sico, Antiinflamatorio con vitaminas neurotropas.<\/strong><\/span><\/p>\n<p style=\"text-align: center;\"><strong><span style=\"color: #000000;\"><span style=\"color: #ff0000;\">Indicaciones<\/span>:<\/span><\/strong><br \/>\n<strong><span style=\"color: #000000;\">Analg\u00e9sico, Antineur\u00edtico y antiinflamatorio. <\/span><\/strong><\/p>\n<p style=\"text-align: center;\"><strong><span style=\"color: #000000;\">\u00datil en proceso agudos y cr\u00f3nicos que presenten dolor e inflamaci\u00f3n, tales como traumatismos, dolores musculo esquel\u00e9tico, fracturas, mialgias, dolor muscular, artritis en todas sus formas, reumatismo articular y extra articular, dismenorrea, neuralgias faciales y del trig\u00e9mino.<\/span><\/strong><\/p>\n","protected":false},"featured_media":3267,"comment_status":"closed","ping_status":"closed","template":"","meta":{"_kad_post_transparent":"","_kad_post_title":"","_kad_post_layout":"","_kad_post_sidebar_id":"","_kad_post_content_style":"","_kad_post_vertical_padding":"","_kad_post_feature":"","_kad_post_feature_position":"","_kad_post_header":false,"_kad_post_footer":false},"product_brand":[],"product_cat":[104,168,108,181,97],"product_tag":[474,475,476,477,478],"class_list":{"0":"post-3261","1":"product","2":"type-product","3":"status-publish","4":"has-post-thumbnail","6":"product_cat-artritis","7":"product_cat-laboratorios-butter-pharma","8":"product_cat-salud-y-belleza","9":"product_cat-tabletas-recubiertas","10":"product_cat-vitaminas-neurotropas","11":"product_tag-dolor-por-reuma","12":"product_tag-kortribion-con-vitaminas","13":"product_tag-kortribion-con-vitaminas-amazon","14":"product_tag-kortribion-con-vitaminas-ebay","15":"product_tag-kortribion-con-vitaminas-original-de-el-salvador","17":"first","18":"outofstock","19":"shipping-taxable","20":"purchasable","21":"product-type-simple","22":"entry","23":"content-bg","24":"loop-entry"},"_links":{"self":[{"href":"https:\/\/vitaminaselsalvador.net\/index.php\/wp-json\/wp\/v2\/product\/3261","targetHints":{"allow":["GET"]}}],"collection":[{"href":"https:\/\/vitaminaselsalvador.net\/index.php\/wp-json\/wp\/v2\/product"}],"about":[{"href":"https:\/\/vitaminaselsalvador.net\/index.php\/wp-json\/wp\/v2\/types\/product"}],"replies":[{"embeddable":true,"href":"https:\/\/vitaminaselsalvador.net\/index.php\/wp-json\/wp\/v2\/comments?post=3261"}],"wp:featuredmedia":[{"embeddable":true,"href":"https:\/\/vitaminaselsalvador.net\/index.php\/wp-json\/wp\/v2\/media\/3267"}],"wp:attachment":[{"href":"https:\/\/vitaminaselsalvador.net\/index.php\/wp-json\/wp\/v2\/media?parent=3261"}],"wp:term":[{"taxonomy":"product_brand","embeddable":true,"href":"https:\/\/vitaminaselsalvador.net\/index.php\/wp-json\/wp\/v2\/product_brand?post=3261"},{"taxonomy":"product_cat","embeddable":true,"href":"https:\/\/vitaminaselsalvador.net\/index.php\/wp-json\/wp\/v2\/product_cat?post=3261"},{"taxonomy":"product_tag","embeddable":true,"href":"https:\/\/vitaminaselsalvador.net\/index.php\/wp-json\/wp\/v2\/product_tag?post=3261"}],"curies":[{"name":"wp","href":"https:\/\/api.w.org\/{rel}","templated":true}]}}