{"id":3259,"date":"2022-11-02T21:13:42","date_gmt":"2022-11-03T03:13:42","guid":{"rendered":"https:\/\/vitaminaselsalvador.net\/?post_type=product&#038;p=3259"},"modified":"2025-09-22T10:06:24","modified_gmt":"2025-09-22T16:06:24","slug":"adios-al-dolor-con-dolo-doceplex-d-inyeccion-tripack-alivia-tu-malestar-de-manera-rapida-y-eficaz","status":"publish","type":"product","link":"https:\/\/vitaminaselsalvador.net\/index.php\/product\/adios-al-dolor-con-dolo-doceplex-d-inyeccion-tripack-alivia-tu-malestar-de-manera-rapida-y-eficaz\/","title":{"rendered":"Adios al dolor con DOLO DOCEPLEX &#8211; D INYECCION TRIPACK alivia tu malestar de manera r\u00e1pida y eficaz"},"content":{"rendered":"<div style=\"color:black;font-family: Arial, sans-serif\">\n<strong>Adi\u00f3s al dolor con DOLO DOCEPLEX &#8211; D Inyecci\u00f3n Tripack<\/strong> es la opci\u00f3n ideal para quienes buscan aliviar molestias espec\u00edficas y sentirse mejor cada d\u00eda. En <strong>VitaGlobe &#8211; Tu salud, sin fronteras<\/strong>, te acercamos este <strong>pr\u00e1ctico tripack<\/strong> para que tengas siempre a la mano una soluci\u00f3n eficaz, r\u00e1pida y confiable. <\/p>\n<p>Con <strong>DOLO DOCEPLEX &#8211; D Inyecci\u00f3n<\/strong> puedes contar con un producto original y seguro, adecuado para su aplicaci\u00f3n bajo indicaci\u00f3n profesional. Este formato en tripack est\u00e1 pensado para brindarte mayor conveniencia y asegurar la continuidad en tus tratamientos. <\/p>\n<p>Recuerda que en <strong>VitaGlobe<\/strong> nos apasiona llevarte soluciones de calidad hasta donde te encuentres, porque nuestro compromiso es <strong>\u201cConectando salud con el mundo.\u201d<\/strong> \ud83c\udf0d\ud83d\udc99 <\/p>\n<p><strong>Compra ahora y dale prioridad a tu bienestar con productos aut\u00e9nticos y respaldo profesional.<\/strong>\n<\/div>\n","protected":false},"excerpt":{"rendered":"<div style=\"color:black;font-family: Arial, sans-serif\">\n<strong>\u00a1Adi\u00f3s al dolor!<\/strong> Descubre el <strong>DOLO DOCEPLEX &#8211; D INYECCI\u00d3N TRIPACK<\/strong>, tu aliado para sentirte mejor cada d\u00eda. R\u00e1pido, pr\u00e1ctico y pensado para tu bienestar. En <strong>VitaGlobe<\/strong> cuidamos de ti. \ud83d\ude4c\ud83e\ude7a<\/p>\n<p style=\"color:red;font-weight:bold;font-style:italic;font-size:1.1em\">\u00a1Recupera tu comodidad hoy mismo con nosotros!<\/p>\n<\/div>\n","protected":false},"featured_media":3312,"comment_status":"closed","ping_status":"closed","template":"","meta":{"_kad_post_transparent":"","_kad_post_title":"","_kad_post_layout":"","_kad_post_sidebar_id":"","_kad_post_content_style":"","_kad_post_vertical_padding":"","_kad_post_feature":"","_kad_post_feature_position":"","_kad_post_header":false,"_kad_post_footer":false},"product_brand":[],"product_cat":[104,516,94,107],"product_tag":[559,560,561,562,474,540,300,301],"class_list":{"0":"post-3259","1":"product","2":"type-product","3":"status-publish","4":"has-post-thumbnail","6":"product_cat-artritis","7":"product_cat-inyectables","8":"product_cat-laboratorios-vijosa","9":"product_cat-medicamento-para-el-dolor","10":"product_tag-dolo-doceplex-d","11":"product_tag-dolo-doceplex-d-amazon","12":"product_tag-dolo-doceplex-d-ebay","13":"product_tag-dolo-doceplex-d-original","14":"product_tag-dolor-por-reuma","15":"product_tag-para-el-reumatismo","16":"product_tag-reuma","17":"product_tag-reumatismo","19":"first","20":"instock","21":"purchasable","22":"product-type-simple","23":"entry","24":"content-bg","25":"loop-entry"},"_links":{"self":[{"href":"https:\/\/vitaminaselsalvador.net\/index.php\/wp-json\/wp\/v2\/product\/3259","targetHints":{"allow":["GET"]}}],"collection":[{"href":"https:\/\/vitaminaselsalvador.net\/index.php\/wp-json\/wp\/v2\/product"}],"about":[{"href":"https:\/\/vitaminaselsalvador.net\/index.php\/wp-json\/wp\/v2\/types\/product"}],"replies":[{"embeddable":true,"href":"https:\/\/vitaminaselsalvador.net\/index.php\/wp-json\/wp\/v2\/comments?post=3259"}],"wp:featuredmedia":[{"embeddable":true,"href":"https:\/\/vitaminaselsalvador.net\/index.php\/wp-json\/wp\/v2\/media\/3312"}],"wp:attachment":[{"href":"https:\/\/vitaminaselsalvador.net\/index.php\/wp-json\/wp\/v2\/media?parent=3259"}],"wp:term":[{"taxonomy":"product_brand","embeddable":true,"href":"https:\/\/vitaminaselsalvador.net\/index.php\/wp-json\/wp\/v2\/product_brand?post=3259"},{"taxonomy":"product_cat","embeddable":true,"href":"https:\/\/vitaminaselsalvador.net\/index.php\/wp-json\/wp\/v2\/product_cat?post=3259"},{"taxonomy":"product_tag","embeddable":true,"href":"https:\/\/vitaminaselsalvador.net\/index.php\/wp-json\/wp\/v2\/product_tag?post=3259"}],"curies":[{"name":"wp","href":"https:\/\/api.w.org\/{rel}","templated":true}]}}