{"id":3258,"date":"2022-11-02T21:13:42","date_gmt":"2022-11-03T03:13:42","guid":{"rendered":"https:\/\/vitaminaselsalvador.net\/?post_type=product&#038;p=3258"},"modified":"2025-09-21T10:06:21","modified_gmt":"2025-09-21T16:06:21","slug":"sin-gripe-con-viro-grip-inyectable-3pack-alivia-tus-sintomas-rapidamente","status":"publish","type":"product","link":"https:\/\/vitaminaselsalvador.net\/index.php\/product\/sin-gripe-con-viro-grip-inyectable-3pack-alivia-tus-sintomas-rapidamente\/","title":{"rendered":"Sin gripe con VIRO-GRIP INYECTABLE 3PACK alivia tus s\u00edntomas r\u00e1pidamente"},"content":{"rendered":"<div style=\"color:black;font-family: Arial, sans-serif\">\n<strong>\u00a1Recup\u00e9rate r\u00e1pidamente y sigue adelante con Sin gripe con VIRO-GRIP INYECTABLE 3PACK! \ud83c\udf0e<\/strong><\/p>\n<p>En <strong>VitaGlobe<\/strong>, \u201cConectando salud con el mundo\u201d, ponemos a tu alcance el <strong>VIRO-GRIP INYECTABLE 3PACK<\/strong> para que tengas siempre a mano una soluci\u00f3n cuando la gripe quiera detener tu rutina.<\/p>\n<p><strong>\u00bfQu\u00e9 recibes?<\/strong><br \/>\nEste producto incluye <strong>tres ampolletas de Viro-Grip Inyectable<\/strong>, ideales para quienes buscan una opci\u00f3n r\u00e1pida y confiable contra los s\u00edntomas gripales.<\/p>\n<p>Cada empaque de <strong>VIRO-GRIP INYECTABLE<\/strong> est\u00e1 especialmente preparado para ayudarte a estar preparado ante los cambios de clima.<\/p>\n<p><strong>\u00bfPor qu\u00e9 elegir Viro-Grip Inyectable?<\/strong><br \/>\n&#8211; Presentaci\u00f3n pr\u00e1ctica en <strong>ampolletas<\/strong><br \/>\n&#8211; <strong>3PACK<\/strong>: asegura tu disponibilidad cuando m\u00e1s la necesitas<br \/>\n&#8211; <strong>Producto original<\/strong> pensado para tu bienestar<\/p>\n<p>En <strong>VitaGlobe<\/strong>, te ofrecemos solo productos aut\u00e9nticos y confiables. Haz tu pedido ahora y recibe tu <strong>VIRO-GRIP INYECTABLE 3PACK<\/strong>, porque tu salud merece siempre lo mejor. \ud83d\udc99<\/p>\n<p><strong>Conf\u00eda en VitaGlobe: conectando salud con el mundo, sin fronteras.<\/strong>\n<\/div>\n","protected":false},"excerpt":{"rendered":"<div style=\"color:black;font-family: Arial, sans-serif\">\n<strong>Sin gripe<\/strong> con <strong>VIRO-GRIP INYECTABLE 3PACK<\/strong> \ud83d\udee1\ufe0f. Mant\u00e9n tu bienestar y desp\u00eddete de los malestares de la gripe. Perfecto para cuidar de ti y tu familia en cualquier momento. <strong>Protege tu salud<\/strong>, est\u00e9s donde est\u00e9s. <\/p>\n<p style=\"color:red;font-weight:bold;font-style:italic;font-size:1.1em\">\u00a1Haz tu pedido ahora y lleva la salud a tu hogar!<\/p>\n<\/div>\n","protected":false},"featured_media":3310,"comment_status":"closed","ping_status":"closed","template":"","meta":{"_kad_post_transparent":"","_kad_post_title":"","_kad_post_layout":"","_kad_post_sidebar_id":"","_kad_post_content_style":"","_kad_post_vertical_padding":"","_kad_post_feature":"","_kad_post_feature_position":"","_kad_post_header":false,"_kad_post_footer":false},"product_brand":[],"product_cat":[382,516,94,214],"product_tag":[552,553,554,555,556,557,558],"class_list":{"0":"post-3258","1":"product","2":"type-product","3":"status-publish","4":"has-post-thumbnail","6":"product_cat-gripe","7":"product_cat-inyectables","8":"product_cat-laboratorios-vijosa","9":"product_cat-para-el-dolor-y-fiebre","10":"product_tag-antigripal","11":"product_tag-antihistaminico","12":"product_tag-antivirico","13":"product_tag-descongestionante","14":"product_tag-viro-grip","15":"product_tag-viro-grip-inyeccion","16":"product_tag-viro-grip-inyectable","18":"first","19":"instock","20":"purchasable","21":"product-type-simple","22":"entry","23":"content-bg","24":"loop-entry"},"_links":{"self":[{"href":"https:\/\/vitaminaselsalvador.net\/index.php\/wp-json\/wp\/v2\/product\/3258","targetHints":{"allow":["GET"]}}],"collection":[{"href":"https:\/\/vitaminaselsalvador.net\/index.php\/wp-json\/wp\/v2\/product"}],"about":[{"href":"https:\/\/vitaminaselsalvador.net\/index.php\/wp-json\/wp\/v2\/types\/product"}],"replies":[{"embeddable":true,"href":"https:\/\/vitaminaselsalvador.net\/index.php\/wp-json\/wp\/v2\/comments?post=3258"}],"wp:featuredmedia":[{"embeddable":true,"href":"https:\/\/vitaminaselsalvador.net\/index.php\/wp-json\/wp\/v2\/media\/3310"}],"wp:attachment":[{"href":"https:\/\/vitaminaselsalvador.net\/index.php\/wp-json\/wp\/v2\/media?parent=3258"}],"wp:term":[{"taxonomy":"product_brand","embeddable":true,"href":"https:\/\/vitaminaselsalvador.net\/index.php\/wp-json\/wp\/v2\/product_brand?post=3258"},{"taxonomy":"product_cat","embeddable":true,"href":"https:\/\/vitaminaselsalvador.net\/index.php\/wp-json\/wp\/v2\/product_cat?post=3258"},{"taxonomy":"product_tag","embeddable":true,"href":"https:\/\/vitaminaselsalvador.net\/index.php\/wp-json\/wp\/v2\/product_tag?post=3258"}],"curies":[{"name":"wp","href":"https:\/\/api.w.org\/{rel}","templated":true}]}}