{"id":3254,"date":"2022-11-02T21:13:42","date_gmt":"2022-11-03T03:13:42","guid":{"rendered":"https:\/\/vitaminaselsalvador.net\/?post_type=product&#038;p=3254"},"modified":"2025-09-17T10:06:20","modified_gmt":"2025-09-17T16:06:20","slug":"energizate-con-foskrol-forte-con-ginseng-tripack-potencia-tu-vitalidad-cada-dia","status":"publish","type":"product","link":"https:\/\/vitaminaselsalvador.net\/index.php\/product\/energizate-con-foskrol-forte-con-ginseng-tripack-potencia-tu-vitalidad-cada-dia\/","title":{"rendered":"Energizate con FOSKROL Forte con Ginseng TRIPACK potencia tu vitalidad cada d\u00eda"},"content":{"rendered":"<div style=\"color:black;font-family: Arial, sans-serif\">\n<strong>Recarga tu energ\u00eda con FOSKROL Forte con Ginseng TRIPACK<\/strong> en <strong>VitaGlobe &#8211; Tu salud, sin fronteras<\/strong>. Nuestro lema, <em>\u201cConectando salud con el mundo.\u201d<\/em>, se refleja en cada producto que seleccionamos para ti. <\/p>\n<p>Este <strong>tripack de FOSKROL Forte<\/strong> contiene <strong>Ginseng<\/strong>, reconocido por su apoyo al bienestar y la vitalidad. Cada presentaci\u00f3n te ofrece una combinaci\u00f3n cuidadosamente elegida para quienes buscan <strong>sentirse activos y renovados<\/strong> d\u00eda a d\u00eda. <\/p>\n<p>Disfruta la tranquilidad de recibir un producto original y de calidad, ideal para quienes desean complementar su rutina diaria con un gran aliado. <\/p>\n<p><strong>\u00bfPor qu\u00e9 elegir FOSKROL Forte con Ginseng TRIPACK?<\/strong><\/p>\n<ul>\n<li>Incluye <strong>tres cajas<\/strong> para un abastecimiento prolongado.<\/li>\n<li>F\u00e1cil de consumir, ideal para quienes tienen un ritmo de vida activo.<\/li>\n<li>Respaldo de una marca reconocida y confiable en salud.<\/li>\n<\/ul>\n<p>Conecta con la mejor versi\u00f3n de ti mismo y <strong>vive tu d\u00eda al m\u00e1ximo<\/strong>. \ud83c\udf0d\u2728<\/p>\n<p><strong>VitaGlobe<\/strong> te ofrece este producto con env\u00edo r\u00e1pido, seguridad y atenci\u00f3n personalizada.\n<\/div>\n","protected":false},"excerpt":{"rendered":"<div style=\"color:black;font-family: Arial, sans-serif\">\n<strong>\u00a1Energ\u00edzate con FOSKROL Forte con Ginseng TRIPACK!<\/strong> \u26a1 Disfruta de una dosis extra de energ\u00eda para tu d\u00eda a d\u00eda. Perfecto para quienes buscan mantenerse activos y con vitalidad. <strong>Recarga tu energ\u00eda<\/strong> con este pr\u00e1ctico tripack de VitaGlobe. <\/p>\n<p style=\"color:red;font-weight:bold;font-style:italic;font-size:1.1em\">\u00a1Haz tuyo el impulso que necesitas y compra ahora tu TRIPACK!<\/p>\n<\/div>\n","protected":false},"featured_media":3192,"comment_status":"closed","ping_status":"closed","template":"","meta":{"_kad_post_transparent":"","_kad_post_title":"","_kad_post_layout":"","_kad_post_sidebar_id":"","_kad_post_content_style":"","_kad_post_vertical_padding":"","_kad_post_feature":"","_kad_post_feature_position":"","_kad_post_header":false,"_kad_post_footer":false},"product_brand":[],"product_cat":[250,106,166],"product_tag":[193,99,342,146,147,194,195,196,197,198,343,199,210,179,200,201,344],"class_list":{"0":"post-3254","1":"product","2":"type-product","3":"status-publish","4":"has-post-thumbnail","6":"product_cat-capsulas","7":"product_cat-laboratorios-biokemical","8":"product_cat-todo-dolor-y-vitaminas","9":"product_tag-biokemical","10":"product_tag-complejo-b","11":"product_tag-eczema-alergico","12":"product_tag-el-salvador","13":"product_tag-energizantes","14":"product_tag-estimulante-del-apetito","15":"product_tag-foskrol-capsulas","16":"product_tag-foskrol-con-ginseng","17":"product_tag-foskrol-forte-con-ginseng","18":"product_tag-foskrol-fuerte","19":"product_tag-foskrol-pastillas","20":"product_tag-foskrol-vitaminas-para-el-cerebro-y-nervios","21":"product_tag-pastillas-vitaminadas-para-el-dolor","22":"product_tag-vitamina-b12","23":"product_tag-vitaminas","24":"product_tag-vitaminas-en-el-salvador","25":"product_tag-vitaminas-foskrol-pastillas","27":"first","28":"instock","29":"purchasable","30":"product-type-simple","31":"entry","32":"content-bg","33":"loop-entry"},"_links":{"self":[{"href":"https:\/\/vitaminaselsalvador.net\/index.php\/wp-json\/wp\/v2\/product\/3254","targetHints":{"allow":["GET"]}}],"collection":[{"href":"https:\/\/vitaminaselsalvador.net\/index.php\/wp-json\/wp\/v2\/product"}],"about":[{"href":"https:\/\/vitaminaselsalvador.net\/index.php\/wp-json\/wp\/v2\/types\/product"}],"replies":[{"embeddable":true,"href":"https:\/\/vitaminaselsalvador.net\/index.php\/wp-json\/wp\/v2\/comments?post=3254"}],"wp:featuredmedia":[{"embeddable":true,"href":"https:\/\/vitaminaselsalvador.net\/index.php\/wp-json\/wp\/v2\/media\/3192"}],"wp:attachment":[{"href":"https:\/\/vitaminaselsalvador.net\/index.php\/wp-json\/wp\/v2\/media?parent=3254"}],"wp:term":[{"taxonomy":"product_brand","embeddable":true,"href":"https:\/\/vitaminaselsalvador.net\/index.php\/wp-json\/wp\/v2\/product_brand?post=3254"},{"taxonomy":"product_cat","embeddable":true,"href":"https:\/\/vitaminaselsalvador.net\/index.php\/wp-json\/wp\/v2\/product_cat?post=3254"},{"taxonomy":"product_tag","embeddable":true,"href":"https:\/\/vitaminaselsalvador.net\/index.php\/wp-json\/wp\/v2\/product_tag?post=3254"}],"curies":[{"name":"wp","href":"https:\/\/api.w.org\/{rel}","templated":true}]}}