{"id":3252,"date":"2022-11-02T21:13:42","date_gmt":"2022-11-03T03:13:42","guid":{"rendered":"https:\/\/vitaminaselsalvador.net\/?post_type=product&#038;p=3252"},"modified":"2025-09-16T10:06:20","modified_gmt":"2025-09-16T16:06:20","slug":"desarrolle-su-inteligencia-con-cerebrofos-nf-50-capsulas-potencia-tu-enfoque-cada-dia","status":"publish","type":"product","link":"https:\/\/vitaminaselsalvador.net\/index.php\/product\/desarrolle-su-inteligencia-con-cerebrofos-nf-50-capsulas-potencia-tu-enfoque-cada-dia\/","title":{"rendered":"Desarrolle su inteligencia con Cerebrofos NF 50 C\u00e1psulas potencia tu enfoque cada d\u00eda"},"content":{"rendered":"<div style=\"color:black;font-family: Arial, sans-serif\">\n\u00a1Potencia tu inteligencia con <strong>Cerebrofos NF 50 C\u00e1psulas<\/strong>! En <strong>VitaGlobe &#8211; Tu salud, sin fronteras<\/strong>, hemos seleccionado este suplemento que te acompa\u00f1a en el camino hacia el desarrollo mental. Su f\u00f3rmula \u00fanica combina nutrientes esenciales que <strong>contribuyen al funcionamiento saludable del sistema nervioso<\/strong> y respaldan las funciones cognitivas de tu d\u00eda a d\u00eda.<\/p>\n<p><strong>Cerebrofos NF<\/strong> es ideal para quienes buscan un apoyo extra en sus tareas intelectuales, estudio o trabajo, ayudando a mantener la claridad y el enfoque cuando m\u00e1s lo necesitas. Adem\u00e1s, su presentaci\u00f3n en c\u00e1psulas es pr\u00e1ctica y f\u00e1cil de incorporar en tu rutina diaria.<\/p>\n<p>Elige <strong>VitaGlobe<\/strong> para cuidar de tu mente y tu bienestar, porque nuestro compromiso es <strong>\u201cConectando salud con el mundo.\u201d<\/strong> \ud83c\udf0e\ud83e\udde0 \u00a1Haz de tu salud mental una prioridad cada d\u00eda!\n<\/div>\n","protected":false},"excerpt":{"rendered":"<div style=\"color:black;font-family: Arial, sans-serif\">\nPotencie su mente y <strong>desarrolle su inteligencia<\/strong> con <strong>Cerebrofos NF 50 C\u00e1psulas<\/strong> \ud83e\udde0. Un aliado para quienes buscan dar lo mejor de s\u00ed en cada reto. <strong>Descubra una nueva forma de apoyar su capacidad intelectual<\/strong> con VitaGlobe, tu salud, sin fronteras. \ud83c\udf0e <\/p>\n<p style=\"color:red;font-weight:bold;font-style:italic;font-size:1.1em\">\u00a1Impulsa tu mente hoy mismo con Cerebrofos NF!<\/p>\n<\/div>\n","protected":false},"featured_media":3265,"comment_status":"closed","ping_status":"closed","template":"","meta":{"_kad_post_transparent":"","_kad_post_title":"","_kad_post_layout":"","_kad_post_sidebar_id":"","_kad_post_content_style":"","_kad_post_vertical_padding":"","_kad_post_feature":"","_kad_post_feature_position":"","_kad_post_header":false,"_kad_post_footer":false},"product_brand":[],"product_cat":[250,180,166],"product_tag":[470,471,146,147,210,201],"class_list":{"0":"post-3252","1":"product","2":"type-product","3":"status-publish","4":"has-post-thumbnail","6":"product_cat-capsulas","7":"product_cat-laboratorios-lopez","8":"product_cat-todo-dolor-y-vitaminas","9":"product_tag-cerebrofos","10":"product_tag-cerebrofos-pastillas","11":"product_tag-el-salvador","12":"product_tag-energizantes","13":"product_tag-pastillas-vitaminadas-para-el-dolor","14":"product_tag-vitaminas-en-el-salvador","16":"first","17":"instock","18":"purchasable","19":"product-type-simple","20":"entry","21":"content-bg","22":"loop-entry"},"_links":{"self":[{"href":"https:\/\/vitaminaselsalvador.net\/index.php\/wp-json\/wp\/v2\/product\/3252","targetHints":{"allow":["GET"]}}],"collection":[{"href":"https:\/\/vitaminaselsalvador.net\/index.php\/wp-json\/wp\/v2\/product"}],"about":[{"href":"https:\/\/vitaminaselsalvador.net\/index.php\/wp-json\/wp\/v2\/types\/product"}],"replies":[{"embeddable":true,"href":"https:\/\/vitaminaselsalvador.net\/index.php\/wp-json\/wp\/v2\/comments?post=3252"}],"wp:featuredmedia":[{"embeddable":true,"href":"https:\/\/vitaminaselsalvador.net\/index.php\/wp-json\/wp\/v2\/media\/3265"}],"wp:attachment":[{"href":"https:\/\/vitaminaselsalvador.net\/index.php\/wp-json\/wp\/v2\/media?parent=3252"}],"wp:term":[{"taxonomy":"product_brand","embeddable":true,"href":"https:\/\/vitaminaselsalvador.net\/index.php\/wp-json\/wp\/v2\/product_brand?post=3252"},{"taxonomy":"product_cat","embeddable":true,"href":"https:\/\/vitaminaselsalvador.net\/index.php\/wp-json\/wp\/v2\/product_cat?post=3252"},{"taxonomy":"product_tag","embeddable":true,"href":"https:\/\/vitaminaselsalvador.net\/index.php\/wp-json\/wp\/v2\/product_tag?post=3252"}],"curies":[{"name":"wp","href":"https:\/\/api.w.org\/{rel}","templated":true}]}}