{"id":3250,"date":"2022-11-02T21:13:41","date_gmt":"2022-11-03T03:13:41","guid":{"rendered":"https:\/\/vitaminaselsalvador.net\/?post_type=product&#038;p=3250"},"modified":"2025-09-14T10:06:17","modified_gmt":"2025-09-14T16:06:17","slug":"combate-el-dolor-con-diclo-neuraxin-inyeccion-tripack-alivia-rapidamente-molestias-intensas","status":"publish","type":"product","link":"https:\/\/vitaminaselsalvador.net\/index.php\/product\/combate-el-dolor-con-diclo-neuraxin-inyeccion-tripack-alivia-rapidamente-molestias-intensas\/","title":{"rendered":"Combate el dolor con Diclo-Neuraxin INYECCION TRIPACK alivia r\u00e1pidamente molestias intensas"},"content":{"rendered":"<div style=\"color:black;font-family: Arial, sans-serif\">\nEn <strong>VitaGlobe &#8211; Tu salud, sin fronteras<\/strong>, sabemos lo importante que es sentirte bien en tu d\u00eda a d\u00eda. Descubre el <strong>Diclo-Neuraxin INYECCION TRIPACK<\/strong> y <strong>combate el dolor de manera efectiva<\/strong>. Este producto viene en una pr\u00e1ctica presentaci\u00f3n de tripack, ideal para quienes buscan una soluci\u00f3n r\u00e1pida y conveniente en un solo paquete. \ud83d\udce6<\/p>\n<p>El <strong>Diclo-Neuraxin INYECCION TRIPACK<\/strong> est\u00e1 especialmente formulado para brindar el alivio que necesitas cuando el dolor aparece. Su formato inyectable permite una <strong>acci\u00f3n precisa y r\u00e1pida<\/strong>, ayudando a mejorar tu bienestar.<\/p>\n<p>En <strong>VitaGlobe<\/strong> trabajamos para que recibas productos confiables y de calidad, porque <em>conectamos salud con el mundo<\/em>. Aprovecha este tripack y mant\u00e9n siempre a mano una opci\u00f3n efectiva para esos momentos en los que m\u00e1s lo necesitas. \ud83d\udc89\ud83d\udc4d<\/p>\n<p><strong>\u00a1Recobra tu tranquilidad y bienestar con Diclo-Neuraxin INYECCION TRIPACK en VitaGlobe!<\/strong>\n<\/div>\n","protected":false},"excerpt":{"rendered":"<div style=\"color:black;font-family: Arial, sans-serif\">\n\u00a1Dile adi\u00f3s al malestar! \ud83d\udc89 Con <strong>Diclo-Neuraxin INYECCION TRIPACK<\/strong> de VitaGlobe, <strong>combate el dolor<\/strong> de manera efectiva y r\u00e1pida. Disfruta de una soluci\u00f3n sencilla junto a nuestro lema: <strong>Conectando salud con el mundo.<\/strong> \ud83d\ude0c\ud83c\udf0d<\/p>\n<p style=\"color:red;font-weight:bold;font-style:italic;font-size:1.1em\">\u00a1Haz tu pedido ahora y recup\u00e9rate con VitaGlobe!<\/p>\n<\/div>\n","protected":false},"featured_media":3283,"comment_status":"closed","ping_status":"closed","template":"","meta":{"_kad_post_transparent":"","_kad_post_title":"","_kad_post_layout":"","_kad_post_sidebar_id":"","_kad_post_content_style":"","_kad_post_vertical_padding":"","_kad_post_feature":"","_kad_post_feature_position":"","_kad_post_header":false,"_kad_post_footer":false},"product_brand":[],"product_cat":[104,516,383,107,108],"product_tag":[532,533,534,535,536,537,538,539,474,540,300,301],"class_list":{"0":"post-3250","1":"product","2":"type-product","3":"status-publish","4":"has-post-thumbnail","6":"product_cat-artritis","7":"product_cat-inyectables","8":"product_cat-laboratorios-paill","9":"product_cat-medicamento-para-el-dolor","10":"product_cat-salud-y-belleza","11":"product_tag-diclo-neuraxin","12":"product_tag-diclo-neuraxin-contraindicaciones","13":"product_tag-diclo-neuraxin-inyectable-original","14":"product_tag-diclo-neuraxin-inyectable-original-amazon","15":"product_tag-diclo-neuraxin-inyectable-original-ebay","16":"product_tag-diclo-neuraxin-inyectable-original-el-salvador","17":"product_tag-diclo-neuraxin-para-dolor-de-cabeza","18":"product_tag-diclofenaco","19":"product_tag-dolor-por-reuma","20":"product_tag-para-el-reumatismo","21":"product_tag-reuma","22":"product_tag-reumatismo","24":"first","25":"instock","26":"purchasable","27":"product-type-simple","28":"entry","29":"content-bg","30":"loop-entry"},"_links":{"self":[{"href":"https:\/\/vitaminaselsalvador.net\/index.php\/wp-json\/wp\/v2\/product\/3250","targetHints":{"allow":["GET"]}}],"collection":[{"href":"https:\/\/vitaminaselsalvador.net\/index.php\/wp-json\/wp\/v2\/product"}],"about":[{"href":"https:\/\/vitaminaselsalvador.net\/index.php\/wp-json\/wp\/v2\/types\/product"}],"replies":[{"embeddable":true,"href":"https:\/\/vitaminaselsalvador.net\/index.php\/wp-json\/wp\/v2\/comments?post=3250"}],"wp:featuredmedia":[{"embeddable":true,"href":"https:\/\/vitaminaselsalvador.net\/index.php\/wp-json\/wp\/v2\/media\/3283"}],"wp:attachment":[{"href":"https:\/\/vitaminaselsalvador.net\/index.php\/wp-json\/wp\/v2\/media?parent=3250"}],"wp:term":[{"taxonomy":"product_brand","embeddable":true,"href":"https:\/\/vitaminaselsalvador.net\/index.php\/wp-json\/wp\/v2\/product_brand?post=3250"},{"taxonomy":"product_cat","embeddable":true,"href":"https:\/\/vitaminaselsalvador.net\/index.php\/wp-json\/wp\/v2\/product_cat?post=3250"},{"taxonomy":"product_tag","embeddable":true,"href":"https:\/\/vitaminaselsalvador.net\/index.php\/wp-json\/wp\/v2\/product_tag?post=3250"}],"curies":[{"name":"wp","href":"https:\/\/api.w.org\/{rel}","templated":true}]}}