{"id":3249,"date":"2022-11-02T21:13:41","date_gmt":"2022-11-03T03:13:41","guid":{"rendered":"https:\/\/vitaminaselsalvador.net\/?post_type=product&#038;p=3249"},"modified":"2025-10-18T14:54:57","modified_gmt":"2025-10-18T20:54:57","slug":"elimine-el-tick-nervioso-con-neurobion-25000-original-3pack-mejora-tu-bienestar-con-soporte-vitaminico-confiable","status":"publish","type":"product","link":"https:\/\/vitaminaselsalvador.net\/index.php\/product\/elimine-el-tick-nervioso-con-neurobion-25000-original-3pack-mejora-tu-bienestar-con-soporte-vitaminico-confiable\/","title":{"rendered":"Elimine el tick nervioso con NEUROBION 25000 ORIGINAL 3PACK mejora tu bienestar con soporte vitam\u00ednico confiable"},"content":{"rendered":"<div style=\"color: black; font-family: Arial, sans-serif;\"><strong>NEUROBION 25000 ORIGINAL 3PACK<\/strong> est\u00e1 disponible en <strong>VitaGlobe &#8211; Tu salud, sin fronteras<\/strong>, la tienda que cree en \u201c<strong>Conectando salud con el mundo<\/strong>\u201d. Este producto viene en presentaci\u00f3n <strong>de 3 ampolletas<\/strong>, ideal para quienes buscan una soluci\u00f3n confiable avalada por su autenticidad original.\ud83d\udc8a <strong>Contenido:<\/strong> 3 ampolletas de NEUROBION 25000 ORIGINAL.<br \/>\n\ud83d\udd25 <strong>Presentaci\u00f3n:<\/strong> Producto de venta original.<\/p>\n<p>Conf\u00eda en VitaGlobe para obtener tus suplementos <strong>de calidad<\/strong> y con entrega segura a tu hogar. Si necesitas apoyo para tu bienestar, aqu\u00ed encuentras alternativas seleccionadas con responsabilidad y respaldo.<\/p>\n<p>\ud83c\udf0e Elige lo mejor para tu salud con <strong>VitaGlobe<\/strong>, siempre acercando hasta ti los productos originales que buscas.<\/p>\n<\/div>\n","protected":false},"excerpt":{"rendered":"<div style=\"color: black; font-family: Arial, sans-serif;\">Dile adi\u00f3s al tick nervioso con <strong>NEUROBION 25000 ORIGINAL 3PACK<\/strong> \ud83e\udde0\u2728. Disfruta de una soluci\u00f3n efectiva que te acompa\u00f1a en cada momento. Conf\u00eda en la calidad de <strong>VitaGlobe<\/strong> \u2013 Tu salud, sin fronteras. \u00a1Recupera tu tranquilidad hoy!<\/p>\n<p style=\"color: red; font-weight: bold; font-style: italic; font-size: 1.1em;\">\u00a1Haz tu pedido y conecta con tu bienestar ahora!<\/p>\n<\/div>\n","protected":false},"featured_media":3280,"comment_status":"closed","ping_status":"closed","template":"","meta":{"_kad_post_transparent":"","_kad_post_title":"","_kad_post_layout":"","_kad_post_sidebar_id":"","_kad_post_content_style":"","_kad_post_vertical_padding":"","_kad_post_feature":"","_kad_post_feature_position":"","_kad_post_header":false,"_kad_post_footer":false},"product_brand":[],"product_cat":[516,95,108,97],"product_tag":[126,162,526,527,528,529,530,531],"class_list":{"0":"post-3249","1":"product","2":"type-product","3":"status-publish","4":"has-post-thumbnail","6":"product_cat-inyectables","7":"product_cat-multivitaminas","8":"product_cat-salud-y-belleza","9":"product_cat-vitaminas-neurotropas","10":"product_tag-como-disminuir-el-estres","11":"product_tag-dolor-de-cabeza-nervioso","12":"product_tag-neurobion-25000","13":"product_tag-neurobion-inyectable","14":"product_tag-neurobion-inyectable-amazon","15":"product_tag-neurobion-inyectable-ebay","16":"product_tag-neurobion-inyectable-original-de-el-salvador","17":"product_tag-neurobion-original","19":"first","20":"instock","21":"purchasable","22":"product-type-simple","23":"entry","24":"content-bg","25":"loop-entry"},"_links":{"self":[{"href":"https:\/\/vitaminaselsalvador.net\/index.php\/wp-json\/wp\/v2\/product\/3249","targetHints":{"allow":["GET"]}}],"collection":[{"href":"https:\/\/vitaminaselsalvador.net\/index.php\/wp-json\/wp\/v2\/product"}],"about":[{"href":"https:\/\/vitaminaselsalvador.net\/index.php\/wp-json\/wp\/v2\/types\/product"}],"replies":[{"embeddable":true,"href":"https:\/\/vitaminaselsalvador.net\/index.php\/wp-json\/wp\/v2\/comments?post=3249"}],"wp:featuredmedia":[{"embeddable":true,"href":"https:\/\/vitaminaselsalvador.net\/index.php\/wp-json\/wp\/v2\/media\/3280"}],"wp:attachment":[{"href":"https:\/\/vitaminaselsalvador.net\/index.php\/wp-json\/wp\/v2\/media?parent=3249"}],"wp:term":[{"taxonomy":"product_brand","embeddable":true,"href":"https:\/\/vitaminaselsalvador.net\/index.php\/wp-json\/wp\/v2\/product_brand?post=3249"},{"taxonomy":"product_cat","embeddable":true,"href":"https:\/\/vitaminaselsalvador.net\/index.php\/wp-json\/wp\/v2\/product_cat?post=3249"},{"taxonomy":"product_tag","embeddable":true,"href":"https:\/\/vitaminaselsalvador.net\/index.php\/wp-json\/wp\/v2\/product_tag?post=3249"}],"curies":[{"name":"wp","href":"https:\/\/api.w.org\/{rel}","templated":true}]}}