{"id":3244,"date":"2022-11-02T21:13:41","date_gmt":"2022-11-03T03:13:41","guid":{"rendered":"https:\/\/vitaminaselsalvador.net\/?post_type=product&#038;p=3244"},"modified":"2025-09-08T10:06:21","modified_gmt":"2025-09-08T16:06:21","slug":"vive-sin-dolores-con-dolo-neurotropas-vitaminado-alivia-molestias-y-mejora-tu-bienestar","status":"publish","type":"product","link":"https:\/\/vitaminaselsalvador.net\/index.php\/product\/vive-sin-dolores-con-dolo-neurotropas-vitaminado-alivia-molestias-y-mejora-tu-bienestar\/","title":{"rendered":"Vive sin dolores con DOLO NEUROTROPAS VITAMINADO alivia molestias y mejora tu bienestar"},"content":{"rendered":"<div style=\"color:black;font-family: Arial, sans-serif\">\n\u00bfBuscas recuperar tu bienestar y movilidad? En <strong>VitaGlobe \u2013 Tu salud, sin fronteras<\/strong>, te ofrecemos <strong>Dolo Neurotropas Vitaminado<\/strong>, una soluci\u00f3n especialmente formulada para ayudarte a <strong>aliviar molestias musculares y articulares<\/strong>. Su presentaci\u00f3n pr\u00e1ctica y de f\u00e1cil administraci\u00f3n lo convierte en una opci\u00f3n fiable para quienes desean mejorar su rutina diaria y calidad de vida.<\/p>\n<p>Con el respaldo del lema <em>\u201cConectando salud con el mundo.\u201d<\/em>, te acercamos este producto de confianza, pensado para quienes buscan sentirse bien d\u00eda a d\u00eda. Experimenta el cuidado y la atenci\u00f3n que mereces gracias a los <strong>componentes neurotr\u00f3picos y vitam\u00ednicos<\/strong> de Dolo Neurotropas Vitaminado, dise\u00f1ados para el <strong>alivio de dolores asociados a nervios, m\u00fasculos y articulaciones<\/strong>.<\/p>\n<p>Haz que tu d\u00eda a d\u00eda sea m\u00e1s c\u00f3modo y activo. \ud83d\ude0a Pide <strong>Dolo Neurotropas Vitaminado<\/strong> en VitaGlobe y siente la diferencia de un producto pensado para tu bienestar.\n<\/div>\n","protected":false},"excerpt":{"rendered":"<div style=\"color:black;font-family: Arial, sans-serif\">\nDescubre <strong>DOLO NEUROTROPAS VITAMINADO<\/strong> y <strong>vive sin dolores<\/strong> d\u00eda a d\u00eda \ud83d\ude0a. En <strong>VitaGlobe<\/strong>, cuidamos tu bienestar para que disfrutes cada momento sin molestias. Conf\u00eda en nuestro compromiso: <em>conectando salud con el mundo<\/em> \ud83c\udf0d.<\/p>\n<p style=\"color:red;font-weight:bold;font-style:italic;font-size:1.1em\">\u00a1Haz tu pedido ahora y empieza a vivir sin dolores!<\/p>\n<\/div>\n","protected":false},"featured_media":3271,"comment_status":"closed","ping_status":"closed","template":"","meta":{"_kad_post_transparent":"","_kad_post_title":"","_kad_post_layout":"","_kad_post_sidebar_id":"","_kad_post_content_style":"","_kad_post_vertical_padding":"","_kad_post_feature":"","_kad_post_feature_position":"","_kad_post_header":false,"_kad_post_footer":false},"product_brand":[],"product_cat":[105,295,107,108,97],"product_tag":[496,297,497,498,499,500,501,502,503,361,362],"class_list":{"0":"post-3244","1":"product","2":"type-product","3":"status-publish","4":"has-post-thumbnail","6":"product_cat-capsulas-de-gelatina-blanda","7":"product_cat-laboratorios-saimed","8":"product_cat-medicamento-para-el-dolor","9":"product_cat-salud-y-belleza","10":"product_cat-vitaminas-neurotropas","11":"product_tag-dolo-neurotropas","12":"product_tag-dolo-neurotropas-vitaminado","13":"product_tag-dolo-neurotropas-vitaminado-amazon","14":"product_tag-dolo-neurotropas-vitaminado-ebay","15":"product_tag-dolo-neurotropas-vitaminado-original-el-salvador","16":"product_tag-dolo-neurotropas-vitaminado-para-que-sirve","17":"product_tag-dolo-neurotropas-vitaminado-que-contiene","18":"product_tag-dolor-de-columna-vertebral","19":"product_tag-dolor-de-espalda","20":"product_tag-dolor-de-hombros","21":"product_tag-dolor-de-nuca","23":"first","24":"instock","25":"purchasable","26":"product-type-simple","27":"entry","28":"content-bg","29":"loop-entry"},"_links":{"self":[{"href":"https:\/\/vitaminaselsalvador.net\/index.php\/wp-json\/wp\/v2\/product\/3244","targetHints":{"allow":["GET"]}}],"collection":[{"href":"https:\/\/vitaminaselsalvador.net\/index.php\/wp-json\/wp\/v2\/product"}],"about":[{"href":"https:\/\/vitaminaselsalvador.net\/index.php\/wp-json\/wp\/v2\/types\/product"}],"replies":[{"embeddable":true,"href":"https:\/\/vitaminaselsalvador.net\/index.php\/wp-json\/wp\/v2\/comments?post=3244"}],"wp:featuredmedia":[{"embeddable":true,"href":"https:\/\/vitaminaselsalvador.net\/index.php\/wp-json\/wp\/v2\/media\/3271"}],"wp:attachment":[{"href":"https:\/\/vitaminaselsalvador.net\/index.php\/wp-json\/wp\/v2\/media?parent=3244"}],"wp:term":[{"taxonomy":"product_brand","embeddable":true,"href":"https:\/\/vitaminaselsalvador.net\/index.php\/wp-json\/wp\/v2\/product_brand?post=3244"},{"taxonomy":"product_cat","embeddable":true,"href":"https:\/\/vitaminaselsalvador.net\/index.php\/wp-json\/wp\/v2\/product_cat?post=3244"},{"taxonomy":"product_tag","embeddable":true,"href":"https:\/\/vitaminaselsalvador.net\/index.php\/wp-json\/wp\/v2\/product_tag?post=3244"}],"curies":[{"name":"wp","href":"https:\/\/api.w.org\/{rel}","templated":true}]}}