{"id":3243,"date":"2022-11-02T21:13:40","date_gmt":"2022-11-03T03:13:40","guid":{"rendered":"https:\/\/vitaminaselsalvador.net\/?post_type=product&#038;p=3243"},"modified":"2025-09-07T10:06:24","modified_gmt":"2025-09-07T16:06:24","slug":"vermex-total-tri-pack-elimina-parasitos-de-forma-eficaz","status":"publish","type":"product","link":"https:\/\/vitaminaselsalvador.net\/index.php\/product\/vermex-total-tri-pack-elimina-parasitos-de-forma-eficaz\/","title":{"rendered":"VERMEX Total Tri-Pack elimina par\u00e1sitos de forma eficaz"},"content":{"rendered":"<div style=\"color:black;font-family: Arial, sans-serif\">\n\u00a1Dile adi\u00f3s a las preocupaciones intestinales con <strong>VERMEX Total Tri-Pack<\/strong>! En <strong>VitaGlobe &#8211; Tu salud, sin fronteras<\/strong>, te ofrecemos la soluci\u00f3n pr\u00e1ctica y confiable para el cuidado de tu salud digestiva. <\/p>\n<p><strong>VERMEX Total Tri-Pack<\/strong> contiene <strong>3 tabletas masticables<\/strong> dise\u00f1adas para adultos y ni\u00f1os mayores de 2 a\u00f1os. Su principio activo es el <strong>Albendazol 400 mg<\/strong>, reconocido por su eficacia en el tratamiento de par\u00e1sitos intestinales como asc\u00e1rides, oxiuros, anquilostomas, trichuris y giardia intestinalis. <\/p>\n<ul>\n<li><strong>Presentaci\u00f3n:<\/strong> Caja con 3 tabletas masticables<\/li>\n<li><strong>Dosis \u00fanica:<\/strong> F\u00e1cil de tomar y pr\u00e1ctica para toda la familia \ud83d\udc68\u200d\ud83d\udc69\u200d\ud83d\udc67\u200d\ud83d\udc66<\/li>\n<li><strong>Uso:<\/strong> Para el tratamiento de infecciones por par\u00e1sitos intestinales<\/li>\n<\/ul>\n<p>Conf\u00eda en <strong>VitaGlobe<\/strong> y su lema: <em>\u201cConectando salud con el mundo.\u201d<\/em> Elige seguridad y respaldo para ti y los tuyos con <strong>VERMEX Total Tri-Pack<\/strong>, y disfruta de una vida m\u00e1s saludable. \ud83c\udf0d\ud83d\udc9a\n<\/div>\n","protected":false},"excerpt":{"rendered":"<div style=\"color:black;font-family: Arial, sans-serif\">\nDescubre <strong>VERMEX Total Tri-Pack<\/strong>, la opci\u00f3n pr\u00e1ctica de VitaGlobe para cuidar de ti y tu familia \ud83c\udf0d. Disfruta de un producto confiable y f\u00e1cil de usar, pensado para hacer tu d\u00eda a d\u00eda m\u00e1s sencillo. <strong>Conectando salud con el mundo<\/strong>, llega donde m\u00e1s lo necesitas y en el momento justo. Vive tranquilo y seguro junto a VitaGlobe. <\/p>\n<p style=\"color:red;font-weight:bold;font-style:italic;font-size:1.1em\">\u00a1Adquiere ahora tu VERMEX Total Tri-Pack y cuida tu bienestar!<\/p>\n<\/div>\n","protected":false},"featured_media":3270,"comment_status":"closed","ping_status":"closed","template":"","meta":{"_kad_post_transparent":"","_kad_post_title":"","_kad_post_layout":"","_kad_post_sidebar_id":"","_kad_post_content_style":"","_kad_post_vertical_padding":"","_kad_post_feature":"","_kad_post_feature_position":"","_kad_post_header":false,"_kad_post_footer":false},"product_brand":[],"product_cat":[180,289],"product_tag":[491,492,493,146,494,495,201],"class_list":{"0":"post-3243","1":"product","2":"type-product","3":"status-publish","4":"has-post-thumbnail","6":"product_cat-laboratorios-lopez","7":"product_cat-pastillas","8":"product_tag-anti-parasitos","9":"product_tag-antiparasitario","10":"product_tag-como-eliminar-la-solitaria","11":"product_tag-el-salvador","12":"product_tag-elimina-27-tipos-de-parasitos","13":"product_tag-vermex-total","14":"product_tag-vitaminas-en-el-salvador","16":"first","17":"instock","18":"purchasable","19":"product-type-simple","20":"entry","21":"content-bg","22":"loop-entry"},"_links":{"self":[{"href":"https:\/\/vitaminaselsalvador.net\/index.php\/wp-json\/wp\/v2\/product\/3243","targetHints":{"allow":["GET"]}}],"collection":[{"href":"https:\/\/vitaminaselsalvador.net\/index.php\/wp-json\/wp\/v2\/product"}],"about":[{"href":"https:\/\/vitaminaselsalvador.net\/index.php\/wp-json\/wp\/v2\/types\/product"}],"replies":[{"embeddable":true,"href":"https:\/\/vitaminaselsalvador.net\/index.php\/wp-json\/wp\/v2\/comments?post=3243"}],"wp:featuredmedia":[{"embeddable":true,"href":"https:\/\/vitaminaselsalvador.net\/index.php\/wp-json\/wp\/v2\/media\/3270"}],"wp:attachment":[{"href":"https:\/\/vitaminaselsalvador.net\/index.php\/wp-json\/wp\/v2\/media?parent=3243"}],"wp:term":[{"taxonomy":"product_brand","embeddable":true,"href":"https:\/\/vitaminaselsalvador.net\/index.php\/wp-json\/wp\/v2\/product_brand?post=3243"},{"taxonomy":"product_cat","embeddable":true,"href":"https:\/\/vitaminaselsalvador.net\/index.php\/wp-json\/wp\/v2\/product_cat?post=3243"},{"taxonomy":"product_tag","embeddable":true,"href":"https:\/\/vitaminaselsalvador.net\/index.php\/wp-json\/wp\/v2\/product_tag?post=3243"}],"curies":[{"name":"wp","href":"https:\/\/api.w.org\/{rel}","templated":true}]}}