{"id":3221,"date":"2022-11-02T21:13:16","date_gmt":"2022-11-03T03:13:16","guid":{"rendered":"https:\/\/vitaminaselsalvador.net\/?post_type=product&#038;p=3221"},"modified":"2025-09-05T10:06:26","modified_gmt":"2025-09-05T16:06:26","slug":"foskrol-omega-3-tripack-potencia-tu-bienestar-diario","status":"publish","type":"product","link":"https:\/\/vitaminaselsalvador.net\/index.php\/product\/foskrol-omega-3-tripack-potencia-tu-bienestar-diario\/","title":{"rendered":"FOSKROL OMEGA 3 Tripack potencia tu bienestar diario"},"content":{"rendered":"<div style=\"color:black;font-family: Arial, sans-serif\">\n\u00bfBuscas cuidar tu bienestar cardiovascular con productos confiables? En <strong>VitaGlobe &#8211; Tu salud, sin fronteras<\/strong>, te presentamos el <strong>FOSKROL OMEGA 3 Tripack<\/strong>, una opci\u00f3n ideal para quienes desean sumar calidad a su d\u00eda a d\u00eda. <\/p>\n<p>Este tripack contiene <strong>3 presentaciones de FOSKROL OMEGA 3<\/strong>, un suplemento de \u00e1cidos grasos esenciales, formulado para quienes valoran apoyar su salud integral con respaldo reconocido.<\/p>\n<p><strong>Caracter\u00edsticas principales:<\/strong><\/p>\n<ul>\n<li>Incluye tres envases por compra<\/li>\n<li>Presentaci\u00f3n en c\u00e1psulas blandas<\/li>\n<li>Adecuado para adultos<\/li>\n<li>F\u00e1cil de tomar d\u00eda con d\u00eda<\/li>\n<\/ul>\n<p>En <strong>VitaGlobe<\/strong> creemos que la salud no tiene fronteras \ud83c\udf1f. Aprovecha este tripack y dale a tu rutina la oportunidad de sumar <strong>FOSKROL OMEGA 3<\/strong> de forma pr\u00e1ctica y confiable, siempre con la seguridad de un producto con trayectoria.<\/p>\n<p>\u00a1Conecta tu salud con el mundo! Haz tu pedido y ponte un paso adelante en tu bienestar. \ud83d\udc99\n<\/p><\/div>\n","protected":false},"excerpt":{"rendered":"<div style=\"color:black;font-family: Arial, sans-serif\">\n<strong>FOSKROL OMEGA 3 Tripack<\/strong> te ofrece una opci\u00f3n conveniente para mantener tu vitalidad. Disfruta de este <strong>pr\u00e1ctico paquete triple<\/strong> de Omega 3 y apoya tu bienestar diario con facilidad. \ud83d\udc99 <strong>M\u00e1s cantidad, mismo compromiso con la calidad.<\/strong> <\/p>\n<p style=\"color:red;font-weight:bold;font-style:italic;font-size:1.1em\">\u00a1Aprovecha este tripack y conecta tu salud con VitaGlobe hoy!<\/p>\n<\/div>\n","protected":false},"featured_media":3266,"comment_status":"closed","ping_status":"closed","template":"","meta":{"_kad_post_transparent":"","_kad_post_title":"","_kad_post_layout":"","_kad_post_sidebar_id":"","_kad_post_content_style":"","_kad_post_vertical_padding":"","_kad_post_feature":"","_kad_post_feature_position":"","_kad_post_header":false,"_kad_post_footer":false},"product_brand":[],"product_cat":[250,106],"product_tag":[193,146,195,472,473,201],"class_list":{"0":"post-3221","1":"product","2":"type-product","3":"status-publish","4":"has-post-thumbnail","6":"product_cat-capsulas","7":"product_cat-laboratorios-biokemical","8":"product_tag-biokemical","9":"product_tag-el-salvador","10":"product_tag-foskrol-capsulas","11":"product_tag-foskrol-omega-3","12":"product_tag-omega-3-natural","13":"product_tag-vitaminas-en-el-salvador","15":"first","16":"instock","17":"purchasable","18":"product-type-simple","19":"entry","20":"content-bg","21":"loop-entry"},"_links":{"self":[{"href":"https:\/\/vitaminaselsalvador.net\/index.php\/wp-json\/wp\/v2\/product\/3221","targetHints":{"allow":["GET"]}}],"collection":[{"href":"https:\/\/vitaminaselsalvador.net\/index.php\/wp-json\/wp\/v2\/product"}],"about":[{"href":"https:\/\/vitaminaselsalvador.net\/index.php\/wp-json\/wp\/v2\/types\/product"}],"replies":[{"embeddable":true,"href":"https:\/\/vitaminaselsalvador.net\/index.php\/wp-json\/wp\/v2\/comments?post=3221"}],"wp:featuredmedia":[{"embeddable":true,"href":"https:\/\/vitaminaselsalvador.net\/index.php\/wp-json\/wp\/v2\/media\/3266"}],"wp:attachment":[{"href":"https:\/\/vitaminaselsalvador.net\/index.php\/wp-json\/wp\/v2\/media?parent=3221"}],"wp:term":[{"taxonomy":"product_brand","embeddable":true,"href":"https:\/\/vitaminaselsalvador.net\/index.php\/wp-json\/wp\/v2\/product_brand?post=3221"},{"taxonomy":"product_cat","embeddable":true,"href":"https:\/\/vitaminaselsalvador.net\/index.php\/wp-json\/wp\/v2\/product_cat?post=3221"},{"taxonomy":"product_tag","embeddable":true,"href":"https:\/\/vitaminaselsalvador.net\/index.php\/wp-json\/wp\/v2\/product_tag?post=3221"}],"curies":[{"name":"wp","href":"https:\/\/api.w.org\/{rel}","templated":true}]}}