{"id":3219,"date":"2022-11-02T21:13:16","date_gmt":"2022-11-03T03:13:16","guid":{"rendered":"https:\/\/vitaminaselsalvador.net\/?post_type=product&#038;p=3219"},"modified":"2025-09-03T10:06:23","modified_gmt":"2025-09-03T16:06:23","slug":"fortiplex-omega-3-potencia-tu-bienestar-diario","status":"publish","type":"product","link":"https:\/\/vitaminaselsalvador.net\/index.php\/product\/fortiplex-omega-3-potencia-tu-bienestar-diario\/","title":{"rendered":"Fortiplex Omega 3 potencia tu bienestar diario"},"content":{"rendered":"<div style=\"color:black;font-family: Arial, sans-serif\">\n\u00a1Bienvenido a <strong>VitaGlobe<\/strong> &#8211; Tu salud, sin fronteras! \ud83c\udf0d Con nuestro lema <strong>\u201cConectando salud con el mundo.\u201d<\/strong>, acercamos el bienestar a tu d\u00eda a d\u00eda.<\/p>\n<p>Descubre <strong>Fortiplex Omega 3<\/strong>, la f\u00f3rmula ideal para quienes buscan un aporte confiable de \u00e1cidos grasos esenciales. Elaborado bajo los m\u00e1s altos est\u00e1ndares de calidad, cada c\u00e1psula de <strong>Fortiplex Omega 3<\/strong> contiene una combinaci\u00f3n precisa de aceite de pescado, garantizando un suplemento puro y seguro para tu rutina diaria.<\/p>\n<p>El envase pr\u00e1ctico y seguro de <strong>Fortiplex Omega 3<\/strong> es perfecto para integrarse a tu estilo de vida, facilitando su consumo en cualquier momento y lugar. Adem\u00e1s, cuenta con la recomendaci\u00f3n de seguir las indicaciones del envase para un uso responsable y adaptado a tus necesidades.<\/p>\n<p>En <strong>VitaGlobe<\/strong> te conectamos con los productos de salud m\u00e1s confiables del mundo. Da el paso hacia tu bienestar con <strong>Fortiplex Omega 3<\/strong> y siente la diferencia de confiar en productos cuidadosamente seleccionados para ti. \ud83d\udc99\n<\/div>\n","protected":false},"excerpt":{"rendered":"<div style=\"color:black;font-family: Arial, sans-serif\">\nDescubre <strong>Fortiplex Omega 3<\/strong>, la opci\u00f3n ideal de \u00e1cidos grasos omega 3 en c\u00e1psulas blandas. \ud83c\udf0e Su f\u00f3rmula de alta calidad est\u00e1 dise\u00f1ada para quienes buscan cuidar su bienestar d\u00eda a d\u00eda. Complementa tu rutina y da el siguiente paso hacia una vida m\u00e1s saludable con VitaGlobe.<\/p>\n<p style=\"color:red;font-weight:bold;font-style:italic;font-size:1.1em\">\u00a1Lleva Fortiplex Omega 3 y conecta tu salud con el mundo!<\/p>\n<\/div>\n","protected":false},"featured_media":3131,"comment_status":"closed","ping_status":"closed","template":"","meta":{"_kad_post_transparent":"","_kad_post_title":"","_kad_post_layout":"","_kad_post_sidebar_id":"","_kad_post_content_style":"","_kad_post_vertical_padding":"","_kad_post_feature":"","_kad_post_feature_position":"","_kad_post_header":false,"_kad_post_footer":false},"product_brand":[],"product_cat":[105,94],"product_tag":[146,191],"class_list":{"0":"post-3219","1":"product","2":"type-product","3":"status-publish","4":"has-post-thumbnail","6":"product_cat-capsulas-de-gelatina-blanda","7":"product_cat-laboratorios-vijosa","8":"product_tag-el-salvador","9":"product_tag-fortiplex-omega-3","11":"first","12":"instock","13":"purchasable","14":"product-type-simple","15":"entry","16":"content-bg","17":"loop-entry"},"_links":{"self":[{"href":"https:\/\/vitaminaselsalvador.net\/index.php\/wp-json\/wp\/v2\/product\/3219","targetHints":{"allow":["GET"]}}],"collection":[{"href":"https:\/\/vitaminaselsalvador.net\/index.php\/wp-json\/wp\/v2\/product"}],"about":[{"href":"https:\/\/vitaminaselsalvador.net\/index.php\/wp-json\/wp\/v2\/types\/product"}],"replies":[{"embeddable":true,"href":"https:\/\/vitaminaselsalvador.net\/index.php\/wp-json\/wp\/v2\/comments?post=3219"}],"wp:featuredmedia":[{"embeddable":true,"href":"https:\/\/vitaminaselsalvador.net\/index.php\/wp-json\/wp\/v2\/media\/3131"}],"wp:attachment":[{"href":"https:\/\/vitaminaselsalvador.net\/index.php\/wp-json\/wp\/v2\/media?parent=3219"}],"wp:term":[{"taxonomy":"product_brand","embeddable":true,"href":"https:\/\/vitaminaselsalvador.net\/index.php\/wp-json\/wp\/v2\/product_brand?post=3219"},{"taxonomy":"product_cat","embeddable":true,"href":"https:\/\/vitaminaselsalvador.net\/index.php\/wp-json\/wp\/v2\/product_cat?post=3219"},{"taxonomy":"product_tag","embeddable":true,"href":"https:\/\/vitaminaselsalvador.net\/index.php\/wp-json\/wp\/v2\/product_tag?post=3219"}],"curies":[{"name":"wp","href":"https:\/\/api.w.org\/{rel}","templated":true}]}}