{"id":3218,"date":"2022-11-02T21:13:16","date_gmt":"2022-11-03T03:13:16","guid":{"rendered":"https:\/\/vitaminaselsalvador.net\/?post_type=product&#038;p=3218"},"modified":"2025-09-02T10:06:23","modified_gmt":"2025-09-02T16:06:23","slug":"dolo-foskrol-vitaminado-energia-y-bienestar-para-tu-dia","status":"publish","type":"product","link":"https:\/\/vitaminaselsalvador.net\/index.php\/product\/dolo-foskrol-vitaminado-energia-y-bienestar-para-tu-dia\/","title":{"rendered":"Dolo Foskrol VITAMINADO Energ\u00eda y bienestar para tu d\u00eda"},"content":{"rendered":"<div style=\"color:black;font-family: Arial, sans-serif\">\n<strong>Dolo Foskrol Vitaminado<\/strong> es la f\u00f3rmula respaldada por a\u00f1os de confianza en el alivio de molestias ocasionadas por dolores musculares y articulares. En <strong>VitaGlobe<\/strong> \u2013 Tu salud, sin fronteras, te traemos este producto que apoya tu bienestar y te ayuda a sentirte mejor cada d\u00eda. <\/p>\n<p>Con su combinaci\u00f3n \u00fanica de <strong>fosfocreatina, cafe\u00edna y vitaminas<\/strong>, <strong>Dolo Foskrol Vitaminado<\/strong> est\u00e1 dise\u00f1ado para quienes buscan aliviar el cansancio f\u00edsico y mental, ayudando a recuperar el rendimiento en la vida cotidiana. Adem\u00e1s, su presentaci\u00f3n en <strong>ampolletas bebibles<\/strong> facilita su uso y transporte, para que lo lleves siempre contigo. <\/p>\n<p>En <strong>VitaGlobe<\/strong>, nuestro lema es: \u201c<em>Conectando salud con el mundo<\/em>\u201d, por eso nos aseguramos de ofrecerte productos aut\u00e9nticos y de calidad. Conf\u00eda en el respaldo de una marca l\u00edder y recibe este auxiliar ideal para tu bienestar. <\/p>\n<p><strong>\u00a1Recupera tu energ\u00eda y sigue adelante!<\/strong> Encuentra <strong>Dolo Foskrol Vitaminado<\/strong> en VitaGlobe y mant\u00e9n tu salud en movimiento. \ud83d\udcaa\ud83c\udf0e<\/p>\n<p><small>Consulta siempre la informaci\u00f3n y recomendaciones del empaque antes de usar este producto.<\/small>\n<\/div>\n","protected":false},"excerpt":{"rendered":"<div style=\"color:black;font-family: Arial, sans-serif\">\n<strong>Dolo Foskrol VITAMINADO<\/strong> es tu opci\u00f3n para sentirte mejor, en donde vayas. <br \/>\nLl\u00e9valo contigo y cuida tu bienestar en cada momento. <br \/>\n<strong>F\u00e1cil de usar<\/strong> y pensado para ti. <br \/>\n\u00a1Convierte tu bienestar en una prioridad con VitaGlobe! <br \/>\n<span>\ud83c\udf0e\ud83d\udcaa<\/span>\n<\/div>\n<p style=\"color:red;font-weight:bold;font-style:italic;font-size:1.1em\">\u00a1Haz tu pedido ahora y recibe Dolo Foskrol VITAMINADO donde est\u00e9s!<\/p>\n","protected":false},"featured_media":3264,"comment_status":"closed","ping_status":"closed","template":"","meta":{"_kad_post_transparent":"","_kad_post_title":"","_kad_post_layout":"","_kad_post_sidebar_id":"","_kad_post_content_style":"","_kad_post_vertical_padding":"","_kad_post_feature":"","_kad_post_feature_position":"","_kad_post_header":false,"_kad_post_footer":false},"product_brand":[],"product_cat":[106,266,166],"product_tag":[463,464,465,466,467,468,199,413,469,414,201],"class_list":{"0":"post-3218","1":"product","2":"type-product","3":"status-publish","4":"has-post-thumbnail","6":"product_cat-laboratorios-biokemical","7":"product_cat-tablecaps","8":"product_cat-todo-dolor-y-vitaminas","9":"product_tag-cefaleas","10":"product_tag-ciatica-y-neuralgias","11":"product_tag-dolo-foskrol","12":"product_tag-dolores-musculares","13":"product_tag-foskrol","14":"product_tag-foskrol-el-salvador","15":"product_tag-foskrol-vitaminas-para-el-cerebro-y-nervios","16":"product_tag-lumbago","17":"product_tag-odontalgias","18":"product_tag-torticolis","19":"product_tag-vitaminas-en-el-salvador","21":"first","22":"instock","23":"sale","24":"featured","25":"purchasable","26":"product-type-simple","27":"entry","28":"content-bg","29":"loop-entry"},"_links":{"self":[{"href":"https:\/\/vitaminaselsalvador.net\/index.php\/wp-json\/wp\/v2\/product\/3218","targetHints":{"allow":["GET"]}}],"collection":[{"href":"https:\/\/vitaminaselsalvador.net\/index.php\/wp-json\/wp\/v2\/product"}],"about":[{"href":"https:\/\/vitaminaselsalvador.net\/index.php\/wp-json\/wp\/v2\/types\/product"}],"replies":[{"embeddable":true,"href":"https:\/\/vitaminaselsalvador.net\/index.php\/wp-json\/wp\/v2\/comments?post=3218"}],"wp:featuredmedia":[{"embeddable":true,"href":"https:\/\/vitaminaselsalvador.net\/index.php\/wp-json\/wp\/v2\/media\/3264"}],"wp:attachment":[{"href":"https:\/\/vitaminaselsalvador.net\/index.php\/wp-json\/wp\/v2\/media?parent=3218"}],"wp:term":[{"taxonomy":"product_brand","embeddable":true,"href":"https:\/\/vitaminaselsalvador.net\/index.php\/wp-json\/wp\/v2\/product_brand?post=3218"},{"taxonomy":"product_cat","embeddable":true,"href":"https:\/\/vitaminaselsalvador.net\/index.php\/wp-json\/wp\/v2\/product_cat?post=3218"},{"taxonomy":"product_tag","embeddable":true,"href":"https:\/\/vitaminaselsalvador.net\/index.php\/wp-json\/wp\/v2\/product_tag?post=3218"}],"curies":[{"name":"wp","href":"https:\/\/api.w.org\/{rel}","templated":true}]}}