{"id":3217,"date":"2022-11-02T21:13:16","date_gmt":"2022-11-03T03:13:16","guid":{"rendered":"https:\/\/vitaminaselsalvador.net\/?post_type=product&#038;p=3217"},"modified":"2025-09-01T10:06:19","modified_gmt":"2025-09-01T16:06:19","slug":"alka-ad-60-tabletas-anti-diarreico-alivio-confiable-para-tu-bienestar","status":"publish","type":"product","link":"https:\/\/vitaminaselsalvador.net\/index.php\/product\/alka-ad-60-tabletas-anti-diarreico-alivio-confiable-para-tu-bienestar\/","title":{"rendered":"ALKA AD 60 TABLETAS Anti-Diarreico alivio confiable para tu bienestar"},"content":{"rendered":"<div style=\"color:black;font-family: Arial, sans-serif\">\n<strong>ALKA AD 60 Tabletas<\/strong> es la soluci\u00f3n confiable que buscas para ayudar en el alivio sintom\u00e1tico de la diarrea. En <strong>VitaGlobe &#8211; Tu salud, sin fronteras<\/strong> \ud83c\udf0e, sabemos lo importante que es sentirte bien dondequiera que est\u00e9s, por eso te ofrecemos este producto, elaborado especialmente para apoyar tu bienestar digestivo cuando m\u00e1s lo necesitas.<\/p>\n<p>Cada caja contiene <strong>60 tabletas<\/strong> de f\u00e1cil consumo. Su f\u00f3rmula est\u00e1 dise\u00f1ada para ser efectiva y pr\u00e1ctica, ideal para llevar contigo y estar preparado ante cualquier imprevisto intestinal.<\/p>\n<p>En <strong>VitaGlobe<\/strong>, conectamos salud con el mundo porque cuidarte es nuestra prioridad. Descubre la tranquilidad de contar con <strong>ALKA AD 60 Tabletas<\/strong> en tu hogar o tus viajes \u2708\ufe0f. Recupera tu ritmo y bienestar con un producto de calidad.<\/p>\n<p><strong>Nota:<\/strong> Sigue las indicaciones y recomendaciones de uso indicadas en el empaque. Consulta a un profesional de la salud en caso de dudas.\n<\/div>\n","protected":false},"excerpt":{"rendered":"<div style=\"color:black;font-family: Arial, sans-serif\">\n<strong>ALKA AD 60 TABLETAS<\/strong> te ayuda a <strong>aliviar de forma segura<\/strong> y pr\u00e1ctica las molestias causadas por la diarrea. Disfruta de mayor tranquilidad en tu d\u00eda a d\u00eda con VitaGlobe, donde la salud no tiene fronteras. \ud83c\udf0d\ud83d\udc8a<\/p>\n<p style=\"color:red;font-weight:bold;font-style:italic;font-size:1.1em\">\u00a1Recup\u00e9rate y sigue adelante, tu bienestar es primero!<\/p>\n<\/div>\n","protected":false},"featured_media":3138,"comment_status":"closed","ping_status":"closed","template":"","meta":{"_kad_post_transparent":"","_kad_post_title":"","_kad_post_layout":"","_kad_post_sidebar_id":"","_kad_post_content_style":"","_kad_post_vertical_padding":"","_kad_post_feature":"","_kad_post_feature_position":"","_kad_post_header":false,"_kad_post_footer":false},"product_brand":[],"product_cat":[227,228,215],"product_tag":[229,230,231,232,233],"class_list":{"0":"post-3217","1":"product","2":"type-product","3":"status-publish","4":"has-post-thumbnail","6":"product_cat-laboratorios-bayer","7":"product_cat-para-el-estomago","8":"product_cat-tabletas","9":"product_tag-alka-ad","10":"product_tag-alka-seltzer-antidiarreica","11":"product_tag-bayer","12":"product_tag-diarrea","13":"product_tag-dolor-de-estomago","15":"first","16":"instock","17":"purchasable","18":"product-type-simple","19":"entry","20":"content-bg","21":"loop-entry"},"_links":{"self":[{"href":"https:\/\/vitaminaselsalvador.net\/index.php\/wp-json\/wp\/v2\/product\/3217","targetHints":{"allow":["GET"]}}],"collection":[{"href":"https:\/\/vitaminaselsalvador.net\/index.php\/wp-json\/wp\/v2\/product"}],"about":[{"href":"https:\/\/vitaminaselsalvador.net\/index.php\/wp-json\/wp\/v2\/types\/product"}],"replies":[{"embeddable":true,"href":"https:\/\/vitaminaselsalvador.net\/index.php\/wp-json\/wp\/v2\/comments?post=3217"}],"wp:featuredmedia":[{"embeddable":true,"href":"https:\/\/vitaminaselsalvador.net\/index.php\/wp-json\/wp\/v2\/media\/3138"}],"wp:attachment":[{"href":"https:\/\/vitaminaselsalvador.net\/index.php\/wp-json\/wp\/v2\/media?parent=3217"}],"wp:term":[{"taxonomy":"product_brand","embeddable":true,"href":"https:\/\/vitaminaselsalvador.net\/index.php\/wp-json\/wp\/v2\/product_brand?post=3217"},{"taxonomy":"product_cat","embeddable":true,"href":"https:\/\/vitaminaselsalvador.net\/index.php\/wp-json\/wp\/v2\/product_cat?post=3217"},{"taxonomy":"product_tag","embeddable":true,"href":"https:\/\/vitaminaselsalvador.net\/index.php\/wp-json\/wp\/v2\/product_tag?post=3217"}],"curies":[{"name":"wp","href":"https:\/\/api.w.org\/{rel}","templated":true}]}}