{"id":3213,"date":"2022-11-02T21:13:16","date_gmt":"2022-11-03T03:13:16","guid":{"rendered":"https:\/\/vitaminaselsalvador.net\/?post_type=product&#038;p=3213"},"modified":"2025-08-29T10:06:36","modified_gmt":"2025-08-29T16:06:36","slug":"palagrip-alivio-rapido-a-todos-los-sintomas-de-la-gripe-recupera-tu-bienestar-en-menos-tiempo","status":"publish","type":"product","link":"https:\/\/vitaminaselsalvador.net\/index.php\/product\/palagrip-alivio-rapido-a-todos-los-sintomas-de-la-gripe-recupera-tu-bienestar-en-menos-tiempo\/","title":{"rendered":"Palagrip ALIVIO RAPIDO A TODOS LOS SINTOMAS DE LA GRIPE \u2013 Recupera tu bienestar en menos tiempo"},"content":{"rendered":"<div style=\"color:black;font-family: Arial, sans-serif\">\n\u00bfBuscas <strong>alivio r\u00e1pido a todos los s\u00edntomas de la gripe<\/strong>? En <strong>VitaGlobe &#8211; Tu salud, sin fronteras<\/strong>, te presentamos <strong>Palagrip ALIVIO RAPIDO A TODOS LOS SINTOMAS DE LA GRIPE<\/strong>. Su f\u00f3rmula est\u00e1 dise\u00f1ada para actuar eficazmente y proporcionarte una sensaci\u00f3n de bienestar general cuando m\u00e1s lo necesitas.<\/p>\n<p><strong>Palagrip<\/strong> ayuda a combatir los principales malestares gripales, permiti\u00e9ndote recuperar tu ritmo diario sin complicaciones. Conf\u00eda en un producto pensado para ti y tu familia: <strong>f\u00e1cil de tomar, efectivo y confiable<\/strong>.<\/p>\n<p>En VitaGlobe nos enfocamos en <strong>conectar la salud con el mundo<\/strong> \ud83c\udf0e, y por eso te ofrecemos soluciones como <strong>Palagrip<\/strong>, que cuidan de ti dondequiera que est\u00e9s.<\/p>\n<p><strong>\u00a1No dejes que la gripe detenga tu d\u00eda!<\/strong> Elige Palagrip y siente la diferencia. \ud83d\ude0c\n<\/div>\n","protected":false},"excerpt":{"rendered":"<div style=\"color:black;font-family: Arial, sans-serif\">\n\u00bfTe aquejan los s\u00edntomas de la gripe? <strong>Palagrip<\/strong> te ofrece <strong>ALIVIO R\u00c1PIDO<\/strong> para todos los s\u00edntomas. Vuelve a sentirte bien y recupera tu energ\u00eda en poco tiempo. \ud83c\udf21\ufe0f\ud83d\udc8a Vive cada d\u00eda sin interrupciones gracias a una soluci\u00f3n eficaz.<\/p>\n<p style=\"color:red;font-weight:bold;font-style:italic;font-size:1.1em\">\u00a1Recupera tu bienestar hoy mismo con Palagrip!<\/p>\n<\/div>\n","protected":false},"featured_media":3241,"comment_status":"closed","ping_status":"closed","template":"","meta":{"_kad_post_transparent":"","_kad_post_title":"","_kad_post_layout":"","_kad_post_sidebar_id":"","_kad_post_content_style":"","_kad_post_vertical_padding":"","_kad_post_feature":"","_kad_post_feature_position":"","_kad_post_header":false,"_kad_post_footer":false},"product_brand":[],"product_cat":[371,382,452,266],"product_tag":[453,146,456,201],"class_list":{"0":"post-3213","1":"product","2":"type-product","3":"status-publish","4":"has-post-thumbnail","6":"product_cat-alergias","7":"product_cat-gripe","8":"product_cat-laboratorios-pharmedic","9":"product_cat-tablecaps","10":"product_tag-alivio-rapido-a-los-sintomas-de-la-gripe","11":"product_tag-el-salvador","12":"product_tag-palagrip","13":"product_tag-vitaminas-en-el-salvador","15":"first","16":"instock","17":"purchasable","18":"product-type-simple","19":"entry","20":"content-bg","21":"loop-entry"},"_links":{"self":[{"href":"https:\/\/vitaminaselsalvador.net\/index.php\/wp-json\/wp\/v2\/product\/3213","targetHints":{"allow":["GET"]}}],"collection":[{"href":"https:\/\/vitaminaselsalvador.net\/index.php\/wp-json\/wp\/v2\/product"}],"about":[{"href":"https:\/\/vitaminaselsalvador.net\/index.php\/wp-json\/wp\/v2\/types\/product"}],"replies":[{"embeddable":true,"href":"https:\/\/vitaminaselsalvador.net\/index.php\/wp-json\/wp\/v2\/comments?post=3213"}],"wp:featuredmedia":[{"embeddable":true,"href":"https:\/\/vitaminaselsalvador.net\/index.php\/wp-json\/wp\/v2\/media\/3241"}],"wp:attachment":[{"href":"https:\/\/vitaminaselsalvador.net\/index.php\/wp-json\/wp\/v2\/media?parent=3213"}],"wp:term":[{"taxonomy":"product_brand","embeddable":true,"href":"https:\/\/vitaminaselsalvador.net\/index.php\/wp-json\/wp\/v2\/product_brand?post=3213"},{"taxonomy":"product_cat","embeddable":true,"href":"https:\/\/vitaminaselsalvador.net\/index.php\/wp-json\/wp\/v2\/product_cat?post=3213"},{"taxonomy":"product_tag","embeddable":true,"href":"https:\/\/vitaminaselsalvador.net\/index.php\/wp-json\/wp\/v2\/product_tag?post=3213"}],"curies":[{"name":"wp","href":"https:\/\/api.w.org\/{rel}","templated":true}]}}