{"id":3212,"date":"2022-11-02T21:13:15","date_gmt":"2022-11-03T03:13:15","guid":{"rendered":"https:\/\/vitaminaselsalvador.net\/?post_type=product&#038;p=3212"},"modified":"2025-08-28T10:06:20","modified_gmt":"2025-08-28T16:06:20","slug":"finadol-extra-fuerte-alivia-el-dolor-rapido-y-eficazmente","status":"publish","type":"product","link":"https:\/\/vitaminaselsalvador.net\/index.php\/product\/finadol-extra-fuerte-alivia-el-dolor-rapido-y-eficazmente\/","title":{"rendered":"Finadol EXTRA FUERTE alivia el dolor r\u00e1pido y eficazmente"},"content":{"rendered":"<div style=\"color:black;font-family: Arial, sans-serif\">\n<p><strong>Finadol EXTRA FUERTE<\/strong> es la opci\u00f3n confiable cuando necesitas un <strong>alivio potente<\/strong> para el dolor. Desarrollado especialmente para reducir las molestias ocasionadas por dolores de cabeza, musculares, dentales y otros tipos de dolor ocasional, ofrece un efecto <strong>r\u00e1pido y eficaz<\/strong> para que nada detenga tu d\u00eda.<\/p>\n<p>Su f\u00f3rmula combina <strong>paracetamol y cafe\u00edna<\/strong>, una dupla reconocida por su capacidad para <strong>potenciar el alivio<\/strong> y ayudarte a sentirte mejor en menos tiempo. Finadol EXTRA FUERTE se adapta perfectamente al ritmo de vida activo, permiti\u00e9ndote enfocarte en tus actividades importantes.<\/p>\n<p>En <strong>VitaGlobe &#8211; Tu salud, sin fronteras<\/strong> \ud83c\udf0e, te acercamos productos de <strong>alta calidad internacional<\/strong> para que puedas cuidar tu bienestar sin l\u00edmites. <em>Conectando salud con el mundo<\/em>, ponemos a tu alcance opciones seguras y confiables como Finadol EXTRA FUERTE.<\/p>\n<p><strong>Alivia, act\u00faa r\u00e1pido y sigue adelante con confianza. Tu bienestar, donde lo necesites.<\/strong><\/p>\n<\/div>\n","protected":false},"excerpt":{"rendered":"<div style=\"color:black;font-family: Arial, sans-serif\">\n<strong>Finadol EXTRA FUERTE<\/strong> es ideal para quienes buscan una opci\u00f3n r\u00e1pida y eficaz. Su f\u00f3rmula <strong>especialmente dise\u00f1ada<\/strong> te ayuda a disfrutar tus d\u00edas al m\u00e1ximo. En <strong>VitaGlobe<\/strong> te conectamos con bienestar sin fronteras.<br \/>\n\u00a1Dile adi\u00f3s a las molestias y si\u00e9ntete mejor cada d\u00eda! \ud83d\ude03\ud83d\udcaa<\/p>\n<p style=\"color:red;font-weight:bold;font-style:italic;font-size:1.1em\">\u00a1Adquiere ahora tu Finadol EXTRA FUERTE y vive sin l\u00edmites!<\/p>\n<\/div>\n","protected":false},"featured_media":3240,"comment_status":"closed","ping_status":"closed","template":"","meta":{"_kad_post_transparent":"","_kad_post_title":"","_kad_post_layout":"","_kad_post_sidebar_id":"","_kad_post_content_style":"","_kad_post_vertical_padding":"","_kad_post_feature":"","_kad_post_feature_position":"","_kad_post_header":false,"_kad_post_footer":false},"product_brand":[],"product_cat":[452,214,166],"product_tag":[453,146,454,455,201],"class_list":{"0":"post-3212","1":"product","2":"type-product","3":"status-publish","4":"has-post-thumbnail","6":"product_cat-laboratorios-pharmedic","7":"product_cat-para-el-dolor-y-fiebre","8":"product_cat-todo-dolor-y-vitaminas","9":"product_tag-alivio-rapido-a-los-sintomas-de-la-gripe","10":"product_tag-el-salvador","11":"product_tag-finadol","12":"product_tag-rapido-alivio-al-dolor-y-la-fiebre","13":"product_tag-vitaminas-en-el-salvador","15":"first","16":"instock","17":"purchasable","18":"product-type-simple","19":"entry","20":"content-bg","21":"loop-entry"},"_links":{"self":[{"href":"https:\/\/vitaminaselsalvador.net\/index.php\/wp-json\/wp\/v2\/product\/3212","targetHints":{"allow":["GET"]}}],"collection":[{"href":"https:\/\/vitaminaselsalvador.net\/index.php\/wp-json\/wp\/v2\/product"}],"about":[{"href":"https:\/\/vitaminaselsalvador.net\/index.php\/wp-json\/wp\/v2\/types\/product"}],"replies":[{"embeddable":true,"href":"https:\/\/vitaminaselsalvador.net\/index.php\/wp-json\/wp\/v2\/comments?post=3212"}],"wp:featuredmedia":[{"embeddable":true,"href":"https:\/\/vitaminaselsalvador.net\/index.php\/wp-json\/wp\/v2\/media\/3240"}],"wp:attachment":[{"href":"https:\/\/vitaminaselsalvador.net\/index.php\/wp-json\/wp\/v2\/media?parent=3212"}],"wp:term":[{"taxonomy":"product_brand","embeddable":true,"href":"https:\/\/vitaminaselsalvador.net\/index.php\/wp-json\/wp\/v2\/product_brand?post=3212"},{"taxonomy":"product_cat","embeddable":true,"href":"https:\/\/vitaminaselsalvador.net\/index.php\/wp-json\/wp\/v2\/product_cat?post=3212"},{"taxonomy":"product_tag","embeddable":true,"href":"https:\/\/vitaminaselsalvador.net\/index.php\/wp-json\/wp\/v2\/product_tag?post=3212"}],"curies":[{"name":"wp","href":"https:\/\/api.w.org\/{rel}","templated":true}]}}