{"id":3207,"date":"2022-11-02T21:13:15","date_gmt":"2022-11-03T03:13:15","guid":{"rendered":"https:\/\/vitaminaselsalvador.net\/?post_type=product&#038;p=3207"},"modified":"2025-08-25T10:06:29","modified_gmt":"2025-08-25T16:06:29","slug":"foskrol-con-ginkgo-biloba-potencia-tu-energia-mental-y-bienestar","status":"publish","type":"product","link":"https:\/\/vitaminaselsalvador.net\/index.php\/product\/foskrol-con-ginkgo-biloba-potencia-tu-energia-mental-y-bienestar\/","title":{"rendered":"FOSKROL CON GINKGO BILOBA potencia tu energ\u00eda mental y bienestar"},"content":{"rendered":"<div style=\"color:black;font-family: Arial, sans-serif\">\nDescubre <strong>FOSKROL con Ginkgo Biloba<\/strong> en <strong>VitaGlobe<\/strong>, tu espacio confiable para cuidar de tu bienestar. En <strong>VitaGlobe &#8211; Tu salud, sin fronteras<\/strong> \ud83c\udf0e, te acercamos productos reconocidos para que vivas con energ\u00eda y aproveches cada d\u00eda al m\u00e1ximo.<\/p>\n<p><strong>FOSKROL con Ginkgo Biloba<\/strong> es un suplemento que contiene <strong>Ginkgo Biloba<\/strong> y una f\u00f3rmula cuidadosamente desarrollada. Es ideal para quienes buscan fortalecer su rutina diaria y mantener su vitalidad. Su f\u00f3rmula est\u00e1 compuesta por <strong>extracto de Ginkgo Biloba<\/strong>, <strong>Fosfato<\/strong>, <strong>Asparaginato de magnesio<\/strong>, <strong>Asparaginato de potasio<\/strong> y <strong>Vitamina B12<\/strong>. Se presenta en <strong>ampollas bebibles<\/strong> para un consumo pr\u00e1ctico y eficaz.<\/p>\n<p>Las ampollas de FOSKROL con Ginkgo Biloba son tu aliado para complementar una alimentaci\u00f3n equilibrada y mantenerte activo.\u2728<\/p>\n<p><strong>Caracter\u00edsticas del producto:<\/strong><\/p>\n<ul>\n<li>Contiene Ginkgo Biloba<\/li>\n<li>Incluye vitamina B12, asparaginato de magnesio y potasio<\/li>\n<li>F\u00e1cil de tomar gracias a su formato en ampollas bebibles<\/li>\n<li>Presentaci\u00f3n pr\u00e1ctica para llevar a todas partes<\/li>\n<\/ul>\n<p>En <strong>VitaGlobe<\/strong> nos apasiona <strong>conectar salud con el mundo<\/strong> y darte acceso a productos originales como FOSKROL con Ginkgo Biloba. \ud83d\udc9a<\/p>\n<p><strong>\u00a1Haz tu pedido hoy y fortalece tu d\u00eda a d\u00eda de forma pr\u00e1ctica y confiable!<\/strong>\n<\/div>\n","protected":false},"excerpt":{"rendered":"<div style=\"color:black;font-family: Arial, sans-serif\">\nDescubre <strong>FOSKROL CON GINKGO BILOBA<\/strong>, la opci\u00f3n pr\u00e1ctica para quienes buscan bienestar en su d\u00eda a d\u00eda. \ud83c\udf31 Su f\u00f3rmula especial te acompa\u00f1a en tus rutinas, para que te sientas siempre t\u00fa mismo. <strong>Calidad garantizada<\/strong> por VitaGlobe, tu tienda confiable para la salud. \ud83e\udd1d<\/p>\n<p style=\"color:red;font-weight:bold;font-style:italic;font-size:1.1em\">\u00a1Adquiere FOSKROL CON GINKGO BILOBA y conecta tu salud con el mundo!<\/p>\n<\/div>\n","protected":false},"featured_media":3236,"comment_status":"closed","ping_status":"closed","template":"","meta":{"_kad_post_transparent":"","_kad_post_title":"","_kad_post_layout":"","_kad_post_sidebar_id":"","_kad_post_content_style":"","_kad_post_vertical_padding":"","_kad_post_feature":"","_kad_post_feature_position":"","_kad_post_header":false,"_kad_post_footer":false},"product_brand":[],"product_cat":[105,106,166],"product_tag":[193,146,147,207,199,209,210,192,201],"class_list":{"0":"post-3207","1":"product","2":"type-product","3":"status-publish","4":"has-post-thumbnail","6":"product_cat-capsulas-de-gelatina-blanda","7":"product_cat-laboratorios-biokemical","8":"product_cat-todo-dolor-y-vitaminas","9":"product_tag-biokemical","10":"product_tag-el-salvador","11":"product_tag-energizantes","12":"product_tag-foskrol-con-ginkgo-biloba","13":"product_tag-foskrol-vitaminas-para-el-cerebro-y-nervios","14":"product_tag-ginkgo-biloba","15":"product_tag-pastillas-vitaminadas-para-el-dolor","16":"product_tag-trigliceridos","17":"product_tag-vitaminas-en-el-salvador","19":"first","20":"instock","21":"shipping-taxable","22":"purchasable","23":"product-type-simple","24":"entry","25":"content-bg","26":"loop-entry"},"_links":{"self":[{"href":"https:\/\/vitaminaselsalvador.net\/index.php\/wp-json\/wp\/v2\/product\/3207","targetHints":{"allow":["GET"]}}],"collection":[{"href":"https:\/\/vitaminaselsalvador.net\/index.php\/wp-json\/wp\/v2\/product"}],"about":[{"href":"https:\/\/vitaminaselsalvador.net\/index.php\/wp-json\/wp\/v2\/types\/product"}],"replies":[{"embeddable":true,"href":"https:\/\/vitaminaselsalvador.net\/index.php\/wp-json\/wp\/v2\/comments?post=3207"}],"wp:featuredmedia":[{"embeddable":true,"href":"https:\/\/vitaminaselsalvador.net\/index.php\/wp-json\/wp\/v2\/media\/3236"}],"wp:attachment":[{"href":"https:\/\/vitaminaselsalvador.net\/index.php\/wp-json\/wp\/v2\/media?parent=3207"}],"wp:term":[{"taxonomy":"product_brand","embeddable":true,"href":"https:\/\/vitaminaselsalvador.net\/index.php\/wp-json\/wp\/v2\/product_brand?post=3207"},{"taxonomy":"product_cat","embeddable":true,"href":"https:\/\/vitaminaselsalvador.net\/index.php\/wp-json\/wp\/v2\/product_cat?post=3207"},{"taxonomy":"product_tag","embeddable":true,"href":"https:\/\/vitaminaselsalvador.net\/index.php\/wp-json\/wp\/v2\/product_tag?post=3207"}],"curies":[{"name":"wp","href":"https:\/\/api.w.org\/{rel}","templated":true}]}}