{"id":3189,"date":"2022-11-02T21:12:50","date_gmt":"2022-11-03T03:12:50","guid":{"rendered":"https:\/\/vitaminaselsalvador.net\/?post_type=product&#038;p=3189"},"modified":"2025-08-24T10:06:21","modified_gmt":"2025-08-24T16:06:21","slug":"ultraestres-con-ginkgo-biloba-duo-pack-mejora-tu-vitalidad-y-bienestar-diario","status":"publish","type":"product","link":"https:\/\/vitaminaselsalvador.net\/index.php\/product\/ultraestres-con-ginkgo-biloba-duo-pack-mejora-tu-vitalidad-y-bienestar-diario\/","title":{"rendered":"ULTRAESTRES CON GINKGO BILOBA DUO Pack mejora tu vitalidad y bienestar diario"},"content":{"rendered":"<div style=\"color:black;font-family: Arial, sans-serif\">\n<p><strong>ULTRAESTRES CON GINKGO BILOBA DUO Pack<\/strong> es la opci\u00f3n ideal para quienes buscan potenciar su bienestar diario. En <strong>VitaGlobe &#8211; Tu salud, sin fronteras<\/strong>, seleccionamos productos confiables que te acompa\u00f1an a cuidar de ti, est\u00e9s donde est\u00e9s. <span style=\"font-size:1.2em\">\ud83c\udf0e\u2728<\/span><\/p>\n<p>Este <strong>DUO Pack<\/strong> incluye dos envases de <strong>Ultraestres con Ginkgo Biloba<\/strong>, una f\u00f3rmula especialmente dise\u00f1ada con <strong>Ginkgo Biloba<\/strong>. Todos sus componentes aportan a un estilo de vida equilibrado.<\/p>\n<ul>\n<li><strong>2 envases por pack, ideal para mayor duraci\u00f3n<\/strong><\/li>\n<li>Formulaci\u00f3n con <strong>Ginkgo Biloba<\/strong><\/li>\n<\/ul>\n<p>En <strong>VitaGlobe<\/strong> creemos en acercar lo mejor de la salud global a tu hogar: <strong>Conectando salud con el mundo.<\/strong> <span style=\"font-size:1.2em\">\ud83d\udc9a<\/span> Aprovecha este combo y cuida de ti de manera pr\u00e1ctica y eficiente.<\/p>\n<\/div>\n","protected":false},"excerpt":{"rendered":"<div style=\"color:black;font-family: Arial, sans-serif\">\n<strong>ULTRAESTRES CON GINKGO BILOBA DUO Pack<\/strong> te ofrece una opci\u00f3n pr\u00e1ctica y confiable para tu bienestar diario. Aprovecha este <strong>pack doble<\/strong> que combina calidad y comodidad en cada toma. \ud83c\udf31\u270c\ufe0f Disfruta de una alternativa pensada para acompa\u00f1ar tu rutina, siempre con el respaldo de <strong>VitaGlobe<\/strong>.<\/p>\n<p style=\"color:red;font-weight:bold;font-style:italic;font-size:1.1em\">\u00a1Conecta tu salud con el mundo y ll\u00e9valo hoy mismo!<\/p>\n<\/div>\n","protected":false},"featured_media":3235,"comment_status":"closed","ping_status":"closed","template":"","meta":{"_kad_post_transparent":"","_kad_post_title":"","_kad_post_layout":"","_kad_post_sidebar_id":"","_kad_post_content_style":"","_kad_post_vertical_padding":"","_kad_post_feature":"","_kad_post_feature_position":"","_kad_post_header":false,"_kad_post_footer":false},"product_brand":[],"product_cat":[105,106,166],"product_tag":[439,193,146,147,209,192,440,179,441,442,201],"class_list":{"0":"post-3189","1":"product","2":"type-product","3":"status-publish","4":"has-post-thumbnail","6":"product_cat-capsulas-de-gelatina-blanda","7":"product_cat-laboratorios-biokemical","8":"product_cat-todo-dolor-y-vitaminas","9":"product_tag-acetato","10":"product_tag-biokemical","11":"product_tag-el-salvador","12":"product_tag-energizantes","13":"product_tag-ginkgo-biloba","14":"product_tag-trigliceridos","15":"product_tag-vitamina-b1","16":"product_tag-vitamina-b12","17":"product_tag-vitamina-b6","18":"product_tag-vitamina-e","19":"product_tag-vitaminas-en-el-salvador","21":"first","22":"instock","23":"shipping-taxable","24":"purchasable","25":"product-type-simple","26":"entry","27":"content-bg","28":"loop-entry"},"_links":{"self":[{"href":"https:\/\/vitaminaselsalvador.net\/index.php\/wp-json\/wp\/v2\/product\/3189","targetHints":{"allow":["GET"]}}],"collection":[{"href":"https:\/\/vitaminaselsalvador.net\/index.php\/wp-json\/wp\/v2\/product"}],"about":[{"href":"https:\/\/vitaminaselsalvador.net\/index.php\/wp-json\/wp\/v2\/types\/product"}],"replies":[{"embeddable":true,"href":"https:\/\/vitaminaselsalvador.net\/index.php\/wp-json\/wp\/v2\/comments?post=3189"}],"wp:featuredmedia":[{"embeddable":true,"href":"https:\/\/vitaminaselsalvador.net\/index.php\/wp-json\/wp\/v2\/media\/3235"}],"wp:attachment":[{"href":"https:\/\/vitaminaselsalvador.net\/index.php\/wp-json\/wp\/v2\/media?parent=3189"}],"wp:term":[{"taxonomy":"product_brand","embeddable":true,"href":"https:\/\/vitaminaselsalvador.net\/index.php\/wp-json\/wp\/v2\/product_brand?post=3189"},{"taxonomy":"product_cat","embeddable":true,"href":"https:\/\/vitaminaselsalvador.net\/index.php\/wp-json\/wp\/v2\/product_cat?post=3189"},{"taxonomy":"product_tag","embeddable":true,"href":"https:\/\/vitaminaselsalvador.net\/index.php\/wp-json\/wp\/v2\/product_tag?post=3189"}],"curies":[{"name":"wp","href":"https:\/\/api.w.org\/{rel}","templated":true}]}}