{"id":3187,"date":"2022-11-02T21:12:50","date_gmt":"2022-11-03T03:12:50","guid":{"rendered":"https:\/\/vitaminaselsalvador.net\/?post_type=product&#038;p=3187"},"modified":"2025-10-02T21:46:03","modified_gmt":"2025-10-03T03:46:03","slug":"con-artrifin-vitaminado-120-tabletas-adios-dolor","status":"publish","type":"product","link":"https:\/\/vitaminaselsalvador.net\/index.php\/product\/con-artrifin-vitaminado-120-tabletas-adios-dolor\/","title":{"rendered":"Con ARTRIFIN VITAMINADO 120 Tabletas Adios dolor"},"content":{"rendered":"<h4 style=\"text-align: center;\"><span style=\"color: #000000;\"><em><strong>30\u00a0Sobres de 4 Tabletas<\/strong><\/em><\/span><\/h4>\n<h4 style=\"text-align: center;\"><span style=\"color: #000000;\"><em><strong>INDICACIONES:<\/strong><\/em><\/span><\/h4>\n<h4 style=\"text-align: center;\"><em><strong><span style=\"color: #000000;\"><span style=\"color: #ff0000;\">ARTRIFIN VITAMINADO<\/span>, est\u00e1 indicado en el tratamiento de las formas inflamatorias y degenerativas del reumatismo: <\/span><\/strong><\/em><\/h4>\n<h4 style=\"text-align: center;\"><span style=\"color: #000000;\"><em><strong>POLI ARTRITIS CRONICA, <\/strong><\/em><\/span><\/h4>\n<h4 style=\"text-align: center;\"><span style=\"color: #000000;\"><em><strong>ESPONDILITIS ANQUILOSANTE, <\/strong><\/em><\/span><\/h4>\n<h4 style=\"text-align: center;\"><span style=\"color: #000000;\"><em><strong>ARTROSIS, <\/strong><\/em><\/span><\/h4>\n<h4 style=\"text-align: center;\"><span style=\"color: #000000;\"><em><strong>PATOLOGIA DISCO-VERTEBRAL (NEURITIS Y NEURALGIAS,\u00a0LUMBAGO,\u00a0CIATICA)<\/strong><\/em><\/span><\/h4>\n<h4 style=\"text-align: center;\"><em><strong><span style=\"color: #ff0000;\">ADVERTENCIA:<\/span><\/strong><\/em><\/h4>\n<h4 style=\"text-align: center;\"><em><strong><span style=\"color: #ff0000;\">Debe administrarse con precauci\u00f3n a pacientes con \u00falcera p\u00e9ptica, colitis ulcerativa. <\/span><\/strong><\/em><\/h4>\n<h4 style=\"text-align: center;\"><em><strong><span style=\"color: #ff0000;\">Administrarse con las comidas<\/span><\/strong><\/em><\/h4>\n","protected":false},"excerpt":{"rendered":"<h4 style=\"text-align: center;\"><em><span style=\"color: #0000ff;\"><strong>LUMBAGO &#8211; TORTICOLIS &#8211; REUMATISMO &#8211; ARTRITIS<\/strong><\/span><\/em><\/h4>\n<h4 style=\"text-align: center;\"><em><span style=\"color: #ff0000;\"><strong>FIN A LA ARTRITIS<\/strong><\/span><\/em><\/h4>\n<h4 style=\"text-align: center;\"><em><span style=\"color: #ff0000;\"><strong>CON<\/strong><\/span><\/em><\/h4>\n<h4 style=\"text-align: center;\"><em><span style=\"color: #ff0000;\"><strong>ARTRIFIN VITAMINADO<\/strong><\/span><\/em><\/h4>\n<h4 style=\"text-align: center;\"><span style=\"color: #000000;\"><em><strong>Es un agente anti-inflamatorio, antirreum\u00e1tico, analg\u00e9sico y antipir\u00e9tico no\u00a0<\/strong><\/em><em><strong>estereoidal.<\/strong><\/em><\/span><\/h4>\n<h4 style=\"text-align: center;\"><span style=\"color: #000000;\"><em><strong>Es muy efectivo administrado por via oral, mejorando el movimiento de la coyuntura. <\/strong><\/em><\/span><\/h4>\n<h4 style=\"text-align: center;\"><em><span style=\"color: #000000;\"><strong><span style=\"color: #000000;\">Generalmente es bien tolerado, se presenta<\/span> <span style=\"color: #ff0000;\">ocasionalmente<\/span> <span style=\"color: #000000;\">intolerancia gastro intestinal.<\/span><\/strong><\/span><\/em><\/h4>\n","protected":false},"featured_media":3226,"comment_status":"closed","ping_status":"closed","template":"","meta":{"_kad_post_transparent":"","_kad_post_title":"","_kad_post_layout":"","_kad_post_sidebar_id":"","_kad_post_content_style":"","_kad_post_vertical_padding":"","_kad_post_feature":"","_kad_post_feature_position":"","_kad_post_header":false,"_kad_post_footer":false},"product_brand":[],"product_cat":[235,180,215,166],"product_tag":[182,405,406,407,408,409,410,185,355,241,242,243,244,411,146,412,413,298,299,300,301,302,414,201],"class_list":{"0":"post-3187","1":"product","2":"type-product","3":"status-publish","4":"has-post-thumbnail","6":"product_cat-artritis-artrosis-reuma","7":"product_cat-laboratorios-lopez","8":"product_cat-tabletas","9":"product_cat-todo-dolor-y-vitaminas","10":"product_tag-artrifin","11":"product_tag-artrifin-componentes","12":"product_tag-artrifin-delivery","13":"product_tag-artrifin-en-oferta","14":"product_tag-artrifin-for-sale","15":"product_tag-artrifin-formula","16":"product_tag-artrifin-forte-efectos-secundarios","17":"product_tag-artrifin-vitaminado","18":"product_tag-artritis","19":"product_tag-artritis-gotosa","20":"product_tag-artritis-reumatoide","21":"product_tag-artritis-reumatoidea","22":"product_tag-artritis-septica","23":"product_tag-artrosis","24":"product_tag-el-salvador","25":"product_tag-fin-a-la-artritis","26":"product_tag-lumbago","27":"product_tag-pastillas-para-la-artritis","28":"product_tag-pastillas-para-la-reuma","29":"product_tag-reuma","30":"product_tag-reumatismo","31":"product_tag-reumatitis","32":"product_tag-torticolis","33":"product_tag-vitaminas-en-el-salvador","34":"product_shipping_class-artrifin","36":"first","37":"instock","38":"featured","39":"shipping-taxable","40":"purchasable","41":"product-type-simple","42":"entry","43":"content-bg","44":"loop-entry"},"_links":{"self":[{"href":"https:\/\/vitaminaselsalvador.net\/index.php\/wp-json\/wp\/v2\/product\/3187","targetHints":{"allow":["GET"]}}],"collection":[{"href":"https:\/\/vitaminaselsalvador.net\/index.php\/wp-json\/wp\/v2\/product"}],"about":[{"href":"https:\/\/vitaminaselsalvador.net\/index.php\/wp-json\/wp\/v2\/types\/product"}],"replies":[{"embeddable":true,"href":"https:\/\/vitaminaselsalvador.net\/index.php\/wp-json\/wp\/v2\/comments?post=3187"}],"wp:featuredmedia":[{"embeddable":true,"href":"https:\/\/vitaminaselsalvador.net\/index.php\/wp-json\/wp\/v2\/media\/3226"}],"wp:attachment":[{"href":"https:\/\/vitaminaselsalvador.net\/index.php\/wp-json\/wp\/v2\/media?parent=3187"}],"wp:term":[{"taxonomy":"product_brand","embeddable":true,"href":"https:\/\/vitaminaselsalvador.net\/index.php\/wp-json\/wp\/v2\/product_brand?post=3187"},{"taxonomy":"product_cat","embeddable":true,"href":"https:\/\/vitaminaselsalvador.net\/index.php\/wp-json\/wp\/v2\/product_cat?post=3187"},{"taxonomy":"product_tag","embeddable":true,"href":"https:\/\/vitaminaselsalvador.net\/index.php\/wp-json\/wp\/v2\/product_tag?post=3187"}],"curies":[{"name":"wp","href":"https:\/\/api.w.org\/{rel}","templated":true}]}}