{"id":3185,"date":"2022-11-02T21:12:50","date_gmt":"2022-11-03T03:12:50","guid":{"rendered":"https:\/\/vitaminaselsalvador.net\/?post_type=product&#038;p=3185"},"modified":"2025-08-22T10:06:20","modified_gmt":"2025-08-22T16:06:20","slug":"viro-grip-gel-caps-am-alivia-tu-dia-con-bienestar-inmediato","status":"publish","type":"product","link":"https:\/\/vitaminaselsalvador.net\/index.php\/product\/viro-grip-gel-caps-am-alivia-tu-dia-con-bienestar-inmediato\/","title":{"rendered":"Viro Grip GEL CAPS AM alivia tu d\u00eda con bienestar inmediato"},"content":{"rendered":"<div style=\"color:black;font-family: Arial, sans-serif\">\n<strong>Viro Grip GEL CAPS AM<\/strong> es una opci\u00f3n ideal para quienes buscan sentirse mejor durante el d\u00eda. En VitaGlobe &#8211; Tu salud, sin fronteras, nos importa tu bienestar, por eso te conectamos con productos confiables para tu salud. <strong>Viro Grip GEL CAPS AM<\/strong> contiene una combinaci\u00f3n de ingredientes cuidadosamente seleccionados. Consulta siempre la etiqueta para conocer su composici\u00f3n exacta.<\/p>\n<p>Estas gel caps est\u00e1n dise\u00f1adas para ofrecerte comodidad en un pr\u00e1ctico formato. <strong>Recuerda seguir las indicaciones de uso<\/strong> detalladas en el empaque para obtener el m\u00e1ximo beneficio.<\/p>\n<p>Conf\u00eda en VitaGlobe para conectar <strong>salud<\/strong> con el <strong>mundo<\/strong> \ud83c\udf0e\ud83e\ude7a. \u00a1Haz tu compra hoy y comienza a sentirte mejor!\n<\/div>\n","protected":false},"excerpt":{"rendered":"<div style=\"color:black;font-family: Arial, sans-serif\">\nDescubre <strong>Viro Grip GEL CAPS AM<\/strong>, tu aliado ideal para esos momentos en los que m\u00e1s lo necesitas. Disfruta de una opci\u00f3n pr\u00e1ctica y sencilla para acompa\u00f1arte en tu d\u00eda. Conf\u00eda en <strong>VitaGlobe<\/strong>, donde cuidamos de ti: <em>\u201cConectando salud con el mundo.\u201d<\/em> \ud83c\udf0e\ud83d\udc8a<\/p>\n<p style=\"color:red;font-weight:bold;font-style:italic;font-size:1.1em\">\u00a1A\u00f1ade Viro Grip GEL CAPS AM a tu carrito ahora y siente la diferencia!<\/p>\n<\/div>\n","protected":false},"featured_media":3232,"comment_status":"closed","ping_status":"closed","template":"","meta":{"_kad_post_transparent":"","_kad_post_title":"","_kad_post_layout":"","_kad_post_sidebar_id":"","_kad_post_content_style":"","_kad_post_vertical_padding":"","_kad_post_feature":"","_kad_post_feature_position":"","_kad_post_header":false,"_kad_post_footer":false},"product_brand":[],"product_cat":[382,94,214],"product_tag":[146,430,431,432,433,434,435,436,201],"class_list":{"0":"post-3185","1":"product","2":"type-product","3":"status-publish","4":"has-post-thumbnail","6":"product_cat-gripe","7":"product_cat-laboratorios-vijosa","8":"product_cat-para-el-dolor-y-fiebre","9":"product_tag-el-salvador","10":"product_tag-viro-grip-gel-caps","11":"product_tag-viro-grip-te","12":"product_tag-virogrip-am","13":"product_tag-virogrip-dia","14":"product_tag-virogrip-limon","15":"product_tag-virogrip-para-la-gripa","16":"product_tag-virogrip-polvo-para-la-gripe","17":"product_tag-vitaminas-en-el-salvador","19":"first","20":"instock","21":"shipping-taxable","22":"purchasable","23":"product-type-simple","24":"entry","25":"content-bg","26":"loop-entry"},"_links":{"self":[{"href":"https:\/\/vitaminaselsalvador.net\/index.php\/wp-json\/wp\/v2\/product\/3185","targetHints":{"allow":["GET"]}}],"collection":[{"href":"https:\/\/vitaminaselsalvador.net\/index.php\/wp-json\/wp\/v2\/product"}],"about":[{"href":"https:\/\/vitaminaselsalvador.net\/index.php\/wp-json\/wp\/v2\/types\/product"}],"replies":[{"embeddable":true,"href":"https:\/\/vitaminaselsalvador.net\/index.php\/wp-json\/wp\/v2\/comments?post=3185"}],"wp:featuredmedia":[{"embeddable":true,"href":"https:\/\/vitaminaselsalvador.net\/index.php\/wp-json\/wp\/v2\/media\/3232"}],"wp:attachment":[{"href":"https:\/\/vitaminaselsalvador.net\/index.php\/wp-json\/wp\/v2\/media?parent=3185"}],"wp:term":[{"taxonomy":"product_brand","embeddable":true,"href":"https:\/\/vitaminaselsalvador.net\/index.php\/wp-json\/wp\/v2\/product_brand?post=3185"},{"taxonomy":"product_cat","embeddable":true,"href":"https:\/\/vitaminaselsalvador.net\/index.php\/wp-json\/wp\/v2\/product_cat?post=3185"},{"taxonomy":"product_tag","embeddable":true,"href":"https:\/\/vitaminaselsalvador.net\/index.php\/wp-json\/wp\/v2\/product_tag?post=3185"}],"curies":[{"name":"wp","href":"https:\/\/api.w.org\/{rel}","templated":true}]}}