{"id":3180,"date":"2022-11-02T21:12:49","date_gmt":"2022-11-03T03:12:49","guid":{"rendered":"https:\/\/vitaminaselsalvador.net\/?post_type=product&#038;p=3180"},"modified":"2025-07-08T11:06:21","modified_gmt":"2025-07-08T17:06:21","slug":"artrikon-40-capsulas-de-gelatina-blanda","status":"publish","type":"product","link":"https:\/\/vitaminaselsalvador.net\/index.php\/product\/artrikon-40-capsulas-de-gelatina-blanda\/","title":{"rendered":"Artrikon 40 C\u00e1psulas de gelatina blanda"},"content":{"rendered":"<h4 style=\"text-align: center;\"><span style=\"color: #000000;\"><em><strong>Dosis:<\/strong><\/em><\/span><\/h4>\n<h4 style=\"text-align: center;\"><span style=\"color: #000000;\"><em><strong>Por lo general se recomienda:<\/strong><\/em><\/span><\/h4>\n<h4 style=\"text-align: center;\"><span style=\"color: #000000;\"><em><strong>Tomar 1 c\u00e1psula cada 8 horas por 2\u00a0d\u00edas\u00a0seguidos.<\/strong><\/em><\/span><br \/>\n<span style=\"color: #000000;\"> <em> <strong>Luego 1 C\u00e1psula ma\u00f1ana y noche por 3\u00a0d\u00edas\u00a0m\u00e1s.<\/strong><\/em><\/span><\/h4>\n<h4 style=\"text-align: center;\"><span style=\"color: #000000;\"><em><strong>Via de Administraci\u00f3n: ORAL<\/strong><\/em><\/span><\/h4>\n<h4 style=\"text-align: center;\"><em><span style=\"color: #0000ff;\">10 Sobres de 4 C\u00e1psulas<\/span><\/em><\/h4>\n<h4 style=\"text-align: center;\"><em><strong style=\"color: #3366ff;\">CONTRA INDICACIONES Y ADVERTENCIAS:<\/strong><\/em><\/h4>\n<h4 style=\"text-align: center;\"><span style=\"color: #000000;\"><em><b>Pacientes con trastornos gastrointestinales (gastritis, \u00falcera gastroduodenal), hipersensibilidad a alg\u00fan componente de la f\u00f3rmula.<\/b><\/em><\/span><\/h4>\n","protected":false},"excerpt":{"rendered":"<h4 style=\"text-align: center;\"><em><span style=\"color: #ff0000;\"><strong>Antirreum\u00e1tico\u00a0&#8211; Analg\u00e9sico\u00a0&#8211; Antiinflamatorio\u00a0<\/strong><\/span><\/em><\/h4>\n<h4 style=\"text-align: center;\"><em><strong>\u00a0<\/strong><\/em><\/h4>\n<h4><\/h4>\n","protected":false},"featured_media":3227,"comment_status":"closed","ping_status":"closed","template":"","meta":{"_kad_post_transparent":"","_kad_post_title":"","_kad_post_layout":"","_kad_post_sidebar_id":"","_kad_post_content_style":"","_kad_post_vertical_padding":"","_kad_post_feature":"","_kad_post_feature_position":"","_kad_post_header":false,"_kad_post_footer":false},"product_brand":[],"product_cat":[235,105,106,166],"product_tag":[354,355,193,296,146,210,300,301,302,201],"class_list":{"0":"post-3180","1":"product","2":"type-product","3":"status-publish","4":"has-post-thumbnail","6":"product_cat-artritis-artrosis-reuma","7":"product_cat-capsulas-de-gelatina-blanda","8":"product_cat-laboratorios-biokemical","9":"product_cat-todo-dolor-y-vitaminas","10":"product_tag-artrikon","11":"product_tag-artritis","12":"product_tag-biokemical","13":"product_tag-curar-la-artritis","14":"product_tag-el-salvador","15":"product_tag-pastillas-vitaminadas-para-el-dolor","16":"product_tag-reuma","17":"product_tag-reumatismo","18":"product_tag-reumatitis","19":"product_tag-vitaminas-en-el-salvador","21":"first","22":"outofstock","23":"featured","24":"shipping-taxable","25":"purchasable","26":"product-type-simple","27":"entry","28":"content-bg","29":"loop-entry"},"_links":{"self":[{"href":"https:\/\/vitaminaselsalvador.net\/index.php\/wp-json\/wp\/v2\/product\/3180","targetHints":{"allow":["GET"]}}],"collection":[{"href":"https:\/\/vitaminaselsalvador.net\/index.php\/wp-json\/wp\/v2\/product"}],"about":[{"href":"https:\/\/vitaminaselsalvador.net\/index.php\/wp-json\/wp\/v2\/types\/product"}],"replies":[{"embeddable":true,"href":"https:\/\/vitaminaselsalvador.net\/index.php\/wp-json\/wp\/v2\/comments?post=3180"}],"wp:featuredmedia":[{"embeddable":true,"href":"https:\/\/vitaminaselsalvador.net\/index.php\/wp-json\/wp\/v2\/media\/3227"}],"wp:attachment":[{"href":"https:\/\/vitaminaselsalvador.net\/index.php\/wp-json\/wp\/v2\/media?parent=3180"}],"wp:term":[{"taxonomy":"product_brand","embeddable":true,"href":"https:\/\/vitaminaselsalvador.net\/index.php\/wp-json\/wp\/v2\/product_brand?post=3180"},{"taxonomy":"product_cat","embeddable":true,"href":"https:\/\/vitaminaselsalvador.net\/index.php\/wp-json\/wp\/v2\/product_cat?post=3180"},{"taxonomy":"product_tag","embeddable":true,"href":"https:\/\/vitaminaselsalvador.net\/index.php\/wp-json\/wp\/v2\/product_tag?post=3180"}],"curies":[{"name":"wp","href":"https:\/\/api.w.org\/{rel}","templated":true}]}}