{"id":3178,"date":"2022-11-02T21:12:49","date_gmt":"2022-11-03T03:12:49","guid":{"rendered":"https:\/\/vitaminaselsalvador.net\/?post_type=product&#038;p=3178"},"modified":"2025-07-08T11:06:20","modified_gmt":"2025-07-08T17:06:20","slug":"foskrol-tranquilo-100-capsulas","status":"publish","type":"product","link":"https:\/\/vitaminaselsalvador.net\/index.php\/product\/foskrol-tranquilo-100-capsulas\/","title":{"rendered":"FOSKROL Tranquilo 100 C\u00e1psulas"},"content":{"rendered":"<h4 style=\"text-align: center;\"><span style=\"color: #000000;\"><em><strong>2 Cajas de 50 C\u00e1psulas cada una<\/strong><\/em><\/span><\/h4>\n<h4 style=\"text-align: center;\"><span style=\"color: #000000;\"><em><strong>Dosis:<\/strong><\/em><\/span><\/h4>\n<h4 style=\"text-align: center;\"><span style=\"color: #000000;\"><em><strong>Por lo general se recomienda:<\/strong><\/em><\/span><\/h4>\n<h4 style=\"text-align: center;\"><span style=\"color: #000000;\"><em><strong>Adultos: Tomar 1 c\u00e1psula por la ma\u00f1ana y 1 c\u00e1psula despu\u00e9s de la cena.<\/strong><\/em><\/span><\/h4>\n<h4 style=\"text-align: center;\"><span style=\"color: #000000;\"><em><strong>Via de Administraci\u00f3n: ORAL<\/strong><\/em><\/span><\/h4>\n<h4 style=\"text-align: center;\"><em><span style=\"color: #ff0000;\"><strong>VENTA LIBRE\u00a0<\/strong><\/span><\/em><\/h4>\n<h4 style=\"text-align: center;\"><em><strong><span style=\"color: #008000;\">DIABETICOS Y VEGETARIANOS PUEDEN TOMARLO<\/span><\/strong><\/em><\/h4>\n","protected":false},"excerpt":{"rendered":"<h4 style=\"text-align: center;\"><span style=\"color: #000000;\"><em><strong><span style=\"color: #000000;\">FOSKROL <\/span><span style=\"color: #008000;\">Tranquilo<\/span><\/strong><\/em><\/span><\/h4>\n<h4 style=\"text-align: center;\"><span style=\"color: #000000;\"><em><strong>Calma los nervios y regula el sue\u00f1o<\/strong><\/em><\/span><\/h4>\n<h4 style=\"text-align: center;\"><span style=\"color: #000000;\"><em><strong>Indicado como regulador del sue\u00f1o y tranquilizante natural.<\/strong><\/em><\/span><\/h4>\n<h4 style=\"text-align: center;\"><span style=\"color: #000000;\"><em><strong>Recomendado para ayudar a las personas que presentan, preocupaci\u00f3n, stress, insomnio y angustia.<\/strong><\/em><\/span><\/h4>\n","protected":false},"featured_media":3225,"comment_status":"closed","ping_status":"closed","template":"","meta":{"_kad_post_transparent":"","_kad_post_title":"","_kad_post_layout":"","_kad_post_sidebar_id":"","_kad_post_content_style":"","_kad_post_vertical_padding":"","_kad_post_feature":"","_kad_post_feature_position":"","_kad_post_header":false,"_kad_post_footer":false},"product_brand":[],"product_cat":[250,251,106],"product_tag":[193,398,146,399,404,199,400,401,402,201],"class_list":{"0":"post-3178","1":"product","2":"type-product","3":"status-publish","4":"has-post-thumbnail","6":"product_cat-capsulas","7":"product_cat-control-del-estres","8":"product_cat-laboratorios-biokemical","9":"product_tag-biokemical","10":"product_tag-calma-los-nervios","11":"product_tag-el-salvador","12":"product_tag-foskrol-tranquilo","13":"product_tag-foskrol-tranquilo-100-capsulas","14":"product_tag-foskrol-vitaminas-para-el-cerebro-y-nervios","15":"product_tag-regula-el-sueno","16":"product_tag-regulador-del-sueno","17":"product_tag-tranquilizante-natural","18":"product_tag-vitaminas-en-el-salvador","19":"product_shipping_class-artrifin","21":"first","22":"outofstock","23":"shipping-taxable","24":"purchasable","25":"product-type-simple","26":"entry","27":"content-bg","28":"loop-entry"},"_links":{"self":[{"href":"https:\/\/vitaminaselsalvador.net\/index.php\/wp-json\/wp\/v2\/product\/3178","targetHints":{"allow":["GET"]}}],"collection":[{"href":"https:\/\/vitaminaselsalvador.net\/index.php\/wp-json\/wp\/v2\/product"}],"about":[{"href":"https:\/\/vitaminaselsalvador.net\/index.php\/wp-json\/wp\/v2\/types\/product"}],"replies":[{"embeddable":true,"href":"https:\/\/vitaminaselsalvador.net\/index.php\/wp-json\/wp\/v2\/comments?post=3178"}],"wp:featuredmedia":[{"embeddable":true,"href":"https:\/\/vitaminaselsalvador.net\/index.php\/wp-json\/wp\/v2\/media\/3225"}],"wp:attachment":[{"href":"https:\/\/vitaminaselsalvador.net\/index.php\/wp-json\/wp\/v2\/media?parent=3178"}],"wp:term":[{"taxonomy":"product_brand","embeddable":true,"href":"https:\/\/vitaminaselsalvador.net\/index.php\/wp-json\/wp\/v2\/product_brand?post=3178"},{"taxonomy":"product_cat","embeddable":true,"href":"https:\/\/vitaminaselsalvador.net\/index.php\/wp-json\/wp\/v2\/product_cat?post=3178"},{"taxonomy":"product_tag","embeddable":true,"href":"https:\/\/vitaminaselsalvador.net\/index.php\/wp-json\/wp\/v2\/product_tag?post=3178"}],"curies":[{"name":"wp","href":"https:\/\/api.w.org\/{rel}","templated":true}]}}