{"id":3175,"date":"2022-11-02T21:12:48","date_gmt":"2022-11-03T03:12:48","guid":{"rendered":"https:\/\/vitaminaselsalvador.net\/?post_type=product&#038;p=3175"},"modified":"2025-08-20T10:06:20","modified_gmt":"2025-08-20T16:06:20","slug":"cloten-una-para-el-cuidado-y-proteccion-de-tus-unas","status":"publish","type":"product","link":"https:\/\/vitaminaselsalvador.net\/index.php\/product\/cloten-una-para-el-cuidado-y-proteccion-de-tus-unas\/","title":{"rendered":"Clot\u00e9n u\u00f1a para el cuidado y protecci\u00f3n de tus u\u00f1as"},"content":{"rendered":"<div style=\"color:black;font-family: Arial, sans-serif\">\nEn <strong>VitaGlobe &#8211; Tu salud, sin fronteras<\/strong> nos dedicamos a ofrecerte productos que cuidan de ti, dondequiera que est\u00e9s. Descubre <strong>Clot\u00e9n U\u00f1a<\/strong>, una soluci\u00f3n dise\u00f1ada especialmente para el mantenimiento y la protecci\u00f3n de tus u\u00f1as. <\/p>\n<p>Su f\u00f3rmula espec\u00edfica ayuda a mantener las u\u00f1as en condiciones ideales, brindando una sensaci\u00f3n de frescura en cada aplicaci\u00f3n. Si buscas un producto confiable y sencillo para el cuidado diario de tus u\u00f1as, <strong>Clot\u00e9n U\u00f1a<\/strong> es una excelente elecci\u00f3n.<\/p>\n<p><strong>Conectando salud con el mundo<\/strong>, te invitamos a fortalecer el bienestar de tus u\u00f1as con el apoyo de un producto pr\u00e1ctico, f\u00e1cil de aplicar y seguro para el uso regular. \ud83d\udc9a<\/p>\n<p>\u00a1Elige calidad y cuida esta parte esencial de tu rutina diaria con <strong>VitaGlobe<\/strong>!\n<\/div>\n","protected":false},"excerpt":{"rendered":"<div style=\"color:black;font-family: Arial, sans-serif\">\n<strong>Clot\u00e9n u\u00f1a<\/strong> es tu aliado ideal para el cuidado de tus <strong>u\u00f1as<\/strong> \ud83e\uddb6\u2728. Conecta con el bienestar diario gracias a este producto creado pensando en ti y en tu salud. F\u00e1cil de usar y dise\u00f1ado para formar parte de tu rutina personal. <strong>VitaGlobe<\/strong>: \u201cConectando salud con el mundo.\u201d<\/p>\n<p style=\"color:red;font-weight:bold;font-style:italic;font-size:1.1em\">\u00a1Haz tu pedido hoy y cuida tus u\u00f1as con VitaGlobe!<\/p>\n<\/div>\n","protected":false},"featured_media":3205,"comment_status":"closed","ping_status":"closed","template":"","meta":{"_kad_post_transparent":"","_kad_post_title":"","_kad_post_layout":"","_kad_post_sidebar_id":"","_kad_post_content_style":"","_kad_post_vertical_padding":"","_kad_post_feature":"","_kad_post_feature_position":"","_kad_post_header":false,"_kad_post_footer":false},"product_brand":[],"product_cat":[250,180],"product_tag":[390,391,392,393,394,146,395,396,397,201],"class_list":{"0":"post-3175","1":"product","2":"type-product","3":"status-publish","4":"has-post-thumbnail","6":"product_cat-capsulas","7":"product_cat-laboratorios-lopez","8":"product_tag-cloten-una","9":"product_tag-cloten-una-amazon","10":"product_tag-cloten-una-dosis","11":"product_tag-cloten-una-ebay","12":"product_tag-cloten-una-precios","13":"product_tag-el-salvador","14":"product_tag-hongo-de-una-del-pie","15":"product_tag-hongo-de-unas","16":"product_tag-tratamiento-para-hongos-en-las-unas","17":"product_tag-vitaminas-en-el-salvador","19":"first","20":"instock","21":"shipping-taxable","22":"purchasable","23":"product-type-simple","24":"entry","25":"content-bg","26":"loop-entry"},"_links":{"self":[{"href":"https:\/\/vitaminaselsalvador.net\/index.php\/wp-json\/wp\/v2\/product\/3175","targetHints":{"allow":["GET"]}}],"collection":[{"href":"https:\/\/vitaminaselsalvador.net\/index.php\/wp-json\/wp\/v2\/product"}],"about":[{"href":"https:\/\/vitaminaselsalvador.net\/index.php\/wp-json\/wp\/v2\/types\/product"}],"replies":[{"embeddable":true,"href":"https:\/\/vitaminaselsalvador.net\/index.php\/wp-json\/wp\/v2\/comments?post=3175"}],"wp:featuredmedia":[{"embeddable":true,"href":"https:\/\/vitaminaselsalvador.net\/index.php\/wp-json\/wp\/v2\/media\/3205"}],"wp:attachment":[{"href":"https:\/\/vitaminaselsalvador.net\/index.php\/wp-json\/wp\/v2\/media?parent=3175"}],"wp:term":[{"taxonomy":"product_brand","embeddable":true,"href":"https:\/\/vitaminaselsalvador.net\/index.php\/wp-json\/wp\/v2\/product_brand?post=3175"},{"taxonomy":"product_cat","embeddable":true,"href":"https:\/\/vitaminaselsalvador.net\/index.php\/wp-json\/wp\/v2\/product_cat?post=3175"},{"taxonomy":"product_tag","embeddable":true,"href":"https:\/\/vitaminaselsalvador.net\/index.php\/wp-json\/wp\/v2\/product_tag?post=3175"}],"curies":[{"name":"wp","href":"https:\/\/api.w.org\/{rel}","templated":true}]}}