{"id":3172,"date":"2022-11-02T21:12:48","date_gmt":"2022-11-03T03:12:48","guid":{"rendered":"https:\/\/vitaminaselsalvador.net\/?post_type=product&#038;p=3172"},"modified":"2025-10-02T21:05:49","modified_gmt":"2025-10-03T03:05:49","slug":"artribion-vitaminado-120-capsulas-alivia-malestares-articulares-rapidamente","status":"publish","type":"product","link":"https:\/\/vitaminaselsalvador.net\/index.php\/product\/artribion-vitaminado-120-capsulas-alivia-malestares-articulares-rapidamente\/","title":{"rendered":"Artribi\u00f3n Vitaminado 120 C\u00e1psulas alivia malestares articulares r\u00e1pidamente"},"content":{"rendered":"<div style=\"color: black; font-family: Arial, sans-serif;\"><strong>Artribi\u00f3n Vitaminado 120 C\u00e1psulas<\/strong> es la elecci\u00f3n ideal para quienes buscan complementar su rutina diaria con un producto confiable. Disfruta de su pr\u00e1ctica <strong>presentaci\u00f3n de 120 c\u00e1psulas<\/strong>, pensada para brindarte facilidad y comodidad en cada toma. Elaborado en c\u00e1psulas f\u00e1ciles de ingerir, <strong>Artribi\u00f3n Vitaminado<\/strong> est\u00e1 compuesto por una combinaci\u00f3n precisa y reconocida de <strong>Riboflavina, Piridoxina, Tiamina, Cianocobalamina, Col\u00e1geno y Diclofenaco s\u00f3dico<\/strong>.En <strong>VitaGlobe<\/strong> nos enorgullece ofrecer productos originales directamente para ti, conectando salud con el mundo. \ud83d\udc9a Descubre por qu\u00e9 quienes buscan opciones de calidad nos prefieren: seguridad, compromiso y atenci\u00f3n personalizada en cada compra.<\/p>\n<p><strong>Caracter\u00edsticas principales:<\/strong><\/p>\n<ul>\n<li>Contenido: <strong>120 c\u00e1psulas<\/strong> por frasco<\/li>\n<li>Ingredientes: <strong>Col\u00e1geno, Vitamina B1 (Tiamina), Vitamina B2 (Riboflavina), Vitamina B6 (Piridoxina), Vitamina B12 (Cianocobalamina), Diclofenaco s\u00f3dico<\/strong><\/li>\n<li>F\u00f3rmula respaldada y reconocida<\/li>\n<li>Presentaci\u00f3n conveniente<\/li>\n<\/ul>\n<p>Conf\u00eda en <strong>VitaGlobe<\/strong> para tu bienestar, con entregas seguras y atenci\u00f3n cercana en todo momento. \ud83c\udf0e<br \/>\n<strong>\u00a1Conectando salud con el mundo!<\/strong><\/p>\n<\/div>\n","protected":false},"excerpt":{"rendered":"<div style=\"color: black; font-family: Arial, sans-serif;\">Descubre <strong>Artribi\u00f3n Vitaminado 120 C\u00e1psulas<\/strong> en VitaGlobe, tu tienda de confianza para productos de salud. Disfruta de una presentaci\u00f3n pr\u00e1ctica y un contenido adecuado para tu bienestar diario \ud83c\udf0e\ud83d\udc8a. Vive la experiencia VitaGlobe: <strong>\u201cConectando salud con el mundo.\u201d<\/strong><\/p>\n<p style=\"color: red; font-weight: bold; font-style: italic; font-size: 1.1em;\">\u00a1Adqui\u00e9relo hoy y cuida tu salud sin fronteras!<\/p>\n<\/div>\n","protected":false},"featured_media":3202,"comment_status":"closed","ping_status":"closed","template":"","meta":{"_kad_post_transparent":"","_kad_post_title":"","_kad_post_layout":"","_kad_post_sidebar_id":"","_kad_post_content_style":"","_kad_post_vertical_padding":"","_kad_post_feature":"","_kad_post_feature_position":"","_kad_post_header":false,"_kad_post_footer":false},"product_brand":[],"product_cat":[234,235,105,106,166],"product_tag":[109,378,353,237,238,112,239,116,240,241,242,243,244,193,146,210,201],"class_list":{"0":"post-3172","1":"product","2":"type-product","3":"status-publish","4":"has-post-thumbnail","6":"product_cat-artribion","7":"product_cat-artritis-artrosis-reuma","8":"product_cat-capsulas-de-gelatina-blanda","9":"product_cat-laboratorios-biokemical","10":"product_cat-todo-dolor-y-vitaminas","11":"product_tag-artribion","12":"product_tag-artribion-120-capsulas","13":"product_tag-artribion-40-capsulas","14":"product_tag-artribion-capsulas-de-gelatina-blanda","15":"product_tag-artribion-dosis","16":"product_tag-artribion-el-salvador","17":"product_tag-artribion-for-sale","18":"product_tag-artribion-fuerte","19":"product_tag-artribion-vitaminado","20":"product_tag-artritis-gotosa","21":"product_tag-artritis-reumatoide","22":"product_tag-artritis-reumatoidea","23":"product_tag-artritis-septica","24":"product_tag-biokemical","25":"product_tag-el-salvador","26":"product_tag-pastillas-vitaminadas-para-el-dolor","27":"product_tag-vitaminas-en-el-salvador","29":"first","30":"instock","31":"featured","32":"shipping-taxable","33":"purchasable","34":"product-type-simple","35":"entry","36":"content-bg","37":"loop-entry"},"_links":{"self":[{"href":"https:\/\/vitaminaselsalvador.net\/index.php\/wp-json\/wp\/v2\/product\/3172","targetHints":{"allow":["GET"]}}],"collection":[{"href":"https:\/\/vitaminaselsalvador.net\/index.php\/wp-json\/wp\/v2\/product"}],"about":[{"href":"https:\/\/vitaminaselsalvador.net\/index.php\/wp-json\/wp\/v2\/types\/product"}],"replies":[{"embeddable":true,"href":"https:\/\/vitaminaselsalvador.net\/index.php\/wp-json\/wp\/v2\/comments?post=3172"}],"wp:featuredmedia":[{"embeddable":true,"href":"https:\/\/vitaminaselsalvador.net\/index.php\/wp-json\/wp\/v2\/media\/3202"}],"wp:attachment":[{"href":"https:\/\/vitaminaselsalvador.net\/index.php\/wp-json\/wp\/v2\/media?parent=3172"}],"wp:term":[{"taxonomy":"product_brand","embeddable":true,"href":"https:\/\/vitaminaselsalvador.net\/index.php\/wp-json\/wp\/v2\/product_brand?post=3172"},{"taxonomy":"product_cat","embeddable":true,"href":"https:\/\/vitaminaselsalvador.net\/index.php\/wp-json\/wp\/v2\/product_cat?post=3172"},{"taxonomy":"product_tag","embeddable":true,"href":"https:\/\/vitaminaselsalvador.net\/index.php\/wp-json\/wp\/v2\/product_tag?post=3172"}],"curies":[{"name":"wp","href":"https:\/\/api.w.org\/{rel}","templated":true}]}}