{"id":3153,"date":"2022-11-02T21:12:23","date_gmt":"2022-11-03T03:12:23","guid":{"rendered":"https:\/\/vitaminaselsalvador.net\/?post_type=product&#038;p=3153"},"modified":"2025-08-15T10:06:28","modified_gmt":"2025-08-15T16:06:28","slug":"dolo-ultraestres-80-capsulas-ayuda-a-equilibrar-tu-bienestar-diario","status":"publish","type":"product","link":"https:\/\/vitaminaselsalvador.net\/index.php\/product\/dolo-ultraestres-80-capsulas-ayuda-a-equilibrar-tu-bienestar-diario\/","title":{"rendered":"Dolo ULTRAESTRES 80 C\u00e1psulas ayuda a equilibrar tu bienestar diario"},"content":{"rendered":"<div style=\"color:black;font-family: Arial, sans-serif\">\n<strong>Dolo ULTRAESTRES 80 C\u00e1psulas<\/strong> es un suplemento alimenticio especialmente formulado para quienes buscan apoyar su bienestar f\u00edsico y mental en las exigencias del d\u00eda a d\u00eda. En <strong>VitaGlobe &#8211; Tu salud, sin fronteras<\/strong> \ud83c\udf0e, te acompa\u00f1amos a cuidar de ti con productos aut\u00e9nticos y de confianza.  <\/p>\n<p><strong>Caracter\u00edsticas principales:<\/strong><\/p>\n<ul>\n<li>Envase con <strong>80 c\u00e1psulas<\/strong> para un uso pr\u00e1ctico y duradero.<\/li>\n<li>F\u00f3rmula enfocada al <strong>apoyo en periodos de cansancio y estr\u00e9s<\/strong>.<\/li>\n<li>Establece el equilibrio que necesitas para sentirte mejor cada d\u00eda.<\/li>\n<\/ul>\n<p>En <strong>VitaGlobe<\/strong> trabajamos bajo el lema: <em>\u201cConectando salud con el mundo.\u201d<\/em> \ud83c\udf31  Dale a tu cuerpo el respaldo que merece y si\u00e9ntete acompa\u00f1ado en cada paso de tu bienestar.<\/p>\n<p><strong>\u00a1Haz tu pedido hoy y con\u00e9ctate con una vida m\u00e1s plena!<\/strong>\n<\/div>\n","protected":false},"excerpt":{"rendered":"<div style=\"color:black;font-family: Arial, sans-serif\">\nDolo ULTRAESTRES 80 C\u00e1psulas est\u00e1 dise\u00f1ado para quienes buscan <strong>apoyo diario<\/strong> en su bienestar. \ud83d\ude0c Con una presentaci\u00f3n pr\u00e1ctica de <strong>80 c\u00e1psulas<\/strong>, acompa\u00f1a tu rutina y te ayuda a sentirte mejor cada d\u00eda. Elige <strong>calidad y confianza<\/strong> para tu salud, de la mano de VitaGlobe. \ud83c\udf0d<\/p>\n<p style=\"color:red;font-weight:bold;font-style:italic;font-size:1.1em\">\u00a1A\u00f1\u00e1delo al carrito y potencia tu bienestar hoy mismo!<\/p>\n<\/div>\n","protected":false},"featured_media":3198,"comment_status":"closed","ping_status":"closed","template":"","meta":{"_kad_post_transparent":"","_kad_post_title":"","_kad_post_layout":"","_kad_post_sidebar_id":"","_kad_post_content_style":"","_kad_post_vertical_padding":"","_kad_post_feature":"","_kad_post_feature_position":"","_kad_post_header":false,"_kad_post_footer":false},"product_brand":[],"product_cat":[105,106,166],"product_tag":[193,356,357,358,359,360,161,162,361,362,271,363,364,146,365,366,210,201],"class_list":{"0":"post-3153","1":"product","2":"type-product","3":"status-publish","4":"has-post-thumbnail","6":"product_cat-capsulas-de-gelatina-blanda","7":"product_cat-laboratorios-biokemical","8":"product_cat-todo-dolor-y-vitaminas","9":"product_tag-biokemical","10":"product_tag-dolo-ultraestres-componentes","11":"product_tag-dolo-ultraestres-con-vitaminas","12":"product_tag-dolo-ultraestres-con-vitaminas-amazon","13":"product_tag-dolo-ultraestres-con-vitaminas-ebay","14":"product_tag-dolo-ultraestres-con-vitaminas-original-de-el-salvador","15":"product_tag-dolor-de-cabeza","16":"product_tag-dolor-de-cabeza-nervioso","17":"product_tag-dolor-de-hombros","18":"product_tag-dolor-de-nuca","19":"product_tag-dolor-de-oidos","20":"product_tag-dolores-debido-al-estres","21":"product_tag-dolores-dentales","22":"product_tag-el-salvador","23":"product_tag-migrana","24":"product_tag-neuralgias-en-general","25":"product_tag-pastillas-vitaminadas-para-el-dolor","26":"product_tag-vitaminas-en-el-salvador","28":"first","29":"instock","30":"featured","31":"shipping-taxable","32":"purchasable","33":"product-type-simple","34":"entry","35":"content-bg","36":"loop-entry"},"_links":{"self":[{"href":"https:\/\/vitaminaselsalvador.net\/index.php\/wp-json\/wp\/v2\/product\/3153","targetHints":{"allow":["GET"]}}],"collection":[{"href":"https:\/\/vitaminaselsalvador.net\/index.php\/wp-json\/wp\/v2\/product"}],"about":[{"href":"https:\/\/vitaminaselsalvador.net\/index.php\/wp-json\/wp\/v2\/types\/product"}],"replies":[{"embeddable":true,"href":"https:\/\/vitaminaselsalvador.net\/index.php\/wp-json\/wp\/v2\/comments?post=3153"}],"wp:featuredmedia":[{"embeddable":true,"href":"https:\/\/vitaminaselsalvador.net\/index.php\/wp-json\/wp\/v2\/media\/3198"}],"wp:attachment":[{"href":"https:\/\/vitaminaselsalvador.net\/index.php\/wp-json\/wp\/v2\/media?parent=3153"}],"wp:term":[{"taxonomy":"product_brand","embeddable":true,"href":"https:\/\/vitaminaselsalvador.net\/index.php\/wp-json\/wp\/v2\/product_brand?post=3153"},{"taxonomy":"product_cat","embeddable":true,"href":"https:\/\/vitaminaselsalvador.net\/index.php\/wp-json\/wp\/v2\/product_cat?post=3153"},{"taxonomy":"product_tag","embeddable":true,"href":"https:\/\/vitaminaselsalvador.net\/index.php\/wp-json\/wp\/v2\/product_tag?post=3153"}],"curies":[{"name":"wp","href":"https:\/\/api.w.org\/{rel}","templated":true}]}}