{"id":3149,"date":"2022-11-02T21:12:23","date_gmt":"2022-11-03T03:12:23","guid":{"rendered":"https:\/\/vitaminaselsalvador.net\/?post_type=product&#038;p=3149"},"modified":"2025-08-14T10:06:21","modified_gmt":"2025-08-14T16:06:21","slug":"griin-flex-movilidad-natural-con-el-respaldo-de-vitaglobe","status":"publish","type":"product","link":"https:\/\/vitaminaselsalvador.net\/index.php\/product\/griin-flex-movilidad-natural-con-el-respaldo-de-vitaglobe\/","title":{"rendered":"GRIIN FLEX movilidad natural con el respaldo de VitaGlobe"},"content":{"rendered":"<div style=\"color:black;font-family: Arial, sans-serif\">\n<strong>VitaGlobe<\/strong> presenta: <strong>GRIIN FLEX<\/strong> \ud83c\udf31 \u2013 la alternativa de origen vegetal para quienes buscan ampliar su bienestar, siempre \u201c<em>Conectando salud con el mundo<\/em>\u201d.<\/p>\n<p><strong>GRIIN FLEX<\/strong> destaca por su f\u00f3rmula basada en <strong>microalgas<\/strong>, ayudando a aportar prote\u00edna vegetal de calidad. Este producto es <strong>100% vegano, libre de gluten y soya<\/strong>, ideal para quienes siguen una dieta basada en plantas o desean reducir su consumo de ingredientes animales. Su perfil nutricional incluye <strong>prote\u00edna completa, vitaminas y minerales esenciales<\/strong>, provenientes directamente de la naturaleza.<\/p>\n<p>Con su sabor neutro y versatilidad, <strong>GRIIN FLEX<\/strong> es f\u00e1cil de incorporar a licuados, bowls y recetas, brindando un impulso nutritivo a tu d\u00eda \u2728. Adem\u00e1s, su <strong>origen sustentable<\/strong> lo convierte en una opci\u00f3n responsable para tu salud y el planeta.<\/p>\n<p>Descubre GRIIN FLEX con <strong>VitaGlobe<\/strong> y siente la energ\u00eda verde de las microalgas, sin fronteras.\n<\/div>\n","protected":false},"excerpt":{"rendered":"<div style=\"color:black;font-family: Arial, sans-serif\">\n<strong>GRIIN FLEX<\/strong> es tu opci\u00f3n pr\u00e1ctica para el bienestar diario. Disfruta de una f\u00f3rmula <strong>f\u00e1cil de incorporar a tu rutina<\/strong> y siente la diferencia desde el primer d\u00eda. Vive cada momento con energ\u00eda y comodidad, en cualquier etapa de tu vida. \ud83c\udf31\ud83d\udcaa <br \/>\nHaz que tu salud sea prioridad con la confianza de <strong>VitaGlobe<\/strong>.<\/p>\n<p style=\"color:red;font-weight:bold;font-style:italic;font-size:1.1em\">\u00a1Elige GRIIN FLEX y siente el cambio hoy mismo!<\/p>\n<\/div>\n","protected":false},"featured_media":3194,"comment_status":"closed","ping_status":"closed","template":"","meta":{"_kad_post_transparent":"","_kad_post_title":"","_kad_post_layout":"","_kad_post_sidebar_id":"","_kad_post_content_style":"","_kad_post_vertical_padding":"","_kad_post_feature":"","_kad_post_feature_position":"","_kad_post_header":false,"_kad_post_footer":false},"product_brand":[],"product_cat":[104,235,94,107,276],"product_tag":[346,347,348,146,349,350,351,201],"class_list":{"0":"post-3149","1":"product","2":"type-product","3":"status-publish","4":"has-post-thumbnail","6":"product_cat-artritis","7":"product_cat-artritis-artrosis-reuma","8":"product_cat-laboratorios-vijosa","9":"product_cat-medicamento-para-el-dolor","10":"product_cat-vitamina-granulada","11":"product_tag-cartilago-regenerador","12":"product_tag-colageno-hidrolizado","13":"product_tag-curar-articulaciones","14":"product_tag-el-salvador","15":"product_tag-glucosamina","16":"product_tag-griin-flex","17":"product_tag-sulfato-de-condrointina","18":"product_tag-vitaminas-en-el-salvador","20":"first","21":"instock","22":"featured","23":"purchasable","24":"product-type-simple","25":"entry","26":"content-bg","27":"loop-entry"},"_links":{"self":[{"href":"https:\/\/vitaminaselsalvador.net\/index.php\/wp-json\/wp\/v2\/product\/3149","targetHints":{"allow":["GET"]}}],"collection":[{"href":"https:\/\/vitaminaselsalvador.net\/index.php\/wp-json\/wp\/v2\/product"}],"about":[{"href":"https:\/\/vitaminaselsalvador.net\/index.php\/wp-json\/wp\/v2\/types\/product"}],"replies":[{"embeddable":true,"href":"https:\/\/vitaminaselsalvador.net\/index.php\/wp-json\/wp\/v2\/comments?post=3149"}],"wp:featuredmedia":[{"embeddable":true,"href":"https:\/\/vitaminaselsalvador.net\/index.php\/wp-json\/wp\/v2\/media\/3194"}],"wp:attachment":[{"href":"https:\/\/vitaminaselsalvador.net\/index.php\/wp-json\/wp\/v2\/media?parent=3149"}],"wp:term":[{"taxonomy":"product_brand","embeddable":true,"href":"https:\/\/vitaminaselsalvador.net\/index.php\/wp-json\/wp\/v2\/product_brand?post=3149"},{"taxonomy":"product_cat","embeddable":true,"href":"https:\/\/vitaminaselsalvador.net\/index.php\/wp-json\/wp\/v2\/product_cat?post=3149"},{"taxonomy":"product_tag","embeddable":true,"href":"https:\/\/vitaminaselsalvador.net\/index.php\/wp-json\/wp\/v2\/product_tag?post=3149"}],"curies":[{"name":"wp","href":"https:\/\/api.w.org\/{rel}","templated":true}]}}