{"id":3148,"date":"2022-11-02T21:12:23","date_gmt":"2022-11-03T03:12:23","guid":{"rendered":"https:\/\/vitaminaselsalvador.net\/?post_type=product&#038;p=3148"},"modified":"2025-08-13T10:06:24","modified_gmt":"2025-08-13T16:06:24","slug":"foskrol-tabletas-tri-pack-potencia-tu-energia-diaria","status":"publish","type":"product","link":"https:\/\/vitaminaselsalvador.net\/index.php\/product\/foskrol-tabletas-tri-pack-potencia-tu-energia-diaria\/","title":{"rendered":"FOSKROL Tabletas Tri-Pack potencia tu energ\u00eda diaria"},"content":{"rendered":"<div style=\"color:black;font-family: Arial, sans-serif\">\nDescubre <strong>FOSKROL Tabletas Tri-Pack<\/strong> en <strong>VitaGlobe &#8211; Tu salud, sin fronteras<\/strong>, tu tienda de confianza que te acompa\u00f1a a donde quiera que vayas. \ud83d\ude0a Nuestro lema, <strong>\u201cConectando salud con el mundo\u201d<\/strong>, refleja nuestro compromiso de brindarte productos aut\u00e9nticos y de calidad, sin importar d\u00f3nde est\u00e9s.<\/p>\n<p><strong>FOSKROL Tabletas Tri-Pack<\/strong> es una presentaci\u00f3n pr\u00e1ctica y conveniente, que contiene <strong>tres cajas con 10 tabletas cada una<\/strong>, ideal para quienes buscan una soluci\u00f3n integral y duradera. Esta f\u00f3rmula est\u00e1 dise\u00f1ada con ingredientes originales y especificados por el laboratorio, resguardando est\u00e1ndares de elaboraci\u00f3n y seguridad reconocidos.<\/p>\n<p>Si buscas <strong>calidad, confianza y conveniencia<\/strong> en tus productos de salud, elige <strong>FOSKROL Tabletas Tri-Pack<\/strong> en VitaGlobe y siente el respaldo de una tienda dedicada a tu bienestar, est\u00e9s donde est\u00e9s. \ud83c\udf0e<\/p>\n<p>\u00a1<strong>Haz tu pedido hoy<\/strong> y experimenta la diferencia de comprar en una tienda que cuida de ti y de los tuyos en todo momento!\n<\/div>\n","protected":false},"excerpt":{"rendered":"<div style=\"color:black;font-family: Arial, sans-serif\">\n<strong>FOSKROL Tabletas Tri-Pack<\/strong> te brinda una alternativa confiable para tu bienestar diario. Disfruta de la tranquilidad y comodidad de tener este producto a tu alcance, siempre de la mano de <strong>VitaGlobe<\/strong>. Descubre c\u00f3mo cuidarte es m\u00e1s sencillo con nosotros. <br \/>\nConectando salud con el mundo. \ud83c\udf0d\u2728<\/p>\n<p style=\"color:red;font-weight:bold;font-style:italic;font-size:1.1em\">\u00a1Adquiere tu Tri-Pack hoy y siente la diferencia!<\/p>\n<\/div>\n","protected":false},"featured_media":3193,"comment_status":"closed","ping_status":"closed","template":"","meta":{"_kad_post_transparent":"","_kad_post_title":"","_kad_post_layout":"","_kad_post_sidebar_id":"","_kad_post_content_style":"","_kad_post_vertical_padding":"","_kad_post_feature":"","_kad_post_feature_position":"","_kad_post_header":false,"_kad_post_footer":false},"product_brand":[],"product_cat":[106,215,166],"product_tag":[193,99,342,146,147,194,195,343,345,199,210,303,179,200,201,344],"class_list":{"0":"post-3148","1":"product","2":"type-product","3":"status-publish","4":"has-post-thumbnail","6":"product_cat-laboratorios-biokemical","7":"product_cat-tabletas","8":"product_cat-todo-dolor-y-vitaminas","9":"product_tag-biokemical","10":"product_tag-complejo-b","11":"product_tag-eczema-alergico","12":"product_tag-el-salvador","13":"product_tag-energizantes","14":"product_tag-estimulante-del-apetito","15":"product_tag-foskrol-capsulas","16":"product_tag-foskrol-pastillas","17":"product_tag-foskrol-tabletas","18":"product_tag-foskrol-vitaminas-para-el-cerebro-y-nervios","19":"product_tag-pastillas-vitaminadas-para-el-dolor","20":"product_tag-vitamina-b","21":"product_tag-vitamina-b12","22":"product_tag-vitaminas","23":"product_tag-vitaminas-en-el-salvador","24":"product_tag-vitaminas-foskrol-pastillas","26":"first","27":"instock","28":"purchasable","29":"product-type-simple","30":"entry","31":"content-bg","32":"loop-entry"},"_links":{"self":[{"href":"https:\/\/vitaminaselsalvador.net\/index.php\/wp-json\/wp\/v2\/product\/3148","targetHints":{"allow":["GET"]}}],"collection":[{"href":"https:\/\/vitaminaselsalvador.net\/index.php\/wp-json\/wp\/v2\/product"}],"about":[{"href":"https:\/\/vitaminaselsalvador.net\/index.php\/wp-json\/wp\/v2\/types\/product"}],"replies":[{"embeddable":true,"href":"https:\/\/vitaminaselsalvador.net\/index.php\/wp-json\/wp\/v2\/comments?post=3148"}],"wp:featuredmedia":[{"embeddable":true,"href":"https:\/\/vitaminaselsalvador.net\/index.php\/wp-json\/wp\/v2\/media\/3193"}],"wp:attachment":[{"href":"https:\/\/vitaminaselsalvador.net\/index.php\/wp-json\/wp\/v2\/media?parent=3148"}],"wp:term":[{"taxonomy":"product_brand","embeddable":true,"href":"https:\/\/vitaminaselsalvador.net\/index.php\/wp-json\/wp\/v2\/product_brand?post=3148"},{"taxonomy":"product_cat","embeddable":true,"href":"https:\/\/vitaminaselsalvador.net\/index.php\/wp-json\/wp\/v2\/product_cat?post=3148"},{"taxonomy":"product_tag","embeddable":true,"href":"https:\/\/vitaminaselsalvador.net\/index.php\/wp-json\/wp\/v2\/product_tag?post=3148"}],"curies":[{"name":"wp","href":"https:\/\/api.w.org\/{rel}","templated":true}]}}