{"id":3146,"date":"2022-11-02T21:12:22","date_gmt":"2022-11-03T03:12:22","guid":{"rendered":"https:\/\/vitaminaselsalvador.net\/?post_type=product&#038;p=3146"},"modified":"2025-08-11T10:06:25","modified_gmt":"2025-08-11T16:06:25","slug":"vitamicin-unguento-duo-pack-alivia-y-protege-eficazmente-tu-piel","status":"publish","type":"product","link":"https:\/\/vitaminaselsalvador.net\/index.php\/product\/vitamicin-unguento-duo-pack-alivia-y-protege-eficazmente-tu-piel\/","title":{"rendered":"Vitamicin Ung\u00fcento Duo Pack alivia y protege eficazmente tu piel"},"content":{"rendered":"<div style=\"color:black;font-family: Arial, sans-serif\">\n<strong>Vitamicin Ung\u00fcento Duo Pack<\/strong> es la opci\u00f3n ideal para cuidar tu piel con calidad y confianza. En <strong>VitaGlobe<\/strong> \u2013 Tu salud, sin fronteras, sabemos que la protecci\u00f3n es esencial, por eso te ofrecemos este pr\u00e1ctico combo de dos tubos, para que nunca te falte lo necesario en tu hogar o durante tus viajes. <\/p>\n<p>Formulado para el <strong>cuidado de la piel<\/strong>, Vitamicin Ung\u00fcento ayuda a mantener la integridad cut\u00e1nea, brindando la textura adecuada y cubriendo las necesidades m\u00e1s b\u00e1sicas de hidrataci\u00f3n y protecci\u00f3n. La presentaci\u00f3n <strong>duo pack<\/strong> lo hace perfecto para compartir o tenerlo siempre listo donde m\u00e1s lo necesites.<\/p>\n<p>Conf\u00eda en la autenticidad y respaldo de productos cuidadosamente seleccionados por <strong>VitaGlobe<\/strong>. \ud83c\udf0e Nuestro lema: <em>\u201cConectando salud con el mundo\u201d<\/em>, refleja nuestro compromiso de ofrecerte los mejores aliados para tu bienestar y los de tu familia.  <\/p>\n<p>\u00a1Tu piel merece lo mejor! Elige Vitamicin Ung\u00fcento Duo Pack y siente la diferencia en cada aplicaci\u00f3n. \u2728\n<\/p><\/div>\n","protected":false},"excerpt":{"rendered":"<div style=\"color:black;font-family: Arial, sans-serif\">\nDescubre el <strong>Vitamicin Ung\u00fcento Duo Pack<\/strong>, la opci\u00f3n ideal para quienes buscan <strong>cuidado y protecci\u00f3n<\/strong> diaria. \ud83e\uddf4\ud83d\udc9a <br \/>\nAprovecha esta presentaci\u00f3n doble para tenerlo siempre a la mano. Disfruta de la calidad de VitaGlobe, siempre <strong>pensando en tu bienestar<\/strong>. <br \/>\nConf\u00eda en VitaGlobe: <strong>Conectando salud con el mundo<\/strong>. \ud83c\udf0e\u2728<\/p>\n<p style=\"color:red;font-weight:bold;font-style:italic;font-size:1.1em\">\u00a1Adquiere ahora tu Duo Pack y cuida tu salud sin fronteras!<\/p>\n<\/div>\n","protected":false},"featured_media":3191,"comment_status":"closed","ping_status":"closed","template":"","meta":{"_kad_post_transparent":"","_kad_post_title":"","_kad_post_layout":"","_kad_post_sidebar_id":"","_kad_post_content_style":"","_kad_post_vertical_padding":"","_kad_post_feature":"","_kad_post_feature_position":"","_kad_post_header":false,"_kad_post_footer":false},"product_brand":[],"product_cat":[180,331],"product_tag":[146,336,337,338,339,340,341,201],"class_list":{"0":"post-3146","1":"product","2":"type-product","3":"status-publish","4":"has-post-thumbnail","6":"product_cat-laboratorios-lopez","7":"product_cat-unguento","8":"product_tag-el-salvador","9":"product_tag-grietas-del-pezon","10":"product_tag-hemorroides","11":"product_tag-prurito-anal-y-vulvar","12":"product_tag-quemaduras","13":"product_tag-ulceras-infectadas","14":"product_tag-vitamicin","15":"product_tag-vitaminas-en-el-salvador","17":"first","18":"instock","19":"purchasable","20":"product-type-simple","21":"entry","22":"content-bg","23":"loop-entry"},"_links":{"self":[{"href":"https:\/\/vitaminaselsalvador.net\/index.php\/wp-json\/wp\/v2\/product\/3146","targetHints":{"allow":["GET"]}}],"collection":[{"href":"https:\/\/vitaminaselsalvador.net\/index.php\/wp-json\/wp\/v2\/product"}],"about":[{"href":"https:\/\/vitaminaselsalvador.net\/index.php\/wp-json\/wp\/v2\/types\/product"}],"replies":[{"embeddable":true,"href":"https:\/\/vitaminaselsalvador.net\/index.php\/wp-json\/wp\/v2\/comments?post=3146"}],"wp:featuredmedia":[{"embeddable":true,"href":"https:\/\/vitaminaselsalvador.net\/index.php\/wp-json\/wp\/v2\/media\/3191"}],"wp:attachment":[{"href":"https:\/\/vitaminaselsalvador.net\/index.php\/wp-json\/wp\/v2\/media?parent=3146"}],"wp:term":[{"taxonomy":"product_brand","embeddable":true,"href":"https:\/\/vitaminaselsalvador.net\/index.php\/wp-json\/wp\/v2\/product_brand?post=3146"},{"taxonomy":"product_cat","embeddable":true,"href":"https:\/\/vitaminaselsalvador.net\/index.php\/wp-json\/wp\/v2\/product_cat?post=3146"},{"taxonomy":"product_tag","embeddable":true,"href":"https:\/\/vitaminaselsalvador.net\/index.php\/wp-json\/wp\/v2\/product_tag?post=3146"}],"curies":[{"name":"wp","href":"https:\/\/api.w.org\/{rel}","templated":true}]}}