{"id":3145,"date":"2022-11-02T21:12:22","date_gmt":"2022-11-03T03:12:22","guid":{"rendered":"https:\/\/vitaminaselsalvador.net\/?post_type=product&#038;p=3145"},"modified":"2025-08-10T10:06:24","modified_gmt":"2025-08-10T16:06:24","slug":"quemadin-unguento-tripack-alivio-rapido-y-cuidado-para-tu-piel","status":"publish","type":"product","link":"https:\/\/vitaminaselsalvador.net\/index.php\/product\/quemadin-unguento-tripack-alivio-rapido-y-cuidado-para-tu-piel\/","title":{"rendered":"Quemad\u00edn Unguento (TRIPACK) Alivio r\u00e1pido y cuidado para tu piel"},"content":{"rendered":"<div style=\"color:black;font-family: Arial, sans-serif\">\n<p><strong>Quemad\u00edn Ung\u00fcento (TRIPACK)<\/strong> est\u00e1 pensado para quienes buscan un aliado confiable en su cuidado diario de la piel. En <strong>VitaGlobe &#8211; Tu salud, sin fronteras<\/strong>, te acercamos este producto de alta calidad porque creemos en <em>\u201cConectando salud con el mundo.\u201d<\/em> \ud83c\udf0d<\/p>\n<p>Con este pr\u00e1ctico <strong>TRIPACK<\/strong> de Quemad\u00edn Ung\u00fcento, tendr\u00e1s la seguridad de contar con un producto tradicional elaborado especialmente para el alivio sintom\u00e1tico de molestias cut\u00e1neas leves como <strong>quemaduras superficiales, irritaciones, rozaduras y heridas menores<\/strong>. Su f\u00f3rmula reconocida es elegida por quienes buscan cuidar su piel y apoyar su proceso natural de recuperaci\u00f3n.<\/p>\n<p>El formato <strong>tripack<\/strong> permite que tengas Quemad\u00edn siempre a mano, en casa, el trabajo o en tu viaje, facilitando su uso cuando m\u00e1s lo necesitas.<\/p>\n<p><strong>Conf\u00eda en VitaGlobe<\/strong> y lleva Quemad\u00edn Ung\u00fcento en formato TRIPACK para respaldo y tranquilidad en tu botiqu\u00edn familiar. \ud83d\ude0a<\/p>\n<\/div>\n","protected":false},"excerpt":{"rendered":"<div style=\"color:black;font-family: Arial, sans-serif\">\n<strong>Quemad\u00edn Ung\u00fcento (TRIPACK)<\/strong> te ofrece la soluci\u00f3n que buscas en presentaci\u00f3n pr\u00e1ctica. Aprovecha este <strong>paquete especial<\/strong> para siempre tenerlo a la mano. <br \/>\nF\u00e1cil de usar y dise\u00f1ado pensando en ti. <br \/>\n\u00a1Disfruta de la comodidad de un <strong>tripack<\/strong> donde y cuando lo necesites! \ud83c\udfe5\ud83e\uddf4<\/p>\n<p style=\"color:red;font-weight:bold;font-style:italic;font-size:1.1em\">Adquiere tu tripack en VitaGlobe y mantente preparado en todo momento.<\/p>\n<\/div>\n","protected":false},"featured_media":3190,"comment_status":"closed","ping_status":"closed","template":"","meta":{"_kad_post_transparent":"","_kad_post_title":"","_kad_post_layout":"","_kad_post_sidebar_id":"","_kad_post_content_style":"","_kad_post_vertical_padding":"","_kad_post_feature":"","_kad_post_feature_position":"","_kad_post_header":false,"_kad_post_footer":false},"product_brand":[],"product_cat":[180,331],"product_tag":[332,333,146,334,335,201],"class_list":{"0":"post-3145","1":"product","2":"type-product","3":"status-publish","4":"has-post-thumbnail","6":"product_cat-laboratorios-lopez","7":"product_cat-unguento","8":"product_tag-crema-para-quemadas","9":"product_tag-crema-para-quemaduras","10":"product_tag-el-salvador","11":"product_tag-quemadin","12":"product_tag-unguento-para-quemaduras","13":"product_tag-vitaminas-en-el-salvador","15":"first","16":"instock","17":"purchasable","18":"product-type-simple","19":"entry","20":"content-bg","21":"loop-entry"},"_links":{"self":[{"href":"https:\/\/vitaminaselsalvador.net\/index.php\/wp-json\/wp\/v2\/product\/3145","targetHints":{"allow":["GET"]}}],"collection":[{"href":"https:\/\/vitaminaselsalvador.net\/index.php\/wp-json\/wp\/v2\/product"}],"about":[{"href":"https:\/\/vitaminaselsalvador.net\/index.php\/wp-json\/wp\/v2\/types\/product"}],"replies":[{"embeddable":true,"href":"https:\/\/vitaminaselsalvador.net\/index.php\/wp-json\/wp\/v2\/comments?post=3145"}],"wp:featuredmedia":[{"embeddable":true,"href":"https:\/\/vitaminaselsalvador.net\/index.php\/wp-json\/wp\/v2\/media\/3190"}],"wp:attachment":[{"href":"https:\/\/vitaminaselsalvador.net\/index.php\/wp-json\/wp\/v2\/media?parent=3145"}],"wp:term":[{"taxonomy":"product_brand","embeddable":true,"href":"https:\/\/vitaminaselsalvador.net\/index.php\/wp-json\/wp\/v2\/product_brand?post=3145"},{"taxonomy":"product_cat","embeddable":true,"href":"https:\/\/vitaminaselsalvador.net\/index.php\/wp-json\/wp\/v2\/product_cat?post=3145"},{"taxonomy":"product_tag","embeddable":true,"href":"https:\/\/vitaminaselsalvador.net\/index.php\/wp-json\/wp\/v2\/product_tag?post=3145"}],"curies":[{"name":"wp","href":"https:\/\/api.w.org\/{rel}","templated":true}]}}