{"id":3144,"date":"2022-11-02T21:12:22","date_gmt":"2022-11-03T03:12:22","guid":{"rendered":"https:\/\/vitaminaselsalvador.net\/?post_type=product&#038;p=3144"},"modified":"2025-08-08T10:07:04","modified_gmt":"2025-08-08T16:07:04","slug":"dolofin-flex-50-tabletas-alivia-tus-molestias-y-mejora-tu-bienestar-vitaglobe-tu-salud-sin-fronteras","status":"publish","type":"product","link":"https:\/\/vitaminaselsalvador.net\/index.php\/product\/dolofin-flex-50-tabletas-alivia-tus-molestias-y-mejora-tu-bienestar-vitaglobe-tu-salud-sin-fronteras\/","title":{"rendered":"Dolofin Flex 50 tabletas alivia tus molestias y mejora tu bienestar VitaGlobe Tu salud sin fronteras"},"content":{"rendered":"<div style=\"color:black;font-family: Arial, sans-serif\">\nEn <strong>VitaGlobe &#8211; Tu salud, sin fronteras<\/strong> \ud83c\udf0d, conectamos productos de calidad para tu bienestar. Descubre <strong>Dolofin Flex 50 tabletas<\/strong>, dise\u00f1ado especialmente para apoyar el cuidado de m\u00fasculos y articulaciones.<\/p>\n<p>Estas tabletas contienen una f\u00f3rmula que combina <strong>glucosamina, condroitina, metilsulfonilmetano (MSM), c\u00farcuma, col\u00e1geno y \u00e1cido hialur\u00f3nico<\/strong>. Su prop\u00f3sito es ayudar como auxiliar en el mantenimiento de articulaciones, huesos y tejidos, bajo la supervisi\u00f3n m\u00e9dica adecuada.<\/p>\n<p><strong>Uso recomendado:<\/strong> Siga siempre las indicaciones de su profesional de la salud. Producto para <strong>uso oral<\/strong>.<\/p>\n<p><strong>Presentaci\u00f3n:<\/strong> Caja con 50 tabletas.<\/p>\n<p>En <strong>VitaGlobe<\/strong>, te acercamos opciones confiables para tu d\u00eda a d\u00eda. Consulta siempre con tu m\u00e9dico antes de iniciar cualquier suplemento. <\/p>\n<p><strong>\u00a1Conectando salud con el mundo!<\/strong> \ud83c\udf10\n<\/div>\n","protected":false},"excerpt":{"rendered":"<div style=\"color:black;font-family: Arial, sans-serif\">\nDescubre <strong>Dolofin Flex 50 tabletas<\/strong> en <strong>VitaGlobe<\/strong>, tu destino para el bienestar. Conf\u00eda en nuestro lema: <strong>\u201cConectando salud con el mundo.\u201d<\/strong> Calidad y respaldo que acompa\u00f1an tu d\u00eda a d\u00eda. \ud83c\udf0e\ud83d\udc8a<\/p>\n<p style=\"color:red;font-weight:bold;font-style:italic;font-size:1.1em\">\u00a1Haz tu pedido y cuida tu salud hoy mismo!<\/p>\n<\/div>\n","protected":false},"featured_media":3170,"comment_status":"closed","ping_status":"closed","template":"","meta":{"_kad_post_transparent":"","_kad_post_title":"","_kad_post_layout":"","_kad_post_sidebar_id":"","_kad_post_content_style":"","_kad_post_vertical_padding":"","_kad_post_feature":"","_kad_post_feature_position":"","_kad_post_header":false,"_kad_post_footer":false},"product_brand":[],"product_cat":[180,289],"product_tag":[329,146,330,201],"class_list":{"0":"post-3144","1":"product","2":"type-product","3":"status-publish","4":"has-post-thumbnail","6":"product_cat-laboratorios-lopez","7":"product_cat-pastillas","8":"product_tag-dolofin-flex","9":"product_tag-el-salvador","10":"product_tag-flexibiliza-tus-musculos","11":"product_tag-vitaminas-en-el-salvador","13":"first","14":"instock","15":"featured","16":"purchasable","17":"product-type-simple","18":"entry","19":"content-bg","20":"loop-entry"},"_links":{"self":[{"href":"https:\/\/vitaminaselsalvador.net\/index.php\/wp-json\/wp\/v2\/product\/3144","targetHints":{"allow":["GET"]}}],"collection":[{"href":"https:\/\/vitaminaselsalvador.net\/index.php\/wp-json\/wp\/v2\/product"}],"about":[{"href":"https:\/\/vitaminaselsalvador.net\/index.php\/wp-json\/wp\/v2\/types\/product"}],"replies":[{"embeddable":true,"href":"https:\/\/vitaminaselsalvador.net\/index.php\/wp-json\/wp\/v2\/comments?post=3144"}],"wp:featuredmedia":[{"embeddable":true,"href":"https:\/\/vitaminaselsalvador.net\/index.php\/wp-json\/wp\/v2\/media\/3170"}],"wp:attachment":[{"href":"https:\/\/vitaminaselsalvador.net\/index.php\/wp-json\/wp\/v2\/media?parent=3144"}],"wp:term":[{"taxonomy":"product_brand","embeddable":true,"href":"https:\/\/vitaminaselsalvador.net\/index.php\/wp-json\/wp\/v2\/product_brand?post=3144"},{"taxonomy":"product_cat","embeddable":true,"href":"https:\/\/vitaminaselsalvador.net\/index.php\/wp-json\/wp\/v2\/product_cat?post=3144"},{"taxonomy":"product_tag","embeddable":true,"href":"https:\/\/vitaminaselsalvador.net\/index.php\/wp-json\/wp\/v2\/product_tag?post=3144"}],"curies":[{"name":"wp","href":"https:\/\/api.w.org\/{rel}","templated":true}]}}