{"id":3141,"date":"2022-11-02T21:12:22","date_gmt":"2022-11-03T03:12:22","guid":{"rendered":"https:\/\/vitaminaselsalvador.net\/?post_type=product&#038;p=3141"},"modified":"2025-08-05T10:06:25","modified_gmt":"2025-08-05T16:06:25","slug":"dermoxido-crema-para-acne-6pack-combate-imperfecciones-y-apoya-tu-cuidado-diario","status":"publish","type":"product","link":"https:\/\/vitaminaselsalvador.net\/index.php\/product\/dermoxido-crema-para-acne-6pack-combate-imperfecciones-y-apoya-tu-cuidado-diario\/","title":{"rendered":"DERMOXIDO CREMA PARA ACNE 6PACK combate imperfecciones y apoya tu cuidado diario"},"content":{"rendered":"<div style=\"color:black;font-family: Arial, sans-serif\">\n<strong>DERMOXIDO Crema para Acn\u00e9 6 Pack<\/strong> te ofrece una soluci\u00f3n pr\u00e1ctica y eficiente para el cuidado de tu piel. Este paquete contiene <strong>6 cremas especialmente formuladas para combatir el acn\u00e9<\/strong>, facilitando tu rutina diaria y asegurando un abasto prolongado.<\/p>\n<p>En VitaGlobe \u2014 <strong>Tu salud, sin fronteras<\/strong> \u2014 encontrar\u00e1s este producto pensado para quienes buscan una opci\u00f3n confiable y sencilla para el manejo del acn\u00e9. Nuestra misi\u00f3n es <strong>\u201cConectando salud con el mundo\u201d<\/strong>, y por eso acercamos <strong>DERMOXIDO Crema para Acn\u00e9 6 Pack<\/strong> hasta donde est\u00e9s, para que te sientas cuidado y respaldado.<\/p>\n<p><strong>\u00bfPor qu\u00e9 elegir Dermoxido?<\/strong><\/p>\n<ul>\n<li>Incluye <strong>6 unidades<\/strong> de crema, ideal para tratamientos continuos.<\/li>\n<li>Pr\u00e1ctico y f\u00e1cil de llevar.<\/li>\n<\/ul>\n<p>\u00a1Haz tu pedido en VitaGlobe y disfruta de una piel m\u00e1s limpia y saludable! \ud83d\ude0a\n<\/p><\/div>\n","protected":false},"excerpt":{"rendered":"<div style=\"color:black;font-family: Arial, sans-serif\">\n<strong>DERMOXIDO CREMA PARA ACNE 6PACK<\/strong> es la opci\u00f3n ideal para quienes buscan cuidar su piel a diario. \ud83e\uddf4 Disfruta de un <strong>pr\u00e1ctico paquete m\u00faltiple<\/strong> que te acompa\u00f1a en tu rutina de cuidado facial. \u00a1Mant\u00e9n siempre la confianza y la frescura en tu piel! \ud83c\udf1f Aprovecha la calidad en cada aplicaci\u00f3n y siente el cambio.<\/p>\n<p style=\"color:red;font-weight:bold;font-style:italic;font-size:1.1em\">\u00a1No dejes pasar este pack y s\u00famalo a tu rutina de cuidado hoy mismo!<\/p>\n<\/div>\n","protected":false},"featured_media":3167,"comment_status":"closed","ping_status":"closed","template":"","meta":{"_kad_post_transparent":"","_kad_post_title":"","_kad_post_layout":"","_kad_post_sidebar_id":"","_kad_post_content_style":"","_kad_post_vertical_padding":"","_kad_post_feature":"","_kad_post_feature_position":"","_kad_post_header":false,"_kad_post_footer":false},"product_brand":[],"product_cat":[318,180],"product_tag":[319,109,320,321,146,322,201],"class_list":{"0":"post-3141","1":"product","2":"type-product","3":"status-publish","4":"has-post-thumbnail","6":"product_cat-cremas","7":"product_cat-laboratorios-lopez","8":"product_tag-acne","9":"product_tag-artribion","10":"product_tag-barros","11":"product_tag-dermoxido-crema","12":"product_tag-el-salvador","13":"product_tag-espinillas","14":"product_tag-vitaminas-en-el-salvador","16":"first","17":"instock","18":"sale","19":"purchasable","20":"product-type-simple","21":"entry","22":"content-bg","23":"loop-entry"},"_links":{"self":[{"href":"https:\/\/vitaminaselsalvador.net\/index.php\/wp-json\/wp\/v2\/product\/3141","targetHints":{"allow":["GET"]}}],"collection":[{"href":"https:\/\/vitaminaselsalvador.net\/index.php\/wp-json\/wp\/v2\/product"}],"about":[{"href":"https:\/\/vitaminaselsalvador.net\/index.php\/wp-json\/wp\/v2\/types\/product"}],"replies":[{"embeddable":true,"href":"https:\/\/vitaminaselsalvador.net\/index.php\/wp-json\/wp\/v2\/comments?post=3141"}],"wp:featuredmedia":[{"embeddable":true,"href":"https:\/\/vitaminaselsalvador.net\/index.php\/wp-json\/wp\/v2\/media\/3167"}],"wp:attachment":[{"href":"https:\/\/vitaminaselsalvador.net\/index.php\/wp-json\/wp\/v2\/media?parent=3141"}],"wp:term":[{"taxonomy":"product_brand","embeddable":true,"href":"https:\/\/vitaminaselsalvador.net\/index.php\/wp-json\/wp\/v2\/product_brand?post=3141"},{"taxonomy":"product_cat","embeddable":true,"href":"https:\/\/vitaminaselsalvador.net\/index.php\/wp-json\/wp\/v2\/product_cat?post=3141"},{"taxonomy":"product_tag","embeddable":true,"href":"https:\/\/vitaminaselsalvador.net\/index.php\/wp-json\/wp\/v2\/product_tag?post=3141"}],"curies":[{"name":"wp","href":"https:\/\/api.w.org\/{rel}","templated":true}]}}