{"id":3118,"date":"2022-11-02T21:11:58","date_gmt":"2022-11-03T03:11:58","guid":{"rendered":"https:\/\/vitaminaselsalvador.net\/?post_type=product&#038;p=3118"},"modified":"2025-08-04T10:06:43","modified_gmt":"2025-08-04T16:06:43","slug":"ultraestres-capsulas-tripack-controla-el-estres-diario-de-forma-practica","status":"publish","type":"product","link":"https:\/\/vitaminaselsalvador.net\/index.php\/product\/ultraestres-capsulas-tripack-controla-el-estres-diario-de-forma-practica\/","title":{"rendered":"ULTRAESTRES C\u00c1PSULAS TRIPACK controla el estr\u00e9s diario de forma pr\u00e1ctica"},"content":{"rendered":"<div style=\"color:black;font-family: Arial, sans-serif\">\n<strong>ULTRAESTRES C\u00c1PSULAS TRIPACK<\/strong> est\u00e1 disponible en <strong>VitaGlobe<\/strong>, tu tienda confiable donde la salud no conoce fronteras. <span style=\"font-size:1.2em\">\ud83c\udf0e\u2728<\/span><\/p>\n<p>Disfruta de la tranquilidad que mereces con este <strong>pack de tres frascos<\/strong> de ULTRAESTRES, ideal para quienes buscan acompa\u00f1ar su ritmo de vida con la opci\u00f3n de tres envases para mayor <strong>duraci\u00f3n y econom\u00eda<\/strong>.  <\/p>\n<p>Cada c\u00e1psula del <strong>ULTRAESTRES TRIPACK<\/strong> est\u00e1 formulada de acuerdo a su composici\u00f3n original, brindando el respaldo que esperas para tu bienestar diario. La presentaci\u00f3n en <strong>tripack<\/strong> te permite tener el producto siempre a tu alcance, ya sea en casa, en el trabajo o al viajar.  <\/p>\n<p>En <strong>VitaGlobe<\/strong> nos comprometemos a ofrecerte productos originales y de calidad, cuidando de ti y los tuyos dondequiera que est\u00e9s. <span style=\"font-size:1.2em\">\ud83d\udc9a<\/span> Recuerda, con nosotros, est\u00e1s a un paso de <strong>conectar la salud con el mundo<\/strong>.<\/p>\n<p><strong>\u00a1Haz tu pedido hoy y asegura tu bienestar con ULTRAESTRES C\u00c1PSULAS TRIPACK!<\/strong>\n<\/div>\n","protected":false},"excerpt":{"rendered":"<div style=\"color:black;font-family: Arial, sans-serif\">\n<strong>ULTRAESTRES C\u00c1PSULAS TRIPACK<\/strong> es la opci\u00f3n ideal para cuidar tu bienestar d\u00eda a d\u00eda. <strong>Lleva m\u00e1s por menos<\/strong> con este pr\u00e1ctico paquete triple y tendr\u00e1s siempre a mano tu suplemento favorito. \u00a1Aprovecha la comodidad y la econom\u00eda en cada compra! \ud83c\udf0f\ud83d\udc8a<\/p>\n<p style=\"color:red;font-weight:bold;font-style:italic;font-size:1.1em\">Descubre el beneficio de tener tu ULTRAESTRES siempre disponible, \u00a1ordena ahora!<\/p>\n<\/div>\n","protected":false},"featured_media":3166,"comment_status":"closed","ping_status":"closed","template":"","meta":{"_kad_post_transparent":"","_kad_post_title":"","_kad_post_layout":"","_kad_post_sidebar_id":"","_kad_post_content_style":"","_kad_post_vertical_padding":"","_kad_post_feature":"","_kad_post_feature_position":"","_kad_post_header":false,"_kad_post_footer":false},"product_brand":[],"product_cat":[106,289,166],"product_tag":[193,99,146,147,309,310,311,312,313,314,315,316,317,303,179,200,201],"class_list":{"0":"post-3118","1":"product","2":"type-product","3":"status-publish","4":"has-post-thumbnail","6":"product_cat-laboratorios-biokemical","7":"product_cat-pastillas","8":"product_cat-todo-dolor-y-vitaminas","9":"product_tag-biokemical","10":"product_tag-complejo-b","11":"product_tag-el-salvador","12":"product_tag-energizantes","13":"product_tag-ultra-estres-pastillas-de-el-salvador","14":"product_tag-ultraestres-capsulas","15":"product_tag-ultraestres-capsulas-amazon","16":"product_tag-ultraestres-capsulas-de-gelatina-blanda","17":"product_tag-ultraestres-capsulas-ebay","18":"product_tag-ultraestres-capsulas-el-salvador","19":"product_tag-ultraestres-capsulas-formula","20":"product_tag-ultraestres-capsulas-original","21":"product_tag-ultraestres-capsulas-para-que-sirve","22":"product_tag-vitamina-b","23":"product_tag-vitamina-b12","24":"product_tag-vitaminas","25":"product_tag-vitaminas-en-el-salvador","27":"first","28":"instock","29":"purchasable","30":"product-type-simple","31":"entry","32":"content-bg","33":"loop-entry"},"_links":{"self":[{"href":"https:\/\/vitaminaselsalvador.net\/index.php\/wp-json\/wp\/v2\/product\/3118","targetHints":{"allow":["GET"]}}],"collection":[{"href":"https:\/\/vitaminaselsalvador.net\/index.php\/wp-json\/wp\/v2\/product"}],"about":[{"href":"https:\/\/vitaminaselsalvador.net\/index.php\/wp-json\/wp\/v2\/types\/product"}],"replies":[{"embeddable":true,"href":"https:\/\/vitaminaselsalvador.net\/index.php\/wp-json\/wp\/v2\/comments?post=3118"}],"wp:featuredmedia":[{"embeddable":true,"href":"https:\/\/vitaminaselsalvador.net\/index.php\/wp-json\/wp\/v2\/media\/3166"}],"wp:attachment":[{"href":"https:\/\/vitaminaselsalvador.net\/index.php\/wp-json\/wp\/v2\/media?parent=3118"}],"wp:term":[{"taxonomy":"product_brand","embeddable":true,"href":"https:\/\/vitaminaselsalvador.net\/index.php\/wp-json\/wp\/v2\/product_brand?post=3118"},{"taxonomy":"product_cat","embeddable":true,"href":"https:\/\/vitaminaselsalvador.net\/index.php\/wp-json\/wp\/v2\/product_cat?post=3118"},{"taxonomy":"product_tag","embeddable":true,"href":"https:\/\/vitaminaselsalvador.net\/index.php\/wp-json\/wp\/v2\/product_tag?post=3118"}],"curies":[{"name":"wp","href":"https:\/\/api.w.org\/{rel}","templated":true}]}}