{"id":3116,"date":"2022-11-02T21:11:57","date_gmt":"2022-11-03T03:11:57","guid":{"rendered":"https:\/\/vitaminaselsalvador.net\/?post_type=product&#038;p=3116"},"modified":"2025-08-02T10:06:19","modified_gmt":"2025-08-02T16:06:19","slug":"dolo-neurotropas-vitaminado-potencia-tu-bienestar-y-movilidad-con-confianza","status":"publish","type":"product","link":"https:\/\/vitaminaselsalvador.net\/index.php\/product\/dolo-neurotropas-vitaminado-potencia-tu-bienestar-y-movilidad-con-confianza\/","title":{"rendered":"DOLO NEUROTROPAS VITAMINADO Potencia tu bienestar y movilidad con confianza"},"content":{"rendered":"<div style=\"color:black;font-family: Arial, sans-serif\">\nDescubre <strong>DOLO NEUROTROPAS VITAMINADO<\/strong> en <strong>VitaGlobe &#8211; Tu salud, sin fronteras<\/strong> \ud83c\udf0d. Nuestro compromiso es \u201c<strong>Conectando salud con el mundo<\/strong>\u201d, ofreci\u00e9ndote productos aut\u00e9nticos y de calidad para tu bienestar.<\/p>\n<p><strong>DOLO NEUROTROPAS VITAMINADO<\/strong> es un medicamento en tabletas cuya f\u00f3rmula contiene <strong>tiamina, piridoxina y cianocobalamina<\/strong>. Estas vitaminas del complejo B son reconocidas por su aporte en el tratamiento auxiliar de estados deficitarios propios de los nervios. La presentaci\u00f3n est\u00e1 dise\u00f1ada para facilitar su consumo y aprovechar los beneficios de las vitaminas neurotr\u00f3picas.<\/p>\n<p><strong>Caracter\u00edsticas principales:<\/strong><\/p>\n<ul>\n<li>Tabletas f\u00e1ciles de ingerir<\/li>\n<li>F\u00f3rmula con <strong>tiamina, piridoxina y cianocobalamina<\/strong><\/li>\n<li>Auxiliar en el tratamiento de afecciones neurotr\u00f3picas <\/li>\n<\/ul>\n<p>Elige VitaGlobe para recibir tus productos de confianza de manera r\u00e1pida, segura y sin fronteras \ud83d\ude9a. Consulta siempre a tu profesional de la salud antes de iniciar cualquier tratamiento.<\/p>\n<p><strong>VitaGlobe: Conectando salud con el mundo<\/strong> \ud83c\udf10.\n<\/div>\n","protected":false},"excerpt":{"rendered":"<div style=\"color:black;font-family: Arial, sans-serif\">\nDescubre <strong>DOLO NEUROTROPAS VITAMINADO<\/strong>, un producto pensado para quienes buscan opciones de calidad en su bienestar. Disfruta de su aporte vitam\u00ednico en cada presentaci\u00f3n. Cuida tu salud y complementa tu rutina f\u00e1cilmente con VitaGlobe. <strong>\u00a1Conectando salud con el mundo!<\/strong> \ud83c\udf0d\ud83d\udc8a<\/p>\n<p style=\"color:red;font-weight:bold;font-style:italic;font-size:1.1em\">\u00a1Haz tu pedido ahora y siente la diferencia!<\/p>\n<\/div>\n","protected":false},"featured_media":3164,"comment_status":"closed","ping_status":"closed","template":"","meta":{"_kad_post_transparent":"","_kad_post_title":"","_kad_post_layout":"","_kad_post_sidebar_id":"","_kad_post_content_style":"","_kad_post_vertical_padding":"","_kad_post_feature":"","_kad_post_feature_position":"","_kad_post_header":false,"_kad_post_footer":false},"product_brand":[],"product_cat":[235,105,295,166],"product_tag":[296,297,146,147,298,299,210,300,301,302,303,179,200,201],"class_list":{"0":"post-3116","1":"product","2":"type-product","3":"status-publish","4":"has-post-thumbnail","6":"product_cat-artritis-artrosis-reuma","7":"product_cat-capsulas-de-gelatina-blanda","8":"product_cat-laboratorios-saimed","9":"product_cat-todo-dolor-y-vitaminas","10":"product_tag-curar-la-artritis","11":"product_tag-dolo-neurotropas-vitaminado","12":"product_tag-el-salvador","13":"product_tag-energizantes","14":"product_tag-pastillas-para-la-artritis","15":"product_tag-pastillas-para-la-reuma","16":"product_tag-pastillas-vitaminadas-para-el-dolor","17":"product_tag-reuma","18":"product_tag-reumatismo","19":"product_tag-reumatitis","20":"product_tag-vitamina-b","21":"product_tag-vitamina-b12","22":"product_tag-vitaminas","23":"product_tag-vitaminas-en-el-salvador","24":"product_shipping_class-artrifin","26":"first","27":"instock","28":"featured","29":"purchasable","30":"product-type-simple","31":"entry","32":"content-bg","33":"loop-entry"},"_links":{"self":[{"href":"https:\/\/vitaminaselsalvador.net\/index.php\/wp-json\/wp\/v2\/product\/3116","targetHints":{"allow":["GET"]}}],"collection":[{"href":"https:\/\/vitaminaselsalvador.net\/index.php\/wp-json\/wp\/v2\/product"}],"about":[{"href":"https:\/\/vitaminaselsalvador.net\/index.php\/wp-json\/wp\/v2\/types\/product"}],"replies":[{"embeddable":true,"href":"https:\/\/vitaminaselsalvador.net\/index.php\/wp-json\/wp\/v2\/comments?post=3116"}],"wp:featuredmedia":[{"embeddable":true,"href":"https:\/\/vitaminaselsalvador.net\/index.php\/wp-json\/wp\/v2\/media\/3164"}],"wp:attachment":[{"href":"https:\/\/vitaminaselsalvador.net\/index.php\/wp-json\/wp\/v2\/media?parent=3116"}],"wp:term":[{"taxonomy":"product_brand","embeddable":true,"href":"https:\/\/vitaminaselsalvador.net\/index.php\/wp-json\/wp\/v2\/product_brand?post=3116"},{"taxonomy":"product_cat","embeddable":true,"href":"https:\/\/vitaminaselsalvador.net\/index.php\/wp-json\/wp\/v2\/product_cat?post=3116"},{"taxonomy":"product_tag","embeddable":true,"href":"https:\/\/vitaminaselsalvador.net\/index.php\/wp-json\/wp\/v2\/product_tag?post=3116"}],"curies":[{"name":"wp","href":"https:\/\/api.w.org\/{rel}","templated":true}]}}