{"id":3115,"date":"2022-11-02T21:11:57","date_gmt":"2022-11-03T03:11:57","guid":{"rendered":"https:\/\/vitaminaselsalvador.net\/?post_type=product&#038;p=3115"},"modified":"2025-08-01T10:06:25","modified_gmt":"2025-08-01T16:06:25","slug":"ultradoceplex-mega-woman-energia-y-bienestar-en-cada-dia","status":"publish","type":"product","link":"https:\/\/vitaminaselsalvador.net\/index.php\/product\/ultradoceplex-mega-woman-energia-y-bienestar-en-cada-dia\/","title":{"rendered":"Ultradoceplex Mega Woman energ\u00eda y bienestar en cada d\u00eda"},"content":{"rendered":"<div style=\"color:black;font-family: Arial, sans-serif\">\nDescubre <strong>Ultradoceplex Mega Woman<\/strong>, el multivitam\u00ednico especialmente formulado para mujeres que quieren potenciar su bienestar cada d\u00eda. En <strong>VitaGlobe &#8211; Tu salud, sin fronteras<\/strong> \ud83c\udf0e, seleccionamos productos de calidad porque nos apasiona <strong>\u201cConectar salud con el mundo\u201d<\/strong>.<\/p>\n<p>Ultradoceplex Mega Woman contiene una <strong>combinaci\u00f3n balanceada de vitaminas y minerales esenciales<\/strong>, cuidadosamente dise\u00f1ados para apoyar las necesidades nutricionales femeninas. Su f\u00f3rmula incluye <strong>vitaminas del complejo B, C, D y E, hierro, calcio, magnesio y zinc<\/strong>, contribuyendo al funcionamiento normal del metabolismo, la energ\u00eda y el fortalecimiento del sistema inmunol\u00f3gico.<\/p>\n<p>Incluye adem\u00e1s <strong>\u00e1cido f\u00f3lico y biotina<\/strong>, aliados clave para la salud del cabello, piel y u\u00f1as. Un solo comprimido al d\u00eda es suficiente para complementar tu nutrici\u00f3n, de forma pr\u00e1ctica y sencilla.<\/p>\n<p>Conf\u00eda en <strong>VitaGlobe<\/strong> para recibir tus productos favoritos con atenci\u00f3n personalizada y la mejor experiencia internacional \ud83c\udf1f. \u00a1Elige Ultradoceplex Mega Woman y dale un impulso a tu salud hoy!\n<\/div>\n","protected":false},"excerpt":{"rendered":"<div style=\"color:black;font-family: Arial, sans-serif\">\nDescubre <strong>Ultradoceplex Mega Woman<\/strong>, pensado especialmente para cubrir las necesidades de las mujeres. \ud83d\udc69\u200d\ud83e\uddb0 Su exclusiva f\u00f3rmula te acompa\u00f1a en tu d\u00eda a d\u00eda, conectando la salud con el mundo. \ud83c\udf0d Vive el respaldo de VitaGlobe &#8211; Tu salud, sin fronteras.<\/p>\n<p style=\"color:red;font-weight:bold;font-style:italic;font-size:1.1em\">\u00a1Haz tuyo Ultradoceplex Mega Woman y siente la diferencia hoy!<\/p>\n<\/div>\n","protected":false},"featured_media":3163,"comment_status":"closed","ping_status":"closed","template":"","meta":{"_kad_post_transparent":"","_kad_post_title":"","_kad_post_layout":"","_kad_post_sidebar_id":"","_kad_post_content_style":"","_kad_post_vertical_padding":"","_kad_post_feature":"","_kad_post_feature_position":"","_kad_post_header":false,"_kad_post_footer":false},"product_brand":[],"product_cat":[246,94,289,166],"product_tag":[290,291,292,293,294],"class_list":{"0":"post-3115","1":"product","2":"type-product","3":"status-publish","4":"has-post-thumbnail","6":"product_cat-doceplex","7":"product_cat-laboratorios-vijosa","8":"product_cat-pastillas","9":"product_cat-todo-dolor-y-vitaminas","10":"product_tag-antioxidante","11":"product_tag-ultra-doceplex","12":"product_tag-ultradoceplex-mega-man","13":"product_tag-ultradoceplex-mega-woman","14":"product_tag-ultradoceplex-pastillas","16":"first","17":"instock","18":"purchasable","19":"product-type-simple","20":"entry","21":"content-bg","22":"loop-entry"},"_links":{"self":[{"href":"https:\/\/vitaminaselsalvador.net\/index.php\/wp-json\/wp\/v2\/product\/3115","targetHints":{"allow":["GET"]}}],"collection":[{"href":"https:\/\/vitaminaselsalvador.net\/index.php\/wp-json\/wp\/v2\/product"}],"about":[{"href":"https:\/\/vitaminaselsalvador.net\/index.php\/wp-json\/wp\/v2\/types\/product"}],"replies":[{"embeddable":true,"href":"https:\/\/vitaminaselsalvador.net\/index.php\/wp-json\/wp\/v2\/comments?post=3115"}],"wp:featuredmedia":[{"embeddable":true,"href":"https:\/\/vitaminaselsalvador.net\/index.php\/wp-json\/wp\/v2\/media\/3163"}],"wp:attachment":[{"href":"https:\/\/vitaminaselsalvador.net\/index.php\/wp-json\/wp\/v2\/media?parent=3115"}],"wp:term":[{"taxonomy":"product_brand","embeddable":true,"href":"https:\/\/vitaminaselsalvador.net\/index.php\/wp-json\/wp\/v2\/product_brand?post=3115"},{"taxonomy":"product_cat","embeddable":true,"href":"https:\/\/vitaminaselsalvador.net\/index.php\/wp-json\/wp\/v2\/product_cat?post=3115"},{"taxonomy":"product_tag","embeddable":true,"href":"https:\/\/vitaminaselsalvador.net\/index.php\/wp-json\/wp\/v2\/product_tag?post=3115"}],"curies":[{"name":"wp","href":"https:\/\/api.w.org\/{rel}","templated":true}]}}