{"id":3111,"date":"2022-11-02T21:11:57","date_gmt":"2022-11-03T03:11:57","guid":{"rendered":"https:\/\/vitaminaselsalvador.net\/?post_type=product&#038;p=3111"},"modified":"2025-07-28T10:07:11","modified_gmt":"2025-07-28T16:07:11","slug":"ansiokrol-tranquilizante-natural-calma-tu-dia-de-forma-segura","status":"publish","type":"product","link":"https:\/\/vitaminaselsalvador.net\/index.php\/product\/ansiokrol-tranquilizante-natural-calma-tu-dia-de-forma-segura\/","title":{"rendered":"ANSIOKROL TRANQUILIZANTE NATURAL calma tu d\u00eda de forma segura"},"content":{"rendered":"<div style=\"color:black;font-family: Arial, sans-serif\">\nEn <strong>VitaGlobe &#8211; Tu salud, sin fronteras<\/strong>, conectamos salud con el mundo \ud83c\udf0d. Descubre <strong>ANSIOKROL TRANQUILIZANTE NATURAL<\/strong>, tu aliado elaborado para quienes buscan equilibrio y bienestar de manera natural. Este producto destaca por su <strong>f\u00f3rmula natural<\/strong> cuidadosamente seleccionada para favorecer la tranquilidad y el control del nerviosismo, permiti\u00e9ndote enfrentar el d\u00eda a d\u00eda con mayor serenidad.<\/p>\n<p>Gracias a su composici\u00f3n, <strong>ANSIOKROL<\/strong> es una opci\u00f3n confiable para quienes desean encontrar calma en momentos de tensi\u00f3n, siempre apoy\u00e1ndose en ingredientes reconocidos por su suavidad con el organismo. No contiene compuestos artificiales, convirti\u00e9ndolo en una alternativa ideal para quienes prefieren opciones naturales.<\/p>\n<p>Confiar en ANSIOKROL desde <strong>VitaGlobe<\/strong> es elegir calidad, respaldo y la experiencia de una tienda que entiende tus necesidades de bienestar. <strong>Con\u00e9ctate con la salud, elige tranquilidad natural<\/strong> y disfruta de una vida m\u00e1s arm\u00f3nica. \ud83d\udc9a\n<\/div>\n","protected":false},"excerpt":{"rendered":"<div style=\"color:black;font-family: Arial, sans-serif\">\n<strong>ANSIOKROL TRANQUILIZANTE NATURAL<\/strong> \ud83e\uddd8\u200d\u2642\ufe0f<br \/>\nDescubre la alternativa <strong>natural<\/strong> para sentirte m\u00e1s <strong>tranquilo<\/strong> y <strong>en equilibrio<\/strong> d\u00eda a d\u00eda. <br \/>\nIdeal para quienes buscan una opci\u00f3n amigable con su bienestar.<br \/>\nCon VitaGlobe, recuerda: <strong>\u201cConectando salud con el mundo.\u201d<\/strong> \ud83c\udf0e<br \/>\nDisfruta tu tranquilidad con confianza.<\/p>\n<p style=\"color:red;font-weight:bold;font-style:italic;font-size:1.1em\">\u00a1Ord\u00e9nalo ahora y apuesta por tu bienestar natural!<\/p>\n<\/div>\n","protected":false},"featured_media":3159,"comment_status":"closed","ping_status":"closed","template":"","meta":{"_kad_post_transparent":"","_kad_post_title":"","_kad_post_layout":"","_kad_post_sidebar_id":"","_kad_post_content_style":"","_kad_post_vertical_padding":"","_kad_post_feature":"","_kad_post_feature_position":"","_kad_post_header":false,"_kad_post_footer":false},"product_brand":[],"product_cat":[250,251,106],"product_tag":[261,193,146,262,263,264,265,201],"class_list":{"0":"post-3111","1":"product","2":"type-product","3":"status-publish","4":"has-post-thumbnail","6":"product_cat-capsulas","7":"product_cat-control-del-estres","8":"product_cat-laboratorios-biokemical","9":"product_tag-ansiokrol","10":"product_tag-biokemical","11":"product_tag-el-salvador","12":"product_tag-melissa","13":"product_tag-pasiflora","14":"product_tag-tilo","15":"product_tag-valeriana","16":"product_tag-vitaminas-en-el-salvador","18":"first","19":"instock","20":"purchasable","21":"product-type-simple","22":"entry","23":"content-bg","24":"loop-entry"},"_links":{"self":[{"href":"https:\/\/vitaminaselsalvador.net\/index.php\/wp-json\/wp\/v2\/product\/3111","targetHints":{"allow":["GET"]}}],"collection":[{"href":"https:\/\/vitaminaselsalvador.net\/index.php\/wp-json\/wp\/v2\/product"}],"about":[{"href":"https:\/\/vitaminaselsalvador.net\/index.php\/wp-json\/wp\/v2\/types\/product"}],"replies":[{"embeddable":true,"href":"https:\/\/vitaminaselsalvador.net\/index.php\/wp-json\/wp\/v2\/comments?post=3111"}],"wp:featuredmedia":[{"embeddable":true,"href":"https:\/\/vitaminaselsalvador.net\/index.php\/wp-json\/wp\/v2\/media\/3159"}],"wp:attachment":[{"href":"https:\/\/vitaminaselsalvador.net\/index.php\/wp-json\/wp\/v2\/media?parent=3111"}],"wp:term":[{"taxonomy":"product_brand","embeddable":true,"href":"https:\/\/vitaminaselsalvador.net\/index.php\/wp-json\/wp\/v2\/product_brand?post=3111"},{"taxonomy":"product_cat","embeddable":true,"href":"https:\/\/vitaminaselsalvador.net\/index.php\/wp-json\/wp\/v2\/product_cat?post=3111"},{"taxonomy":"product_tag","embeddable":true,"href":"https:\/\/vitaminaselsalvador.net\/index.php\/wp-json\/wp\/v2\/product_tag?post=3111"}],"curies":[{"name":"wp","href":"https:\/\/api.w.org\/{rel}","templated":true}]}}